{"id":88,"date":"2020-04-10T15:01:06","date_gmt":"2020-04-10T13:01:06","guid":{"rendered":"http:\/\/pleinairmalerei.yoruehmer.de\/wordpress\/?page_id=88"},"modified":"2025-10-28T18:53:59","modified_gmt":"2025-10-28T17:53:59","slug":"ueber-yo","status":"publish","type":"page","link":"https:\/\/yoruehmer.de\/home\/ueber-yo\/","title":{"rendered":"\u00dcber Yo"},"content":{"rendered":"<p>[et_pb_section fb_built=&#8221;1&#8243; specialty=&#8221;on&#8221; _builder_version=&#8221;4.16&#8243; global_colors_info=&#8221;{}&#8221;][et_pb_column type=&#8221;1_2&#8243; specialty_columns=&#8221;2&#8243; _builder_version=&#8221;4.16&#8243; custom_padding=&#8221;|||&#8221; global_colors_info=&#8221;{}&#8221; custom_padding__hover=&#8221;|||&#8221;][et_pb_row_inner _builder_version=&#8221;4.16&#8243; global_colors_info=&#8221;{}&#8221;][et_pb_column_inner saved_specialty_column_type=&#8221;1_2&#8243; _builder_version=&#8221;4.16&#8243; global_colors_info=&#8221;{}&#8221;][et_pb_text _builder_version=&#8221;4.27.4&#8243; hover_enabled=&#8221;0&#8243; global_colors_info=&#8221;{}&#8221; sticky_enabled=&#8221;0&#8243;]<\/p>\n<p>\u00dcber Yo<\/p>\n<p>Ich hei\u00dfe Yo R\u00fchmer und wurde 1970 in Darmstadt\u00a0geboren, wo ich dann auch Kommunikations-Design studierte. Nach meinem Diplom 1995 arbeitete ich als Freelancerin f\u00fcr diverse Werbeagenturen. Seit 1999 bin ich freie Illustratorin. Nachdem ich anfangs nur f\u00fcr Werbeagenturen zeichnete,\u00a0illustriere ich mittlerweile mehr f\u00fcr Buch- und Zeitschriftenverlage. Bei diesem schleichenden Wechsel wurde meine Zielgruppe nach und nach\u00a0immer j\u00fcnger, dennoch sehe ich mich nicht als reine Kinder- und SchulbuchillustratorinAls Ausgleich zu meiner rein digitalen Arbeit als Illustratorin male ich\u00a0seit 2012\u00a0<i>\u201aen plein air\u2019<\/i>, also <i>im Freien<\/i>, meistens in der Natur, immer mit \u00d6lfarben. Alles was ich dabei \u00fcber Farbstimmungen und Licht lerne, versuche ich in meine digitale Malweise einflie\u00dfen zu lassen.<\/p>\n<p>Im Mai 2020 erschien mein <strong><a href=\"http:\/\/yoruehmer.de\/pleinairbuch\" target=\"_blank\" rel=\"noopener noreferrer\">Buch<\/a><\/strong> \u00fcber das Pleinairmalen, in das ich alles reingepackt habe, was ich dabei gelernt habe und mit dem ich meine Begeisterung mit m\u00f6glichst vielen Menschen teilen will um sie zu motivieren ebenfalls drau\u00dfen zu malen.<\/p>\n<p>Seit dem gebe auch <strong><a href=\"http:\/\/yoruehmer.de\/workshops%20\" target=\"_blank\" rel=\"noopener noreferrer\">Pleinair_Unterricht<\/a>:<\/strong> Ich biete individuelle Workshops, \u00fcber Boesner auch Gruppen-Tagesworkshops und \u00fcber Artistravel einw\u00f6chige Malreisen an.<\/p>\n<p>2021 erschien mein Domestika Online Kurs <a href=\"https:\/\/www.domestika.org\/de\/courses\/2838-pleinairmalerei-in-ol-fur-anfanger-malen-unter-freiem-himmel\/yo_malt\" target=\"_blank\" rel=\"noopener\"><strong>Pleinairmalerei in \u00d6l f\u00fcr Anf\u00e4nger.<\/strong><\/a><\/p>\n<p>Au\u00dferdem betreue ich die Website <strong><a href=\"https:\/\/pleinairmalerei.de\" target=\"_blank\" rel=\"noopener\">Pleinairmalerei.de. <\/a><\/strong>Das ist eine Plattform, die ich ins Leben gerufen habe, damit sich alle, die hier bei uns drau\u00dfen malen, pr\u00e4sentieren, finden, austauschen und vernetzen k\u00f6nnen.<\/p>\n<p>2025 hatte ich die gro\u00dfe Ehre, dass eins meiner Pleinairbilder, das ich in der Bretagne gemalt habe von der <strong><a href=\"http:\/\/www.rsma-web.co.uk\/\" target=\"_blank\" rel=\"noopener\">Royal Society of Marine Artists<\/a><\/strong> (RSMA) ausgew\u00e4hlt wurde und im September in deren diesj\u00e4hriger Ausstellung in den Mall Galleries in London h\u00e4ngen durfte. Mehr dazu in meinem <a href=\"https:\/\/yomalt.blogspot.com\/2025\/09\/royal-society-of-marine-artists.html\" target=\"_blank\" rel=\"noopener\">Blogeintrag<\/a>.<br \/><a href=\"https:\/\/buyart.mallgalleries.org.uk\/rsma-2025\/\" target=\"_blank\" rel=\"noopener\">Online Exhibition RSMA 2025 <\/a>(Bild Nr. 280)<\/p>\n<p>Wenn ihr mehr \u00fcber mich und meine Pleinairmalerei erfahren wollt:<\/p>\n<p>Der Kunstblog Mannheim hat mir beim Malen \u00fcber die Schulter geguckt und dar\u00fcber einen Beitrag geschrieben:<br \/><a href=\"https:\/\/www.kunstblog-mannheim.de\/2025\/10\/10\/atelierbesuch-bei-yo-ruehmer-pleinair-malerin\/\" target=\"_blank\" rel=\"noopener\">Kunstblog-Mannheim<\/a><\/p>\n<p>Ich wurde von Artistravel auf deutsch interviewt:<br \/><a href=\"https:\/\/www.instagram.com\/tv\/CV0uoUbPhz5\/?utm_source=ig_web_copy_link\" target=\"_blank\" rel=\"noopener\">Instagram Interview<\/a><\/p>\n<p>Und auf englisch<br \/>vom Podcast Painting Insights<br \/><a href=\"https:\/\/www.youtube.com\/watch?v=OEhAT3TiEjA\" target=\"_blank\" rel=\"noopener\">YouTubeVideoPodcast<\/a><\/p>\n<p>und von BoldBrush:<br \/><a href=\"https:\/\/www.youtube.com\/watch?v=E2GILmoaSQs\" target=\"_blank\" rel=\"noopener\">YouTube Interview<\/a><\/p>\n<p>Ich freue mich \u00fcber Feedback, Auftr\u00e4ge f\u00fcr Illustrationen, Workshopanfragen und nat\u00fcrlich auch Kaufinteresse an meinen \u00d6lbilder!<\/p>\n<p>[\/et_pb_text][\/et_pb_column_inner][\/et_pb_row_inner][et_pb_row_inner column_structure=&#8221;1_2,1_2&#8243; _builder_version=&#8221;4.16&#8243; global_colors_info=&#8221;{}&#8221;][et_pb_column_inner type=&#8221;1_2&#8243; saved_specialty_column_type=&#8221;1_2&#8243; _builder_version=&#8221;4.16&#8243; global_colors_info=&#8221;{}&#8221;][et_pb_text _builder_version=&#8221;4.16&#8243; custom_padding=&#8221;||111px|||&#8221; global_colors_info=&#8221;{}&#8221;]<\/p>\n<p>Yo R\u00fchmer<br \/><span><br \/><\/span><span>Atelier c\/o:<br \/><\/span><span>Hartmann-ibach Stra\u00dfe 80<br \/><\/span><span>60389 Frankfurt<\/span><\/p>\n<p>E-Mail: mail(at)yoruehmer.de<\/p>\n<p>[\/et_pb_text][\/et_pb_column_inner][et_pb_column_inner type=&#8221;1_2&#8243; saved_specialty_column_type=&#8221;1_2&#8243; _builder_version=&#8221;4.16&#8243; global_colors_info=&#8221;{}&#8221;][et_pb_image src=&#8221;http:\/\/yoruehmer.de\/wp-content\/uploads\/2020\/05\/PNG-Bild.png&#8221; title_text=&#8221;Instagram @yoillustriert&#8221; url=&#8221;https:\/\/www.instagram.com\/yoillustriert\/&#8221; url_new_window=&#8221;on&#8221; align=&#8221;center&#8221; _builder_version=&#8221;4.16&#8243; width=&#8221;40%&#8221; border_radii=&#8221;on|100px|100px|100px|100px&#8221; global_colors_info=&#8221;{}&#8221;][\/et_pb_image][et_pb_text _builder_version=&#8221;4.16&#8243; custom_margin=&#8221;-14px||||false|false&#8221; link_option_url=&#8221;https:\/\/www.instagram.com\/yoillustriert\/&#8221; global_colors_info=&#8221;{}&#8221;]<\/p>\n<h6 style=\"text-align: center;\">Yo illustriert auf Instagram<\/h6>\n<p>[\/et_pb_text][et_pb_image src=&#8221;http:\/\/yoruehmer.de\/wp-content\/uploads\/2020\/05\/Bildschirmfoto-2020-05-13-um-19.57.19.jpg&#8221; title_text=&#8221;Instagram @yomalt&#8221; url=&#8221;https:\/\/www.instagram.com\/yomalt\/&#8221; url_new_window=&#8221;on&#8221; align=&#8221;center&#8221; _builder_version=&#8221;4.16&#8243; width=&#8221;40%&#8221; border_radii=&#8221;on|100px|100px|100px|100px&#8221; global_colors_info=&#8221;{}&#8221;][\/et_pb_image][et_pb_text _builder_version=&#8221;4.16&#8243; custom_margin=&#8221;-14px||||false|false&#8221; link_option_url=&#8221;https:\/\/www.instagram.com\/yomalt\/&#8221; global_colors_info=&#8221;{}&#8221;]<\/p>\n<h6 style=\"text-align: center;\">Yo malt auf Instagram<\/h6>\n<p>[\/et_pb_text][\/et_pb_column_inner][\/et_pb_row_inner][\/et_pb_column][et_pb_column type=&#8221;1_2&#8243; _builder_version=&#8221;4.16&#8243; custom_padding=&#8221;|||&#8221; global_colors_info=&#8221;{}&#8221; custom_padding__hover=&#8221;|||&#8221;][divienhancer_flipBox speed=&#8221;800&#8243; disabled_on=&#8221;off|off|off&#8221; _builder_version=&#8221;4.16&#8243; transform_scale=&#8221;98%|98%&#8221; transform_scale_tablet=&#8221;&#8221; transform_scale_phone=&#8221;&#8221; transform_scale_last_edited=&#8221;on|phone&#8221; transform_translate_tablet=&#8221;&#8221; transform_translate_phone=&#8221;&#8221; transform_translate_last_edited=&#8221;on|desktop&#8221; transform_rotate_tablet=&#8221;&#8221; transform_rotate_phone=&#8221;&#8221; transform_rotate_last_edited=&#8221;on|desktop&#8221; transform_skew_tablet=&#8221;&#8221; transform_skew_phone=&#8221;&#8221; transform_skew_last_edited=&#8221;on|desktop&#8221; transform_origin_tablet=&#8221;&#8221; transform_origin_phone=&#8221;&#8221; transform_origin_last_edited=&#8221;on|desktop&#8221; transform_styles_last_edited=&#8221;on|phone&#8221; width_tablet=&#8221;&#8221; width_phone=&#8221;auto&#8221; width_last_edited=&#8221;on|phone&#8221; module_alignment=&#8221;center&#8221; height_tablet=&#8221;&#8221; height_phone=&#8221;&#8221; height_last_edited=&#8221;on|desktop&#8221; max_height_tablet=&#8221;&#8221; max_height_phone=&#8221;&#8221; max_height_last_edited=&#8221;on|phone&#8221; custom_margin_tablet=&#8221;&#8221; custom_margin_phone=&#8221;&#8221; custom_margin_last_edited=&#8221;on|phone&#8221; transform_styles_tablet=&#8221;&#8221; transform_styles_phone=&#8221;&#8221; global_colors_info=&#8221;{}&#8221;][divienhancer_flipBoxChild identifier=&#8221;Yo malt&#8221; _builder_version=&#8221;4.16&#8243; module_text_align=&#8221;right&#8221; module_text_color=&#8221;#e09900&#8243; background_image=&#8221;http:\/\/yoruehmer.de\/wp-content\/uploads\/2020\/04\/Yo_Pleinairmalereit.jpg&#8221; background_enable_image=&#8221;on&#8221; transform_scale=&#8221;50%|50%&#8221; transform_scale_tablet=&#8221;&#8221; transform_scale_phone=&#8221;101%|101%&#8221; transform_scale_last_edited=&#8221;on|desktop&#8221; transform_translate_tablet=&#8221;&#8221; transform_translate_phone=&#8221;&#8221; transform_translate_last_edited=&#8221;on|desktop&#8221; transform_rotate_tablet=&#8221;&#8221; transform_rotate_phone=&#8221;&#8221; transform_rotate_last_edited=&#8221;on|desktop&#8221; transform_skew_tablet=&#8221;&#8221; transform_skew_phone=&#8221;&#8221; transform_skew_last_edited=&#8221;on|desktop&#8221; transform_origin_tablet=&#8221;&#8221; transform_origin_phone=&#8221;&#8221; transform_origin_last_edited=&#8221;on|desktop&#8221; transform_styles_last_edited=&#8221;on|desktop&#8221; text_orientation=&#8221;left&#8221; max_width=&#8221;100%&#8221; module_alignment=&#8221;right&#8221; custom_padding=&#8221;600px||||false|false&#8221; custom_padding_tablet=&#8221;&#8221; custom_padding_phone=&#8221;500px||||false|false&#8221; custom_padding_last_edited=&#8221;on|phone&#8221; transform_styles_tablet=&#8221;&#8221; transform_styles_phone=&#8221;&#8221; global_colors_info=&#8221;{}&#8221;]<\/p>\n<div class=\"mobile\">\n<p style=\"text-align: center; padding-left: 30px;\"><strong>\u00a0Klick mich!<\/strong><\/p>\n<\/div>\n<p>\u00a0t<\/p>\n<p>[\/divienhancer_flipBoxChild][divienhancer_flipBoxChild identifier=&#8221;Yo illustriert&#8221; _builder_version=&#8221;4.16&#8243; module_text_align=&#8221;right&#8221; module_text_color=&#8221;#ffffff&#8221; background_image=&#8221;http:\/\/yoruehmer.de\/wp-content\/uploads\/2020\/04\/Yo_Illustration.jpg&#8221; background_enable_image=&#8221;on&#8221; transform_scale=&#8221;54%|54%&#8221; transform_scale_tablet=&#8221;51%|51%&#8221; transform_scale_phone=&#8221;&#8221; transform_scale_last_edited=&#8221;on|tablet&#8221; transform_translate_tablet=&#8221;&#8221; transform_translate_phone=&#8221;&#8221; transform_translate_last_edited=&#8221;on|desktop&#8221; transform_rotate_tablet=&#8221;&#8221; transform_rotate_phone=&#8221;&#8221; transform_rotate_last_edited=&#8221;on|desktop&#8221; transform_skew_tablet=&#8221;&#8221; transform_skew_phone=&#8221;&#8221; transform_skew_last_edited=&#8221;on|desktop&#8221; transform_origin_tablet=&#8221;&#8221; transform_origin_phone=&#8221;&#8221; transform_origin_last_edited=&#8221;on|desktop&#8221; transform_styles_last_edited=&#8221;on|tablet&#8221; text_orientation=&#8221;left&#8221; max_width=&#8221;100%&#8221; module_alignment=&#8221;right&#8221; custom_padding=&#8221;600px||||false|false&#8221; transform_styles_tablet=&#8221;&#8221; transform_styles_phone=&#8221;&#8221; global_colors_info=&#8221;{}&#8221;][\/divienhancer_flipBoxChild][\/divienhancer_flipBox][\/et_pb_column][\/et_pb_section][et_pb_section fb_built=&#8221;1&#8243; _builder_version=&#8221;4.16&#8243; global_colors_info=&#8221;{}&#8221;][et_pb_row _builder_version=&#8221;4.16&#8243; global_colors_info=&#8221;{}&#8221;][et_pb_column type=&#8221;4_4&#8243; _builder_version=&#8221;4.16&#8243; global_colors_info=&#8221;{}&#8221;][et_pb_contact_form email=&#8221;mail@yoruehmer.de&#8221; title=&#8221;Kontakt&#8221; success_message=&#8221;Danke f\u00fcr die Mail, ich werde so bald wie m\u00f6glich antworten!&#8221; _builder_version=&#8221;4.3.4&#8243; _unique_id=&#8221;5b9e3fb0-9c7e-483d-b4b2-dde397516b7f&#8221; form_field_text_color=&#8221;#e09900&#8243; form_field_focus_text_color=&#8221;#e09900&#8243; captcha_text_color=&#8221;#e09900&#8243; global_module=&#8221;2650&#8243; saved_tabs=&#8221;all&#8221; global_colors_info=&#8221;{}&#8221;][et_pb_contact_field field_id=&#8221;Name&#8221; field_title=&#8221;Name&#8221; _builder_version=&#8221;4.16&#8243; form_field_background_color=&#8221;#ffffff&#8221; form_field_text_color=&#8221;#e09900&#8243; form_field_focus_background_color=&#8221;#ffffff&#8221; border_width_all=&#8221;1px&#8221; border_color_all=&#8221;#e09900&#8243; global_colors_info=&#8221;{}&#8221; button_text_size__hover_enabled=&#8221;off&#8221; button_one_text_size__hover_enabled=&#8221;off&#8221; button_two_text_size__hover_enabled=&#8221;off&#8221; button_text_color__hover_enabled=&#8221;off&#8221; button_one_text_color__hover_enabled=&#8221;off&#8221; button_two_text_color__hover_enabled=&#8221;off&#8221; button_border_width__hover_enabled=&#8221;off&#8221; button_one_border_width__hover_enabled=&#8221;off&#8221; button_two_border_width__hover_enabled=&#8221;off&#8221; button_border_color__hover_enabled=&#8221;off&#8221; button_one_border_color__hover_enabled=&#8221;off&#8221; button_two_border_color__hover_enabled=&#8221;off&#8221; button_border_radius__hover_enabled=&#8221;off&#8221; button_one_border_radius__hover_enabled=&#8221;off&#8221; button_two_border_radius__hover_enabled=&#8221;off&#8221; button_letter_spacing__hover_enabled=&#8221;off&#8221; button_one_letter_spacing__hover_enabled=&#8221;off&#8221; button_two_letter_spacing__hover_enabled=&#8221;off&#8221; button_bg_color__hover_enabled=&#8221;off&#8221; button_one_bg_color__hover_enabled=&#8221;off&#8221; button_two_bg_color__hover_enabled=&#8221;off&#8221;][\/et_pb_contact_field][et_pb_contact_field field_id=&#8221;E-Mail-Adresse&#8221; field_title=&#8221;E-Mail-Adresse&#8221; field_type=&#8221;email&#8221; _builder_version=&#8221;4.16&#8243; form_field_background_color=&#8221;#ffffff&#8221; form_field_text_color=&#8221;#e09900&#8243; form_field_focus_background_color=&#8221;#ffffff&#8221; border_width_all=&#8221;1px&#8221; border_color_all=&#8221;#e09900&#8243; global_colors_info=&#8221;{}&#8221; button_text_size__hover_enabled=&#8221;off&#8221; button_one_text_size__hover_enabled=&#8221;off&#8221; button_two_text_size__hover_enabled=&#8221;off&#8221; button_text_color__hover_enabled=&#8221;off&#8221; button_one_text_color__hover_enabled=&#8221;off&#8221; button_two_text_color__hover_enabled=&#8221;off&#8221; button_border_width__hover_enabled=&#8221;off&#8221; button_one_border_width__hover_enabled=&#8221;off&#8221; button_two_border_width__hover_enabled=&#8221;off&#8221; button_border_color__hover_enabled=&#8221;off&#8221; button_one_border_color__hover_enabled=&#8221;off&#8221; button_two_border_color__hover_enabled=&#8221;off&#8221; button_border_radius__hover_enabled=&#8221;off&#8221; button_one_border_radius__hover_enabled=&#8221;off&#8221; button_two_border_radius__hover_enabled=&#8221;off&#8221; button_letter_spacing__hover_enabled=&#8221;off&#8221; button_one_letter_spacing__hover_enabled=&#8221;off&#8221; button_two_letter_spacing__hover_enabled=&#8221;off&#8221; button_bg_color__hover_enabled=&#8221;off&#8221; button_one_bg_color__hover_enabled=&#8221;off&#8221; button_two_bg_color__hover_enabled=&#8221;off&#8221;][\/et_pb_contact_field][et_pb_contact_field field_id=&#8221;Message&#8221; field_title=&#8221;Nachricht&#8221; field_type=&#8221;text&#8221; fullwidth_field=&#8221;on&#8221; _builder_version=&#8221;4.16&#8243; form_field_background_color=&#8221;#ffffff&#8221; form_field_text_color=&#8221;#e09900&#8243; form_field_focus_background_color=&#8221;#ffffff&#8221; border_width_all=&#8221;1px&#8221; border_color_all=&#8221;#e09900&#8243; global_colors_info=&#8221;{}&#8221; button_text_size__hover_enabled=&#8221;off&#8221; button_one_text_size__hover_enabled=&#8221;off&#8221; button_two_text_size__hover_enabled=&#8221;off&#8221; button_text_color__hover_enabled=&#8221;off&#8221; button_one_text_color__hover_enabled=&#8221;off&#8221; button_two_text_color__hover_enabled=&#8221;off&#8221; button_border_width__hover_enabled=&#8221;off&#8221; button_one_border_width__hover_enabled=&#8221;off&#8221; button_two_border_width__hover_enabled=&#8221;off&#8221; button_border_color__hover_enabled=&#8221;off&#8221; button_one_border_color__hover_enabled=&#8221;off&#8221; button_two_border_color__hover_enabled=&#8221;off&#8221; button_border_radius__hover_enabled=&#8221;off&#8221; button_one_border_radius__hover_enabled=&#8221;off&#8221; button_two_border_radius__hover_enabled=&#8221;off&#8221; button_letter_spacing__hover_enabled=&#8221;off&#8221; button_one_letter_spacing__hover_enabled=&#8221;off&#8221; button_two_letter_spacing__hover_enabled=&#8221;off&#8221; button_bg_color__hover_enabled=&#8221;off&#8221; button_one_bg_color__hover_enabled=&#8221;off&#8221; button_two_bg_color__hover_enabled=&#8221;off&#8221;][\/et_pb_contact_field][\/et_pb_contact_form][\/et_pb_column][\/et_pb_row][\/et_pb_section]<\/p>\n","protected":false},"excerpt":{"rendered":"<p>\u00dcber Yo Ich hei\u00dfe Yo R\u00fchmer und wurde 1970 in Darmstadt\u00a0geboren, wo ich dann auch Kommunikations-Design studierte. Nach meinem Diplom 1995 arbeitete ich als Freelancerin f\u00fcr diverse Werbeagenturen. Seit 1999 bin ich freie Illustratorin. Nachdem ich anfangs nur f\u00fcr Werbeagenturen zeichnete,\u00a0illustriere ich mittlerweile mehr f\u00fcr Buch- und Zeitschriftenverlage. Bei diesem schleichenden Wechsel wurde meine Zielgruppe [&hellip;]<\/p>\n","protected":false},"author":1,"featured_media":0,"parent":0,"menu_order":1,"comment_status":"closed","ping_status":"closed","template":"","meta":{"_et_pb_use_builder":"on","_et_pb_old_content":"","_et_gb_content_width":"","footnotes":""},"class_list":["post-88","page","type-page","status-publish","hentry"],"_links":{"self":[{"href":"https:\/\/yoruehmer.de\/home\/wp-json\/wp\/v2\/pages\/88","targetHints":{"allow":["GET"]}}],"collection":[{"href":"https:\/\/yoruehmer.de\/home\/wp-json\/wp\/v2\/pages"}],"about":[{"href":"https:\/\/yoruehmer.de\/home\/wp-json\/wp\/v2\/types\/page"}],"author":[{"embeddable":true,"href":"https:\/\/yoruehmer.de\/home\/wp-json\/wp\/v2\/users\/1"}],"replies":[{"embeddable":true,"href":"https:\/\/yoruehmer.de\/home\/wp-json\/wp\/v2\/comments?post=88"}],"version-history":[{"count":10,"href":"https:\/\/yoruehmer.de\/home\/wp-json\/wp\/v2\/pages\/88\/revisions"}],"predecessor-version":[{"id":6923,"href":"https:\/\/yoruehmer.de\/home\/wp-json\/wp\/v2\/pages\/88\/revisions\/6923"}],"wp:attachment":[{"href":"https:\/\/yoruehmer.de\/home\/wp-json\/wp\/v2\/media?parent=88"}],"curies":[{"name":"wp","href":"https:\/\/api.w.org\/{rel}","templated":true}]}}