{"id":84,"date":"2020-04-10T15:00:45","date_gmt":"2020-04-10T13:00:45","guid":{"rendered":"http:\/\/pleinairmalerei.yoruehmer.de\/wordpress\/?page_id=84"},"modified":"2021-03-08T15:34:35","modified_gmt":"2021-03-08T14:34:35","slug":"portfolio-illustration","status":"publish","type":"page","link":"https:\/\/yoruehmer.de\/home\/illustration\/portfolio-illustration\/","title":{"rendered":"Portfolio Illustration"},"content":{"rendered":"<p>[et_pb_section fb_built=&#8221;1&#8243; custom_padding_last_edited=&#8221;on|desktop&#8221; disabled_on=&#8221;off|off|off&#8221; admin_label=&#8221;Header illustration&#8221; _builder_version=&#8221;4.4.8&#8243; custom_margin=&#8221;||||false|false&#8221; custom_margin_tablet=&#8221;-80px||||false|false&#8221; custom_margin_phone=&#8221;-50px||||false|false&#8221; custom_margin_last_edited=&#8221;on|phone&#8221; custom_padding=&#8221;||||false|false&#8221; custom_padding_tablet=&#8221;&#8221; custom_padding_phone=&#8221;&#8221; global_module=&#8221;1379&#8243; saved_tabs=&#8221;all&#8221;][et_pb_row _builder_version=&#8221;4.3.4&#8243; custom_margin=&#8221;||-100px||false|false&#8221;][et_pb_column type=&#8221;4_4&#8243; _builder_version=&#8221;4.3.4&#8243;][et_pb_image src=&#8221;http:\/\/yoruehmer.de\/wp-content\/uploads\/2020\/04\/Stift.jpg&#8221; url=&#8221;@ET-DC@eyJkeW5hbWljIjp0cnVlLCJjb250ZW50IjoicG9zdF9saW5rX3VybF9wYWdlIiwic2V0dGluZ3MiOnsicG9zdF9pZCI6IjIxIn19@&#8221; show_bottom_space=&#8221;off&#8221; align=&#8221;center&#8221; force_fullwidth=&#8221;on&#8221; admin_label=&#8221;Stift&#8221; _builder_version=&#8221;4.3.4&#8243; _dynamic_attributes=&#8221;url&#8221;][\/et_pb_image][et_pb_menu menu_id=&#8221;5&#8243; active_link_color=&#8221;#6b6b6b&#8221; admin_label=&#8221;Hauptmen\u00fc Illustration&#8221; _builder_version=&#8221;4.3.4&#8243; menu_font=&#8221;|600|||||||&#8221; menu_text_color=&#8221;#e09900&#8243; text_orientation=&#8221;right&#8221;][\/et_pb_menu][\/et_pb_column][\/et_pb_row][\/et_pb_section][et_pb_section fb_built=&#8221;1&#8243; _builder_version=&#8221;4.9.1&#8243; _module_preset=&#8221;default&#8221;][et_pb_row _builder_version=&#8221;4.9.1&#8243; _module_preset=&#8221;default&#8221;][et_pb_column _builder_version=&#8221;4.9.1&#8243; _module_preset=&#8221;default&#8221; type=&#8221;4_4&#8243;][\/et_pb_column][\/et_pb_row][\/et_pb_section][et_pb_section fb_built=&#8221;1&#8243; _builder_version=&#8221;4.9.1&#8243; custom_margin=&#8221;-100px||||false|false&#8221; custom_margin_tablet=&#8221;-150px||||false|false&#8221; custom_margin_phone=&#8221;0px||||false|false&#8221; custom_margin_last_edited=&#8221;on|phone&#8221; hover_enabled=&#8221;0&#8243; sticky_enabled=&#8221;0&#8243;][et_pb_row _builder_version=&#8221;4.3.4&#8243;][et_pb_column type=&#8221;4_4&#8243; _builder_version=&#8221;4.3.4&#8243;][et_pb_text _builder_version=&#8221;4.3.4&#8243; hover_enabled=&#8221;0&#8243; sticky_enabled=&#8221;0&#8243;]<\/p>\n<h1>Portfolio<\/h1>\n<p>[\/et_pb_text][\/et_pb_column][\/et_pb_row][et_pb_row column_structure=&#8221;1_3,1_3,1_3&#8243; custom_padding_last_edited=&#8221;on|tablet&#8221; _builder_version=&#8221;4.3.4&#8243; width_tablet=&#8221;&#8221; width_phone=&#8221;&#8221; width_last_edited=&#8221;on|tablet&#8221; custom_padding_tablet=&#8221;&#8221; custom_padding_phone=&#8221;&#8221;][et_pb_column type=&#8221;1_3&#8243; _builder_version=&#8221;4.3.4&#8243;][et_pb_gallery gallery_ids=&#8221;1445,1646,1443,1444,1446,1599,1453,1466,1458,1457,1456,1455,1463,1464,1465,1462,1460,1459,1461,1451,1450,1454,1621,1622,1619,1620,1610,1607,1606,1608,1611&#8243; posts_number=&#8221;1&#8243; orientation=&#8221;portrait&#8221; show_title_and_caption=&#8221;off&#8221; show_pagination=&#8221;off&#8221; _builder_version=&#8221;4.3.4&#8243; custom_margin=&#8221;||-20px||false|false&#8221; custom_padding=&#8221;||0px||false|false&#8221;][\/et_pb_gallery][et_pb_text _builder_version=&#8221;4.3.4&#8243;]<\/p>\n<h3>Kinderbuchillustrationen<\/h3>\n<p>[\/et_pb_text][et_pb_gallery gallery_ids=&#8221;1531,1522,1527,1526,1525,1523,2801,1516,1515,2762,2757,1518,1521,1519,1520,2756,1524,1514,1530,1517,1804,1805&#8243; posts_number=&#8221;1&#8243; show_title_and_caption=&#8221;off&#8221; show_pagination=&#8221;off&#8221; _builder_version=&#8221;4.4.8&#8243; _dynamic_attributes=&#8221;link_option_url&#8221; custom_margin=&#8221;||-20px||false|false&#8221; custom_padding=&#8221;||0px||false|false&#8221; link_option_url=&#8221;@ET-DC@eyJkeW5hbWljIjp0cnVlLCJjb250ZW50IjoicG9zdF9saW5rX3VybF9wYWdlIiwic2V0dGluZ3MiOnsicG9zdF9pZCI6IjM0MiJ9fQ==@&#8221;][\/et_pb_gallery][et_pb_text _builder_version=&#8221;4.3.4&#8243;]<\/p>\n<h3>Kinderzeitschrift<\/h3>\n<p>[\/et_pb_text][et_pb_gallery gallery_ids=&#8221;1493,1496,1495,1494,1492,1491,1490,1528,1482,1483&#8243; posts_number=&#8221;1&#8243; orientation=&#8221;portrait&#8221; show_title_and_caption=&#8221;off&#8221; show_pagination=&#8221;off&#8221; _builder_version=&#8221;4.3.4&#8243; _dynamic_attributes=&#8221;link_option_url&#8221; custom_margin=&#8221;||-20px||false|false&#8221; custom_padding=&#8221;||0px||false|false&#8221; link_option_url=&#8221;@ET-DC@eyJkeW5hbWljIjp0cnVlLCJjb250ZW50IjoicG9zdF9saW5rX3VybF9wYWdlIiwic2V0dGluZ3MiOnsicG9zdF9pZCI6IjM0MiJ9fQ==@&#8221;][\/et_pb_gallery][et_pb_text _builder_version=&#8221;4.3.4&#8243;]<\/p>\n<h3>Wimmelbilder<\/h3>\n<p>[\/et_pb_text][\/et_pb_column][et_pb_column type=&#8221;1_3&#8243; _builder_version=&#8221;4.3.4&#8243;][et_pb_gallery gallery_ids=&#8221;1794,1479,1474,1472,1476,1477,1486,1478,1485,1484,1481,1480,1473,1483,1482&#8243; posts_number=&#8221;1&#8243; show_title_and_caption=&#8221;off&#8221; show_pagination=&#8221;off&#8221; _builder_version=&#8221;4.3.4&#8243; _dynamic_attributes=&#8221;link_option_url&#8221; custom_margin=&#8221;||-20px||false|false&#8221; custom_padding=&#8221;||0px||false|false&#8221; link_option_url=&#8221;@ET-DC@eyJkeW5hbWljIjp0cnVlLCJjb250ZW50IjoicG9zdF9saW5rX3VybF9wYWdlIiwic2V0dGluZ3MiOnsicG9zdF9pZCI6IjM0MiJ9fQ==@&#8221;][\/et_pb_gallery][et_pb_text _builder_version=&#8221;4.3.4&#8243;]<\/p>\n<h3>Schulbuchillustrationen<\/h3>\n<p>[\/et_pb_text][et_pb_gallery gallery_ids=&#8221;1790,1557,1556,1563,1543,1542,1536,1535,1541,1539,1806,1547,1546,1554,1553,1559,1552,1551,1550,1555,1534,1533,1549,1548,1577,1572&#8243; posts_number=&#8221;1&#8243; orientation=&#8221;portrait&#8221; show_title_and_caption=&#8221;off&#8221; show_pagination=&#8221;off&#8221; _builder_version=&#8221;4.3.4&#8243; _dynamic_attributes=&#8221;link_option_url&#8221; custom_margin=&#8221;||-20px||false|false&#8221; custom_padding=&#8221;||0px||false|false&#8221; link_option_url=&#8221;@ET-DC@eyJkeW5hbWljIjp0cnVlLCJjb250ZW50IjoicG9zdF9saW5rX3VybF9wYWdlIiwic2V0dGluZ3MiOnsicG9zdF9pZCI6IjM0MiJ9fQ==@&#8221;][\/et_pb_gallery][et_pb_text _builder_version=&#8221;4.3.4&#8243;]<\/p>\n<h3>Character<\/h3>\n<p>[\/et_pb_text][et_pb_gallery gallery_ids=&#8221;1798,1799,1594,1593,2758,2759,1595,1511,1510,1512&#8243; posts_number=&#8221;1&#8243; show_title_and_caption=&#8221;off&#8221; show_pagination=&#8221;off&#8221; _builder_version=&#8221;4.4.8&#8243; _dynamic_attributes=&#8221;link_option_url&#8221; custom_margin=&#8221;||-20px||false|false&#8221; custom_padding=&#8221;||0px||false|false&#8221; link_option_url=&#8221;@ET-DC@eyJkeW5hbWljIjp0cnVlLCJjb250ZW50IjoicG9zdF9saW5rX3VybF9wYWdlIiwic2V0dGluZ3MiOnsicG9zdF9pZCI6IjM0MiJ9fQ==@&#8221;][\/et_pb_gallery][et_pb_text _builder_version=&#8221;4.3.4&#8243;]<\/p>\n<h3>Geschenkbuch<\/h3>\n<p>[\/et_pb_text][\/et_pb_column][et_pb_column type=&#8221;1_3&#8243; _builder_version=&#8221;4.3.4&#8243;][et_pb_gallery gallery_ids=&#8221;1791,1499,1498,1504,1503,1809,1502,1501,1509,1508,1507,1506,1505,1512,1511,1510&#8243; posts_number=&#8221;1&#8243; orientation=&#8221;portrait&#8221; show_title_and_caption=&#8221;off&#8221; show_pagination=&#8221;off&#8221; _builder_version=&#8221;4.3.4&#8243; _dynamic_attributes=&#8221;link_option_url&#8221; custom_margin=&#8221;||-20px||false|false&#8221; custom_padding=&#8221;||0px||false|false&#8221; link_option_url=&#8221;@ET-DC@eyJkeW5hbWljIjp0cnVlLCJjb250ZW50IjoicG9zdF9saW5rX3VybF9wYWdlIiwic2V0dGluZ3MiOnsicG9zdF9pZCI6IjM0MiJ9fQ==@&#8221;][\/et_pb_gallery][et_pb_text _builder_version=&#8221;4.3.4&#8243;]<\/p>\n<h3>R\u00e4tsel- und Spieleillustrationen<\/h3>\n<p>[\/et_pb_text][et_pb_gallery gallery_ids=&#8221;1792,1576,1578,1577,1573,1571,1570,1572,1569,1495,1496,1494&#8243; posts_number=&#8221;1&#8243; show_title_and_caption=&#8221;off&#8221; show_pagination=&#8221;off&#8221; _builder_version=&#8221;4.4.8&#8243; _dynamic_attributes=&#8221;link_option_url&#8221; custom_margin=&#8221;||-20px||false|false&#8221; custom_padding=&#8221;||0px||false|false&#8221; link_option_url=&#8221;@ET-DC@eyJkeW5hbWljIjp0cnVlLCJjb250ZW50IjoicG9zdF9saW5rX3VybF9wYWdlIiwic2V0dGluZ3MiOnsicG9zdF9pZCI6IjM0MiJ9fQ==@&#8221;][\/et_pb_gallery][et_pb_text _builder_version=&#8221;4.3.4&#8243;]<\/p>\n<h3>Werbung<\/h3>\n<p>[\/et_pb_text][et_pb_gallery gallery_ids=&#8221;1581,1616,1582,1583,1588,1587,1586,1585,1584&#8243; posts_number=&#8221;1&#8243; orientation=&#8221;portrait&#8221; show_title_and_caption=&#8221;off&#8221; show_pagination=&#8221;off&#8221; _builder_version=&#8221;4.3.4&#8243; _dynamic_attributes=&#8221;link_option_url&#8221; custom_margin=&#8221;||-20px||false|false&#8221; custom_padding=&#8221;||0px||false|false&#8221; link_option_url=&#8221;@ET-DC@eyJkeW5hbWljIjp0cnVlLCJjb250ZW50IjoicG9zdF9saW5rX3VybF9wYWdlIiwic2V0dGluZ3MiOnsicG9zdF9pZCI6IjM0MiJ9fQ==@&#8221;][\/et_pb_gallery][et_pb_text _builder_version=&#8221;4.3.4&#8243;]<\/p>\n<h3>freie Arbeiten<\/h3>\n<p>[\/et_pb_text][\/et_pb_column][\/et_pb_row][\/et_pb_section][et_pb_section fb_built=&#8221;1&#8243; _builder_version=&#8221;4.3.4&#8243;][\/et_pb_section][et_pb_section fb_built=&#8221;1&#8243; _builder_version=&#8221;4.3.4&#8243; max_height=&#8221;143px&#8221; custom_margin=&#8221;-40px||||false|false&#8221;][et_pb_row _builder_version=&#8221;4.3.4&#8243; custom_margin=&#8221;||||false|false&#8221;][et_pb_column type=&#8221;4_4&#8243; _builder_version=&#8221;4.3.4&#8243;][et_pb_toggle title=&#8221;Mehr \u00fcber meine Illustrationen&#8221; open_toggle_text_color=&#8221;#e09900&#8243; open_toggle_background_color=&#8221;#ffffff&#8221; closed_toggle_background_color=&#8221;#ffffff&#8221; icon_color=&#8221;#e09900&#8243; _builder_version=&#8221;4.3.4&#8243; title_text_color=&#8221;#e09900&#8243; title_text_align=&#8221;left&#8221; closed_title_text_align=&#8221;left&#8221; text_orientation=&#8221;left&#8221; border_width_all=&#8221;0px&#8221;]<\/p>\n<p>Als ich 1999 mit dem Illustrieren anfing, habe ich ausschlie\u00dflich f\u00fcr Werbeagenturen gearbeitet. Nach 9\/11 ist dieser Markt dann auch f\u00fcr mich weggebrochen und ich bekam meinen ersten gro\u00dfen Schulbuchauftrag. Ab da wurde meine Zielgruppe zusehends j\u00fcnger, so dass ich nun neben der Schulbuchillustration vor allem Kinderbuchillustrationen mache. Das hei\u00dft aber nicht, dass ich nicht auch gerne f\u00fcr &#8220;die Gro\u00dfen&#8221; illustriere \u2026<\/p>\n<p>[\/et_pb_toggle][\/et_pb_column][\/et_pb_row][\/et_pb_section]<\/p>\n","protected":false},"excerpt":{"rendered":"<p>PortfolioKinderbuchillustrationenKinderzeitschriftWimmelbilderSchulbuchillustrationenCharacterGeschenkbuchR\u00e4tsel- und SpieleillustrationenWerbungfreie ArbeitenAls ich 1999 mit dem Illustrieren anfing, habe ich ausschlie\u00dflich f\u00fcr Werbeagenturen gearbeitet. Nach 9\/11 ist dieser Markt dann auch f\u00fcr mich weggebrochen und ich bekam meinen ersten gro\u00dfen Schulbuchauftrag. Ab da wurde meine Zielgruppe zusehends j\u00fcnger, so dass ich nun neben der Schulbuchillustration vor allem Kinderbuchillustrationen mache. Das hei\u00dft aber nicht, [&hellip;]<\/p>\n","protected":false},"author":1,"featured_media":0,"parent":886,"menu_order":7,"comment_status":"closed","ping_status":"closed","template":"","meta":{"_et_pb_use_builder":"on","_et_pb_old_content":"","_et_gb_content_width":"","footnotes":""},"class_list":["post-84","page","type-page","status-publish","hentry"],"_links":{"self":[{"href":"https:\/\/yoruehmer.de\/home\/wp-json\/wp\/v2\/pages\/84","targetHints":{"allow":["GET"]}}],"collection":[{"href":"https:\/\/yoruehmer.de\/home\/wp-json\/wp\/v2\/pages"}],"about":[{"href":"https:\/\/yoruehmer.de\/home\/wp-json\/wp\/v2\/types\/page"}],"author":[{"embeddable":true,"href":"https:\/\/yoruehmer.de\/home\/wp-json\/wp\/v2\/users\/1"}],"replies":[{"embeddable":true,"href":"https:\/\/yoruehmer.de\/home\/wp-json\/wp\/v2\/comments?post=84"}],"version-history":[{"count":51,"href":"https:\/\/yoruehmer.de\/home\/wp-json\/wp\/v2\/pages\/84\/revisions"}],"predecessor-version":[{"id":3345,"href":"https:\/\/yoruehmer.de\/home\/wp-json\/wp\/v2\/pages\/84\/revisions\/3345"}],"up":[{"embeddable":true,"href":"https:\/\/yoruehmer.de\/home\/wp-json\/wp\/v2\/pages\/886"}],"wp:attachment":[{"href":"https:\/\/yoruehmer.de\/home\/wp-json\/wp\/v2\/media?parent=84"}],"curies":[{"name":"wp","href":"https:\/\/api.w.org\/{rel}","templated":true}]}}