{"id":7041,"date":"2025-11-19T19:28:28","date_gmt":"2025-11-19T18:28:28","guid":{"rendered":"https:\/\/yoruehmer.de\/home\/?page_id=7041"},"modified":"2025-11-19T20:09:16","modified_gmt":"2025-11-19T19:09:16","slug":"shop-bretagne-1386","status":"publish","type":"page","link":"https:\/\/yoruehmer.de\/home\/shop-bretagne-1386\/","title":{"rendered":"Shop &#8211; Bretagne 1386"},"content":{"rendered":"<p>[et_pb_section fb_built=&#8221;1&#8243; fullwidth=&#8221;on&#8221; disabled_on=&#8221;on|on|on&#8221; _builder_version=&#8221;4.24.2&#8243; _module_preset=&#8221;default&#8221; disabled=&#8221;on&#8221; global_colors_info=&#8221;{}&#8221;][et_pb_fullwidth_menu menu_id=&#8221;3&#8243; menu_style=&#8221;centered&#8221; fullwidth_menu=&#8221;off&#8221; active_link_color=&#8221;#000000&#8243; dropdown_menu_line_color=&#8221;#E09900&#8243; dropdown_menu_text_color=&#8221;#E09900&#8243; dropdown_menu_active_link_color=&#8221;#000000&#8243; mobile_menu_text_color=&#8221;#E09900&#8243; module_id=&#8221;pa-open-mobile-menu&#8221; module_class=&#8221;pa-open-mobile-menu&#8221; _builder_version=&#8221;4.16&#8243; _module_preset=&#8221;default&#8221; menu_font=&#8221;|600|||||||&#8221; menu_text_color=&#8221;#E09900&#8243; global_colors_info=&#8221;{}&#8221;][\/et_pb_fullwidth_menu][\/et_pb_section][et_pb_section fb_built=&#8221;1&#8243; module_id=&#8221;english&#8221; _builder_version=&#8221;4.21.0&#8243; global_colors_info=&#8221;{}&#8221;][et_pb_row _builder_version=&#8221;4.24.2&#8243; _module_preset=&#8221;default&#8221; global_colors_info=&#8221;{}&#8221;][et_pb_column type=&#8221;4_4&#8243; _builder_version=&#8221;4.24.2&#8243; _module_preset=&#8221;default&#8221; global_colors_info=&#8221;{}&#8221;][et_pb_image src=&#8221;https:\/\/yoruehmer.de\/wp-content\/uploads\/2025\/11\/Bretagne-Blumen-Oelbild-pleinairmalerei-1286.jpg&#8221; alt=&#8221;kirschblueten-oelmalerei&#8221; title_text=&#8221;Bretagne-Blumen-\u00d6lbild-pleinairmalerei-1286&#8243; _builder_version=&#8221;4.27.4&#8243; _module_preset=&#8221;default&#8221; global_colors_info=&#8221;{}&#8221;][\/et_pb_image][et_pb_text _builder_version=&#8221;4.27.4&#8243; _module_preset=&#8221;default&#8221; global_colors_info=&#8221;{}&#8221;]<\/p>\n<h2>Bretagne K\u00fcstenbl\u00fcten<\/h2>\n<h2><span style=\"font-family: open-sans; font-size: 14px; color: #666666;\"><\/span><\/h2>\n<p>\u00d6l auf MDF Platte, 24 x 30 cm, (Nr. 1286)<br \/>gemalt am 1. Juni 2024 am Strand von Cl\u00e9der<\/p>\n<h2>540,- \u20ac<\/h2>\n<p>inkl. Mwst und Versand innerhalb Deutschlands<\/p>\n<p>[\/et_pb_text][et_pb_text _builder_version=&#8221;4.27.4&#8243; _module_preset=&#8221;default&#8221; global_colors_info=&#8221;{}&#8221;]<\/p>\n<div class=\"separator\">\n<div class=\"separator\">\n<p>Viel zu selten male ich die wundersch\u00f6ne K\u00fcstenflora in der Bretagne (das Meer mit den Wellen, Brandung Ebbe und Flut zieht meine Aufmerksamkeit immer zu sehr auf sich). Doch an die entz\u00fcckenden Bl\u00fcten im Gegenlicht kam ich jeden Abend vorbei und musste sie einfach malen!<\/p>\n<p>&nbsp;<\/p>\n<\/div>\n<\/div>\n<div class=\"separator\">Mehr dazu im dazugeh\u00f6rigen <a href=\"https:\/\/yomalt.blogspot.com\/2024\/06\/bretagne-bluten-contre-jour.html\" target=\"_blank\" rel=\"noopener\">Blogeintrag<\/a>.<\/div>\n<p>[\/et_pb_text][dggm_imagegallery image_size=&#8221;large&#8221; image_to_display=&#8221;3&#8243; use_lightbox=&#8221;on&#8221; _builder_version=&#8221;4.27.4&#8243; _module_preset=&#8221;default&#8221; global_colors_info=&#8221;{}&#8221;][dggm_imagegalleryitem gallery_ids=&#8221;7046,7048,7047&#8243; _builder_version=&#8221;4.27.4&#8243; _module_preset=&#8221;default&#8221; global_colors_info=&#8221;{}&#8221;][\/dggm_imagegalleryitem][\/dggm_imagegallery][et_pb_button button_url=&#8221;@ET-DC@eyJkeW5hbWljIjp0cnVlLCJjb250ZW50IjoicG9zdF9saW5rX3VybF9wYWdlIiwic2V0dGluZ3MiOnsicG9zdF9pZCI6IjQ3MDMifX0=@&#8221; button_text=&#8221;Zur\u00fcck zur \u00dcbersicht&#8221; _builder_version=&#8221;4.24.2&#8243; _dynamic_attributes=&#8221;button_url&#8221; custom_button=&#8221;on&#8221; button_text_color=&#8221;#e09900&#8243; button_bg_color=&#8221;#ffffff&#8221; button_border_width=&#8221;0px&#8221; button_icon=&#8221;&#x23;||divi||400&#8243; button_icon_color=&#8221;#e09900&#8243; button_icon_placement=&#8221;left&#8221; button_on_hover=&#8221;off&#8221; locked=&#8221;off&#8221; global_colors_info=&#8221;{}&#8221;][\/et_pb_button][\/et_pb_column][\/et_pb_row][\/et_pb_section]<\/p>\n","protected":false},"excerpt":{"rendered":"<p>Bretagne K\u00fcstenbl\u00fcten \u00d6l auf MDF Platte, 24 x 30 cm, (Nr. 1286)gemalt am 1. Juni 2024 am Strand von Cl\u00e9der 540,- \u20ac inkl. Mwst und Versand innerhalb Deutschlands Viel zu selten male ich die wundersch\u00f6ne K\u00fcstenflora in der Bretagne (das Meer mit den Wellen, Brandung Ebbe und Flut zieht meine Aufmerksamkeit immer zu sehr auf [&hellip;]<\/p>\n","protected":false},"author":1,"featured_media":0,"parent":0,"menu_order":0,"comment_status":"closed","ping_status":"closed","template":"","meta":{"_et_pb_use_builder":"on","_et_pb_old_content":"","_et_gb_content_width":"","footnotes":""},"class_list":["post-7041","page","type-page","status-publish","hentry"],"_links":{"self":[{"href":"https:\/\/yoruehmer.de\/home\/wp-json\/wp\/v2\/pages\/7041","targetHints":{"allow":["GET"]}}],"collection":[{"href":"https:\/\/yoruehmer.de\/home\/wp-json\/wp\/v2\/pages"}],"about":[{"href":"https:\/\/yoruehmer.de\/home\/wp-json\/wp\/v2\/types\/page"}],"author":[{"embeddable":true,"href":"https:\/\/yoruehmer.de\/home\/wp-json\/wp\/v2\/users\/1"}],"replies":[{"embeddable":true,"href":"https:\/\/yoruehmer.de\/home\/wp-json\/wp\/v2\/comments?post=7041"}],"version-history":[{"count":7,"href":"https:\/\/yoruehmer.de\/home\/wp-json\/wp\/v2\/pages\/7041\/revisions"}],"predecessor-version":[{"id":7077,"href":"https:\/\/yoruehmer.de\/home\/wp-json\/wp\/v2\/pages\/7041\/revisions\/7077"}],"wp:attachment":[{"href":"https:\/\/yoruehmer.de\/home\/wp-json\/wp\/v2\/media?parent=7041"}],"curies":[{"name":"wp","href":"https:\/\/api.w.org\/{rel}","templated":true}]}}