{"id":581,"date":"2020-04-14T13:41:36","date_gmt":"2020-04-14T11:41:36","guid":{"rendered":"http:\/\/pleinairmalerei.yoruehmer.de\/wordpress\/?page_id=581"},"modified":"2024-05-13T17:35:40","modified_gmt":"2024-05-13T15:35:40","slug":"nocturnes","status":"publish","type":"page","link":"https:\/\/yoruehmer.de\/home\/portfolio-malerei\/nocturnes\/","title":{"rendered":"Nocturnes"},"content":{"rendered":"<p>[et_pb_section fb_built=&#8221;1&#8243; fullwidth=&#8221;on&#8221; _builder_version=&#8221;4.16&#8243; _module_preset=&#8221;default&#8221; global_colors_info=&#8221;{}&#8221;][et_pb_fullwidth_slider show_arrows=&#8221;off&#8221; show_pagination=&#8221;off&#8221; admin_label=&#8221;Portfolio VB Slider&#8221; _builder_version=&#8221;4.24.3&#8243; _dynamic_attributes=&#8221;button_link&#8221; _module_preset=&#8221;default&#8221; header_level=&#8221;h1&#8243; header_text_color=&#8221;#FFFFFF&#8221; header_font_size=&#8221;52px&#8221; header_line_height=&#8221;1.8em&#8221; background_color=&#8221;RGBA(255,255,255,0)&#8221; background_image=&#8221;https:\/\/yoruehmer.de\/wp-content\/uploads\/2024\/03\/Duene.jpg&#8221; background_position=&#8221;top_center&#8221; width_tablet=&#8221;&#8221; width_phone=&#8221;&#8221; width_last_edited=&#8221;on|phone&#8221; module_alignment=&#8221;center&#8221; content_width=&#8221;100%&#8221; content_max_width=&#8221;1200px&#8221; content_max_width_tablet=&#8221;1000px&#8221; content_max_width_phone=&#8221;600px&#8221; content_max_width_last_edited=&#8221;on|phone&#8221; min_height_tablet=&#8221;&#8221; min_height_phone=&#8221;&#8221; min_height_last_edited=&#8221;on|desktop&#8221; height=&#8221;300px&#8221; height_tablet=&#8221;250px&#8221; height_phone=&#8221;150px&#8221; height_last_edited=&#8221;on|desktop&#8221; max_height_tablet=&#8221;&#8221; max_height_phone=&#8221;&#8221; max_height_last_edited=&#8221;on|desktop&#8221; custom_padding=&#8221;120px||||false|false&#8221; custom_padding_tablet=&#8221;110px||||false|false&#8221; custom_padding_phone=&#8221;50px||||false|false&#8221; custom_padding_last_edited=&#8221;on|phone&#8221; animation_direction=&#8221;right&#8221; auto=&#8221;on&#8221; header_font_size_tablet=&#8221;39px&#8221; header_font_size_phone=&#8221;24px&#8221; header_font_size_last_edited=&#8221;on|phone&#8221; header_line_height_tablet=&#8221;1.3em&#8221; header_line_height_phone=&#8221;1em&#8221; header_line_height_last_edited=&#8221;on|phone&#8221; header_text_shadow_style=&#8221;preset1&#8243; global_module=&#8221;5268&#8243; saved_tabs=&#8221;all&#8221; global_colors_info=&#8221;{}&#8221;][et_pb_slide heading=&#8221;Nocturnes&#8221; _builder_version=&#8221;4.24.2&#8243; _module_preset=&#8221;default&#8221; background_color=&#8221;RGBA(255,255,255,0)&#8221; background_enable_color=&#8221;on&#8221; background_image=&#8221;https:\/\/yoruehmer.de\/wp-content\/uploads\/2024\/03\/Nocturne-Slider.jpg&#8221; background_enable_image=&#8221;on&#8221; global_colors_info=&#8221;{}&#8221; sticky_transition=&#8221;on&#8221;][\/et_pb_slide][\/et_pb_fullwidth_slider][et_pb_fullwidth_menu menu_id=&#8221;3&#8243; menu_style=&#8221;centered&#8221; fullwidth_menu=&#8221;off&#8221; active_link_color=&#8221;#000000&#8243; dropdown_menu_line_color=&#8221;#E09900&#8243; dropdown_menu_text_color=&#8221;#E09900&#8243; dropdown_menu_active_link_color=&#8221;#000000&#8243; mobile_menu_text_color=&#8221;#E09900&#8243; module_class=&#8221;pa-open-mobile-menu&#8221; _builder_version=&#8221;4.16&#8243; _module_preset=&#8221;default&#8221; menu_font=&#8221;|600|||||||&#8221; menu_text_color=&#8221;#E09900&#8243; global_colors_info=&#8221;{}&#8221;][\/et_pb_fullwidth_menu][\/et_pb_section][et_pb_section fb_built=&#8221;1&#8243; _builder_version=&#8221;4.16&#8243; custom_margin=&#8221;0px||||false|false&#8221; global_colors_info=&#8221;{}&#8221;][et_pb_row _builder_version=&#8221;4.16&#8243; global_colors_info=&#8221;{}&#8221;][et_pb_column type=&#8221;4_4&#8243; _builder_version=&#8221;4.16&#8243; global_colors_info=&#8221;{}&#8221;][dggm_imagegallery image_size=&#8221;large&#8221; image_to_display=&#8221;3&#8243; use_image_order=&#8221;on&#8221; image_order=&#8221;desc&#8221; use_lightbox=&#8221;on&#8221; use_lightbox_content=&#8221;on&#8221; caption_tag=&#8221;h6&#8243; more_btn_align=&#8221;center&#8221; spinner_color=&#8221;#E09900&#8243; more_btn_bg_bgcolor=&#8221;#E09900&#8243; image_to_display_tablet=&#8221;3&#8243; image_to_display_phone=&#8221;2&#8243; image_to_display_last_edited=&#8221;off|phone&#8221; _builder_version=&#8221;4.25.1&#8243; _module_preset=&#8221;default&#8221; caption_font_size=&#8221;14px&#8221; more_btn_text_color=&#8221;#FFFFFF&#8221; hover_enabled=&#8221;0&#8243; border_radii_morebtn_border=&#8221;on|30px|30px|30px|30px&#8221; global_colors_info=&#8221;{}&#8221; sticky_enabled=&#8221;0&#8243;][dggm_imagegalleryitem gallery_ids=&#8221;2769,5076,5075,5072,5047,4505,3358,2875,1907,695,694,575,5813,5814&#8243; _builder_version=&#8221;4.25.1&#8243; _module_preset=&#8221;default&#8221; hover_enabled=&#8221;0&#8243; global_colors_info=&#8221;{}&#8221; sticky_enabled=&#8221;0&#8243;][\/dggm_imagegalleryitem][\/dggm_imagegallery][\/et_pb_column][\/et_pb_row][et_pb_row column_structure=&#8221;1_2,1_2&#8243; _builder_version=&#8221;4.16&#8243; global_colors_info=&#8221;{}&#8221;][et_pb_column type=&#8221;1_2&#8243; _builder_version=&#8221;4.16&#8243; global_colors_info=&#8221;{}&#8221;][et_pb_button button_url=&#8221;@ET-DC@eyJkeW5hbWljIjp0cnVlLCJjb250ZW50IjoicG9zdF9saW5rX3VybF9wYWdlIiwic2V0dGluZ3MiOnsicG9zdF9pZCI6IjM1NiJ9fQ==@&#8221; button_text=&#8221;Interieurs&#8221; _builder_version=&#8221;4.16&#8243; _dynamic_attributes=&#8221;button_url&#8221; custom_button=&#8221;on&#8221; button_text_color=&#8221;#e09900&#8243; button_bg_color=&#8221;#ffffff&#8221; button_border_width=&#8221;0px&#8221; button_icon=&#8221;&#x23;||divi||400&#8243; button_icon_color=&#8221;#e09900&#8243; button_icon_placement=&#8221;left&#8221; button_on_hover=&#8221;off&#8221; global_colors_info=&#8221;{}&#8221;][\/et_pb_button][\/et_pb_column][et_pb_column type=&#8221;1_2&#8243; _builder_version=&#8221;4.16&#8243; global_colors_info=&#8221;{}&#8221;][et_pb_button button_url=&#8221;@ET-DC@eyJkeW5hbWljIjp0cnVlLCJjb250ZW50IjoicG9zdF9saW5rX3VybF9wYWdlIiwic2V0dGluZ3MiOnsicG9zdF9pZCI6IjIxNDgifX0=@&#8221; button_text=&#8221;Landschaften&#8221; button_alignment=&#8221;right&#8221; _builder_version=&#8221;4.24.2&#8243; _dynamic_attributes=&#8221;button_url&#8221; custom_button=&#8221;on&#8221; button_text_color=&#8221;#e09900&#8243; button_bg_color=&#8221;#ffffff&#8221; button_border_width=&#8221;0px&#8221; button_icon=&#8221;&#x24;||divi||400&#8243; button_icon_color=&#8221;#e09900&#8243; button_on_hover=&#8221;off&#8221; global_colors_info=&#8221;{}&#8221;][\/et_pb_button][\/et_pb_column][\/et_pb_row][\/et_pb_section][et_pb_section fb_built=&#8221;1&#8243; _builder_version=&#8221;4.16&#8243; global_colors_info=&#8221;{}&#8221;][et_pb_row _builder_version=&#8221;4.16&#8243; custom_margin=&#8221;-40px||||false|false&#8221; global_colors_info=&#8221;{}&#8221;][et_pb_column type=&#8221;4_4&#8243; _builder_version=&#8221;4.16&#8243; global_colors_info=&#8221;{}&#8221;][et_pb_toggle title=&#8221;Mehr \u00fcber meine Nocturnes&#8221; open_toggle_text_color=&#8221;#e09900&#8243; open_toggle_background_color=&#8221;#ffffff&#8221; closed_toggle_background_color=&#8221;#ffffff&#8221; icon_color=&#8221;#e09900&#8243; open_icon_color=&#8221;#e09900&#8243; _builder_version=&#8221;4.16&#8243; title_text_color=&#8221;#e09900&#8243; title_text_align=&#8221;left&#8221; closed_title_text_align=&#8221;left&#8221; text_orientation=&#8221;left&#8221; border_width_all=&#8221;0px&#8221; global_colors_info=&#8221;{}&#8221;]<\/p>\n<ul>\n<li>Dank eines Notenpultlichtes mit zwei sehr hellen LED-L\u00e4mpchen (eins f\u00fcr die Palette, eins f\u00fcrs Bild) kann ich auch nachts noch malen. Ich mach es nur leider viel zu selten &#8211; was sehr schade ist, da die Lichter in der dunklen Umgebung immer ein wundersch\u00f6nes Motiv abgeben.<\/li>\n<\/ul>\n<p>[\/et_pb_toggle][\/et_pb_column][\/et_pb_row][\/et_pb_section]<\/p>\n","protected":false},"excerpt":{"rendered":"<p><div class=\"et_pb_with_border et_pb_module none divienhancer-hover-effect dggm_imagegallery dggm_imagegallery_0\">\n\t\t\t\t\n\t\t\t\t\n\t\t\t\t\n\t\t\t\t\n\t\t\t\t\n\t\t\t\t\n\t\t\t\t<div class=\"et_pb_module_inner\">\n\t\t\t\t\t<div class=\"dg_ig_container ig_has_lightbox\" data-settings='{\"image_ids\":\"5814, 5813, 5076, 5075, 5072, 5047, 4505, 3358, 2875, 2769, 1907, 695, 694, 575\",\"show_caption\":\"off\",\"show_description\":\"off\",\"image_size\":\"large\",\"filter_nav\":\"off\",\"layout_mode\":\"masonry\",\"load_more\":\"off\",\"init_count\":\"6\",\"image_count\":\"4\",\"use_lightbox\":\"on\",\"use_lightbox_content\":\"on\",\"use_lightbox_download\":\"off\",\"caption_tag\":\"h6\",\"description_tag\":\"p\",\"image_scale\":\"no-image-scale\",\"content_position\":\"c4-layout-top-left\",\"content_reveal_caption\":\"c4-fade-up\",\"content_reveal_description\":\"c4-fade-up\",\"border_anim\":\"off\",\"border_anm_style\":\"c4-border-fade\",\"always_show_title\":\"off\",\"always_show_description\":\"off\",\"use_url\":\"off\",\"url_target\":\"same_window\",\"overlay\":\"off\"}'>\r\n                \r\n                <div class=\"dg_ig_gallery grid\" style=\"opacity:0;\">\r\n                    <div class=\"dg_ig_image grid-item \" data-src=\"https:\/\/yoruehmer.de\/wp-content\/uploads\/2024\/05\/Bretagne-peinture-sur-le-motif-kerfissien-nocturne-1246.jpg\" data-sub-html=\".dg_ig_content\">\r\n                <div class=\"item-content no-image-scale\" >\r\n                    <figure class=\" c4-izmir  has_overlay\">\r\n                        \r\n                        <img decoding=\"async\" class=\"ig-image\" src=\"https:\/\/yoruehmer.de\/wp-content\/uploads\/2024\/05\/Bretagne-peinture-sur-le-motif-kerfissien-nocturne-1246-1080x540.jpg\" alt=\"Bretagne-peinture-sur-le-motif-kerfissien-nocturne-1246\" class=\"\"\/>\r\n                        <figcaption class=\"dg_ig_content c4-layout-top-left \">\r\n                            <div class=\"c4-fade-up dg-hide-title\"><h6 class=\"dg_ig_caption\">Vollmond \u00fcber bretonischen Haus, 30 x 15 cm (Nr. 1246)<\/h6><\/div>\r\n                        <\/figcaption>\r\n                    <\/figure>\r\n                <\/div>\r\n            <\/div><div class=\"dg_ig_image grid-item \" data-src=\"https:\/\/yoruehmer.de\/wp-content\/uploads\/2024\/05\/Bretagne-Nocturne-pleinair-oelmalere-1242i.jpg\" data-sub-html=\".dg_ig_content\">\r\n                <div class=\"item-content no-image-scale\" >\r\n                    <figure class=\" c4-izmir  has_overlay\">\r\n                        \r\n                        <img decoding=\"async\" class=\"ig-image\" src=\"https:\/\/yoruehmer.de\/wp-content\/uploads\/2024\/05\/Bretagne-Nocturne-pleinair-oelmalere-1242i-1080x724.jpg\" alt=\"Bretagne-Nocturne-pleinair-\u00f6lmalere-1242i\" class=\"\"\/>\r\n                        <figcaption class=\"dg_ig_content c4-layout-top-left \">\r\n                            <div class=\"c4-fade-up dg-hide-title\"><h6 class=\"dg_ig_caption\">Monduntergang \u00fcber dem Meer, 30 x 24 cm (Nr. 1242)<\/h6><\/div>\r\n                        <\/figcaption>\r\n                    <\/figure>\r\n                <\/div>\r\n            <\/div><div class=\"dg_ig_image grid-item \" data-src=\"https:\/\/yoruehmer.de\/wp-content\/uploads\/2024\/01\/Nocturne-oelbild-pleinair-kiefer-1199.jpg\" data-sub-html=\".dg_ig_content\">\r\n                <div class=\"item-content no-image-scale\" >\r\n                    <figure class=\" c4-izmir  has_overlay\">\r\n                        \r\n                        <img decoding=\"async\" class=\"ig-image\" src=\"https:\/\/yoruehmer.de\/wp-content\/uploads\/2024\/01\/Nocturne-oelbild-pleinair-kiefer-1199-682x1024.jpg\" alt=\"Kiefer Nocturne \u00d6lbild Pleinairmalerei\" class=\"\"\/>\r\n                        <figcaption class=\"dg_ig_content c4-layout-top-left \">\r\n                            <div class=\"c4-fade-up dg-hide-title\"><h6 class=\"dg_ig_caption\">Kiefer Nocturne, 20 x 30 cm (Bild Nr. 1199)<\/h6><\/div>\r\n                        <\/figcaption>\r\n                    <\/figure>\r\n                <\/div>\r\n            <\/div><div class=\"dg_ig_image grid-item \" data-src=\"https:\/\/yoruehmer.de\/wp-content\/uploads\/2024\/01\/Martinsfeuer-gemalt-oelbild-Pleinairmalerei-1220.jpg\" data-sub-html=\".dg_ig_content\">\r\n                <div class=\"item-content no-image-scale\" >\r\n                    <figure class=\" c4-izmir  has_overlay\">\r\n                        \r\n                        <img decoding=\"async\" class=\"ig-image\" src=\"https:\/\/yoruehmer.de\/wp-content\/uploads\/2024\/01\/Martinsfeuer-gemalt-oelbild-Pleinairmalerei-1220-682x1024.jpg\" alt=\"Martinsfeuer-gemalt-\u00f6lbild-Pleinairmalerei-1220\" class=\"\"\/>\r\n                        <figcaption class=\"dg_ig_content c4-layout-top-left \">\r\n                            <div class=\"c4-fade-up dg-hide-title\"><h6 class=\"dg_ig_caption\">Martinsfeuer, 20 x 30 cm (Bild Nr. 1220)<\/h6><\/div>\r\n                        <\/figcaption>\r\n                    <\/figure>\r\n                <\/div>\r\n            <\/div><div class=\"dg_ig_image grid-item \" data-src=\"https:\/\/yoruehmer.de\/wp-content\/uploads\/2024\/01\/Nocturne-Ardennen-Pleinairmalerei-1211.jpg\" data-sub-html=\".dg_ig_content\">\r\n                <div class=\"item-content no-image-scale\" >\r\n                    <figure class=\" c4-izmir  has_overlay\">\r\n                        \r\n                        <img decoding=\"async\" class=\"ig-image\" src=\"https:\/\/yoruehmer.de\/wp-content\/uploads\/2024\/01\/Nocturne-Ardennen-Pleinairmalerei-1211-819x1024.jpg\" alt=\"Nocturne-Ardennen-Pleinairmalerei-1211\" class=\"\"\/>\r\n                        <figcaption class=\"dg_ig_content c4-layout-top-left \">\r\n                            <div class=\"c4-fade-up dg-hide-title\"><h6 class=\"dg_ig_caption\">Mouzaive Ardennen, 24 x 30 cm (Bild Nr. 1211)<\/h6><\/div>\r\n                        <\/figcaption>\r\n                    <\/figure>\r\n                <\/div>\r\n            <\/div><div class=\"dg_ig_image grid-item \" data-src=\"https:\/\/yoruehmer.de\/wp-content\/uploads\/2024\/01\/Stadtlichter-gemalt-oelbild-nocturne-pleinairmalerei-1232.jpg\" data-sub-html=\".dg_ig_content\">\r\n                <div class=\"item-content no-image-scale\" >\r\n                    <figure class=\" c4-izmir  has_overlay\">\r\n                        \r\n                        <img decoding=\"async\" class=\"ig-image\" src=\"https:\/\/yoruehmer.de\/wp-content\/uploads\/2024\/01\/Stadtlichter-gemalt-oelbild-nocturne-pleinairmalerei-1232-682x1024.jpg\" alt=\"Stadtlichter-gemalt-\u00f6lbild-nocturne-pleinairmalerei-1232\" class=\"\"\/>\r\n                        <figcaption class=\"dg_ig_content c4-layout-top-left \">\r\n                            <div class=\"c4-fade-up dg-hide-title\"><h6 class=\"dg_ig_caption\">Frankfurt-Nordend, 20 x 30 cm (Bild-Nr. 1232)<\/h6><\/div>\r\n                        <\/figcaption>\r\n                    <\/figure>\r\n                <\/div>\r\n            <\/div><div class=\"dg_ig_image grid-item \" data-src=\"https:\/\/yoruehmer.de\/wp-content\/uploads\/2022\/11\/Nocturne-herbst-oelbild-pleinairmalerei-1077.jpg\" data-sub-html=\".dg_ig_content\">\r\n                <div class=\"item-content no-image-scale\" >\r\n                    <figure class=\" c4-izmir  has_overlay\">\r\n                        \r\n                        <img decoding=\"async\" class=\"ig-image\" src=\"https:\/\/yoruehmer.de\/wp-content\/uploads\/2022\/11\/Nocturne-herbst-oelbild-pleinairmalerei-1077-765x1024.jpg\" alt=\"Nocturne-herbst-\u00f6lbild-pleinairmalerei-1077\" class=\"\"\/>\r\n                        <figcaption class=\"dg_ig_content c4-layout-top-left \">\r\n                            <div class=\"c4-fade-up dg-hide-title\"><h6 class=\"dg_ig_caption\">nocturne im G\u00fcnthersburgpark, 18 x 24 cm (Nr 1077)<\/h6><\/div>\r\n                        <\/figcaption>\r\n                    <\/figure>\r\n                <\/div>\r\n            <\/div><div class=\"dg_ig_image grid-item \" data-src=\"https:\/\/yoruehmer.de\/wp-content\/uploads\/2021\/03\/nocturne-cafe-menthe-gemalt-oelbild-pleinairmalerei-allaprima-745.jpg\" data-sub-html=\".dg_ig_content\">\r\n                <div class=\"item-content no-image-scale\" >\r\n                    <figure class=\" c4-izmir  has_overlay\">\r\n                        \r\n                        <img decoding=\"async\" class=\"ig-image\" src=\"https:\/\/yoruehmer.de\/wp-content\/uploads\/2021\/03\/nocturne-cafe-menthe-gemalt-oelbild-pleinairmalerei-allaprima-745-1020x1024.jpg\" alt=\"cafe menthe bornheim \u00f6lbild\" class=\"\"\/>\r\n                        <figcaption class=\"dg_ig_content c4-layout-top-left \">\r\n                            <div class=\"c4-fade-up dg-hide-title\"><h6 class=\"dg_ig_caption\">Caf\u00e9 Menthe in Frankfurt\/Bornheim, 20 x 20 cm (Nr. 745)<\/h6><\/div>\r\n                        <\/figcaption>\r\n                    <\/figure>\r\n                <\/div>\r\n            <\/div><div class=\"dg_ig_image grid-item \" data-src=\"https:\/\/yoruehmer.de\/wp-content\/uploads\/2020\/12\/Nr837Achthundertsiebenundreissig..jpg\" data-sub-html=\".dg_ig_content\">\r\n                <div class=\"item-content no-image-scale\" >\r\n                    <figure class=\" c4-izmir  has_overlay\">\r\n                        \r\n                        <img decoding=\"async\" class=\"ig-image\" src=\"https:\/\/yoruehmer.de\/wp-content\/uploads\/2020\/12\/Nr837Achthundertsiebenundreissig.-1080x810.jpg\" alt=\"Nocturne \u00d6lbild\" class=\"\"\/>\r\n                        <figcaption class=\"dg_ig_content c4-layout-top-left \">\r\n                            <div class=\"c4-fade-up dg-hide-title\"><h6 class=\"dg_ig_caption\">Regen im Dunklen, 24 x 18 cm (Nr. 837)<\/h6><\/div>\r\n                        <\/figcaption>\r\n                    <\/figure>\r\n                <\/div>\r\n            <\/div><div class=\"dg_ig_image grid-item \" data-src=\"https:\/\/yoruehmer.de\/wp-content\/uploads\/2020\/11\/822Achthundertzweiundzwanzig.jpg\" data-sub-html=\".dg_ig_content\">\r\n                <div class=\"item-content no-image-scale\" >\r\n                    <figure class=\" c4-izmir  has_overlay\">\r\n                        \r\n                        <img decoding=\"async\" class=\"ig-image\" src=\"https:\/\/yoruehmer.de\/wp-content\/uploads\/2020\/11\/822Achthundertzweiundzwanzig-740x1024.jpg\" alt=\"Nocturne_\u00d6lbild\" class=\"\"\/>\r\n                        <figcaption class=\"dg_ig_content c4-layout-top-left \">\r\n                            <div class=\"c4-fade-up dg-hide-title\"><h6 class=\"dg_ig_caption\">Blick aus meinem Fenster, 18 x 24 cm (Nr. 822)<\/h6><\/div>\r\n                        <\/figcaption>\r\n                    <\/figure>\r\n                <\/div>\r\n            <\/div><div class=\"dg_ig_image grid-item \" data-src=\"https:\/\/yoruehmer.de\/wp-content\/uploads\/2020\/04\/627NrSechshundertsiebenundzwanzig.jpg\" data-sub-html=\".dg_ig_content\">\r\n                <div class=\"item-content no-image-scale\" >\r\n                    <figure class=\" c4-izmir  has_overlay\">\r\n                        \r\n                        <img decoding=\"async\" class=\"ig-image\" src=\"https:\/\/yoruehmer.de\/wp-content\/uploads\/2020\/04\/627NrSechshundertsiebenundzwanzig-1080x815.jpg\" alt=\"Nocturne\" class=\"\"\/>\r\n                        <figcaption class=\"dg_ig_content c4-layout-top-left \">\r\n                            <div class=\"c4-fade-up dg-hide-title\"><h6 class=\"dg_ig_caption\">Martinsfeuer, 30 x 22 cm (Nr. 627)<\/h6><\/div>\r\n                        <\/figcaption>\r\n                    <\/figure>\r\n                <\/div>\r\n            <\/div><div class=\"dg_ig_image grid-item \" data-src=\"https:\/\/yoruehmer.de\/wp-content\/uploads\/2020\/04\/738NrSiebenhundertachtunddrei\u00dfig.jpg\" data-sub-html=\".dg_ig_content\">\r\n                <div class=\"item-content no-image-scale\" >\r\n                    <figure class=\" c4-izmir  has_overlay\">\r\n                        \r\n                        <img decoding=\"async\" class=\"ig-image\" src=\"https:\/\/yoruehmer.de\/wp-content\/uploads\/2020\/04\/738NrSiebenhundertachtunddrei\u00dfig-772x1024.jpg\" alt=\"nicolaikirche_oelbild\" class=\"\"\/>\r\n                        <figcaption class=\"dg_ig_content c4-layout-top-left \">\r\n                            <div class=\"c4-fade-up dg-hide-title\"><h6 class=\"dg_ig_caption\">Frankfurter Weihnachtsmarkt, 18 x 24 cm (Nr. 738)<\/h6><\/div>\r\n                        <\/figcaption>\r\n                    <\/figure>\r\n                <\/div>\r\n            <\/div><div class=\"dg_ig_image grid-item \" data-src=\"https:\/\/yoruehmer.de\/wp-content\/uploads\/2020\/04\/739NrSiebenhundertneununddrei\u00dfig.jpg\" data-sub-html=\".dg_ig_content\">\r\n                <div class=\"item-content no-image-scale\" >\r\n                    <figure class=\" c4-izmir  has_overlay\">\r\n                        \r\n                        <img decoding=\"async\" class=\"ig-image\" src=\"https:\/\/yoruehmer.de\/wp-content\/uploads\/2020\/04\/739NrSiebenhundertneununddrei\u00dfig-755x1024.jpg\" alt=\"frankfurter_weihnachtsmarkt_oelbild\" class=\"\"\/>\r\n                        <figcaption class=\"dg_ig_content c4-layout-top-left \">\r\n                            <div class=\"c4-fade-up dg-hide-title\"><h6 class=\"dg_ig_caption\">Weihnachtsbaum vorm R\u00f6mer, 18 x 24 cm (Nr. 739)<\/h6><\/div>\r\n                        <\/figcaption>\r\n                    <\/figure>\r\n                <\/div>\r\n            <\/div><div class=\"dg_ig_image grid-item \" data-src=\"https:\/\/yoruehmer.de\/wp-content\/uploads\/2020\/04\/618NrSechshundertachtzehn.jpg\" data-sub-html=\".dg_ig_content\">\r\n                <div class=\"item-content no-image-scale\" >\r\n                    <figure class=\" c4-izmir  has_overlay\">\r\n                        \r\n                        <img decoding=\"async\" class=\"ig-image\" src=\"https:\/\/yoruehmer.de\/wp-content\/uploads\/2020\/04\/618NrSechshundertachtzehn-1024x522.jpg\" alt=\"yachtclub_frankfurt_oelbild\" class=\"\"\/>\r\n                        <figcaption class=\"dg_ig_content c4-layout-top-left \">\r\n                            <div class=\"c4-fade-up dg-hide-title\"><h6 class=\"dg_ig_caption\">Frankfurter Yachtclub bei Nacht, 25 x 15 cm (Nr. 618)<\/h6><\/div>\r\n                        <\/figcaption>\r\n                    <\/figure>\r\n                <\/div>\r\n            <\/div>\r\n                <\/div>\r\n                \r\n            <\/div>\n\t\t\t\t<\/div>\n\t\t\t<\/div> Dank eines Notenpultlichtes mit zwei sehr hellen LED-L\u00e4mpchen (eins f\u00fcr die Palette, eins f\u00fcrs Bild) kann ich auch nachts noch malen. Ich mach es nur leider viel [&hellip;]<\/p>\n","protected":false},"author":1,"featured_media":0,"parent":2148,"menu_order":47,"comment_status":"closed","ping_status":"closed","template":"","meta":{"_et_pb_use_builder":"on","_et_pb_old_content":"","_et_gb_content_width":"","footnotes":""},"class_list":["post-581","page","type-page","status-publish","hentry"],"_links":{"self":[{"href":"https:\/\/yoruehmer.de\/home\/wp-json\/wp\/v2\/pages\/581","targetHints":{"allow":["GET"]}}],"collection":[{"href":"https:\/\/yoruehmer.de\/home\/wp-json\/wp\/v2\/pages"}],"about":[{"href":"https:\/\/yoruehmer.de\/home\/wp-json\/wp\/v2\/types\/page"}],"author":[{"embeddable":true,"href":"https:\/\/yoruehmer.de\/home\/wp-json\/wp\/v2\/users\/1"}],"replies":[{"embeddable":true,"href":"https:\/\/yoruehmer.de\/home\/wp-json\/wp\/v2\/comments?post=581"}],"version-history":[{"count":30,"href":"https:\/\/yoruehmer.de\/home\/wp-json\/wp\/v2\/pages\/581\/revisions"}],"predecessor-version":[{"id":5815,"href":"https:\/\/yoruehmer.de\/home\/wp-json\/wp\/v2\/pages\/581\/revisions\/5815"}],"up":[{"embeddable":true,"href":"https:\/\/yoruehmer.de\/home\/wp-json\/wp\/v2\/pages\/2148"}],"wp:attachment":[{"href":"https:\/\/yoruehmer.de\/home\/wp-json\/wp\/v2\/media?parent=581"}],"curies":[{"name":"wp","href":"https:\/\/api.w.org\/{rel}","templated":true}]}}