{"id":5727,"date":"2024-04-21T12:53:09","date_gmt":"2024-04-21T10:53:09","guid":{"rendered":"https:\/\/yoruehmer.de\/?page_id=5727"},"modified":"2025-10-11T15:07:56","modified_gmt":"2025-10-11T13:07:56","slug":"shop-taunuswiese","status":"publish","type":"page","link":"https:\/\/yoruehmer.de\/home\/shop-taunuswiese\/","title":{"rendered":"Shop-Taunuswiese"},"content":{"rendered":"<p>[et_pb_section fb_built=&#8221;1&#8243; fullwidth=&#8221;on&#8221; disabled_on=&#8221;on|on|on&#8221; _builder_version=&#8221;4.24.2&#8243; _module_preset=&#8221;default&#8221; disabled=&#8221;on&#8221; global_colors_info=&#8221;{}&#8221;][et_pb_fullwidth_menu menu_id=&#8221;3&#8243; menu_style=&#8221;centered&#8221; fullwidth_menu=&#8221;off&#8221; active_link_color=&#8221;#000000&#8243; dropdown_menu_line_color=&#8221;#E09900&#8243; dropdown_menu_text_color=&#8221;#E09900&#8243; dropdown_menu_active_link_color=&#8221;#000000&#8243; mobile_menu_text_color=&#8221;#E09900&#8243; module_id=&#8221;pa-open-mobile-menu&#8221; module_class=&#8221;pa-open-mobile-menu&#8221; _builder_version=&#8221;4.16&#8243; _module_preset=&#8221;default&#8221; menu_font=&#8221;|600|||||||&#8221; menu_text_color=&#8221;#E09900&#8243; global_colors_info=&#8221;{}&#8221;][\/et_pb_fullwidth_menu][\/et_pb_section][et_pb_section fb_built=&#8221;1&#8243; module_id=&#8221;english&#8221; _builder_version=&#8221;4.21.0&#8243; global_colors_info=&#8221;{}&#8221;][et_pb_row _builder_version=&#8221;4.24.2&#8243; _module_preset=&#8221;default&#8221; global_colors_info=&#8221;{}&#8221;][et_pb_column type=&#8221;4_4&#8243; _builder_version=&#8221;4.24.2&#8243; _module_preset=&#8221;default&#8221; global_colors_info=&#8221;{}&#8221;][et_pb_image src=&#8221;https:\/\/yoruehmer.de\/wp-content\/uploads\/2023\/07\/Taunus_Wiese_Oelbild_pleinairmalerei_1166.jpg&#8221; alt=&#8221;Taunus_Wiese_\u00d6lbild_pleinairmalerei_1166&#8243; title_text=&#8221;Taunuswiese, 30 x 20 cm (Bild Nr 1166)&#8221; _builder_version=&#8221;4.24.3&#8243; _module_preset=&#8221;default&#8221; global_colors_info=&#8221;{}&#8221;][\/et_pb_image][et_pb_text _builder_version=&#8221;4.24.2&#8243; _module_preset=&#8221;default&#8221; global_colors_info=&#8221;{}&#8221;]<\/p>\n<h2>Taunuswiese<\/h2>\n<h2><span style=\"font-family: open-sans; font-size: 14px; color: #666666;\">\u00d6l auf Leinwandkarton, 30 x 20 cm, (Nr. 1166)<\/span><\/h2>\n<p>gemalt am 28. Juni 2023 am Liederbach im Taunus.<\/p>\n<h2>350,- \u20ac<\/h2>\n<p>inkl. Mwst und Versand innerhalb Deutschlands<\/p>\n<p>[\/et_pb_text][et_pb_text _builder_version=&#8221;4.24.2&#8243; _module_preset=&#8221;default&#8221; global_colors_info=&#8221;{}&#8221;]<\/p>\n<div class=\"separator\">\n<div class=\"separator\">\n<p>Dieser Feldweg f\u00fchrt \u00fcber ein Wiese im Taunus \u2013 links in den B\u00e4umen pl\u00e4tschert der Liederbach. Nur ab und an h\u00f6rt man die Dampflok der Taunusbahn in der Ferne tuten, hinter mir liegt die Rote M\u00fchle \u2013 Idylle pur!<\/p>\n<p>&nbsp;<\/p>\n<\/div>\n<\/div>\n<div class=\"separator\">Mehr dazu im dazugeh\u00f6rigen <a href=\"https:\/\/yomalt.blogspot.com\/2023\/06\/bretagne-felsen-im-nebel.html\" target=\"_blank\" rel=\"noopener\">Blogeintrag<\/a>.<\/div>\n<p>[\/et_pb_text][dggm_imagegallery image_size=&#8221;large&#8221; image_to_display=&#8221;3&#8243; use_lightbox=&#8221;on&#8221; _builder_version=&#8221;4.24.3&#8243; _module_preset=&#8221;default&#8221; global_colors_info=&#8221;{}&#8221;][dggm_imagegalleryitem gallery_ids=&#8221;5731,5733,5732&#8243; _builder_version=&#8221;4.24.3&#8243; _module_preset=&#8221;default&#8221; global_colors_info=&#8221;{}&#8221;][\/dggm_imagegalleryitem][\/dggm_imagegallery][et_pb_button button_url=&#8221;@ET-DC@eyJkeW5hbWljIjp0cnVlLCJjb250ZW50IjoicG9zdF9saW5rX3VybF9wYWdlIiwic2V0dGluZ3MiOnsicG9zdF9pZCI6IjQ3MDMifX0=@&#8221; button_text=&#8221;Zur\u00fcck zur \u00dcbersicht&#8221; _builder_version=&#8221;4.24.2&#8243; _dynamic_attributes=&#8221;button_url&#8221; custom_button=&#8221;on&#8221; button_text_color=&#8221;#e09900&#8243; button_bg_color=&#8221;#ffffff&#8221; button_border_width=&#8221;0px&#8221; button_icon=&#8221;&#x23;||divi||400&#8243; button_icon_color=&#8221;#e09900&#8243; button_icon_placement=&#8221;left&#8221; button_on_hover=&#8221;off&#8221; locked=&#8221;off&#8221; global_colors_info=&#8221;{}&#8221;][\/et_pb_button][\/et_pb_column][\/et_pb_row][\/et_pb_section]<\/p>\n","protected":false},"excerpt":{"rendered":"<p>Taunuswiese \u00d6l auf Leinwandkarton, 30 x 20 cm, (Nr. 1166) gemalt am 28. Juni 2023 am Liederbach im Taunus. 350,- \u20ac inkl. Mwst und Versand innerhalb Deutschlands Dieser Feldweg f\u00fchrt \u00fcber ein Wiese im Taunus \u2013 links in den B\u00e4umen pl\u00e4tschert der Liederbach. Nur ab und an h\u00f6rt man die Dampflok der Taunusbahn in der [&hellip;]<\/p>\n","protected":false},"author":1,"featured_media":0,"parent":0,"menu_order":0,"comment_status":"closed","ping_status":"closed","template":"","meta":{"_et_pb_use_builder":"on","_et_pb_old_content":"","_et_gb_content_width":"","footnotes":""},"class_list":["post-5727","page","type-page","status-publish","hentry"],"_links":{"self":[{"href":"https:\/\/yoruehmer.de\/home\/wp-json\/wp\/v2\/pages\/5727","targetHints":{"allow":["GET"]}}],"collection":[{"href":"https:\/\/yoruehmer.de\/home\/wp-json\/wp\/v2\/pages"}],"about":[{"href":"https:\/\/yoruehmer.de\/home\/wp-json\/wp\/v2\/types\/page"}],"author":[{"embeddable":true,"href":"https:\/\/yoruehmer.de\/home\/wp-json\/wp\/v2\/users\/1"}],"replies":[{"embeddable":true,"href":"https:\/\/yoruehmer.de\/home\/wp-json\/wp\/v2\/comments?post=5727"}],"version-history":[{"count":3,"href":"https:\/\/yoruehmer.de\/home\/wp-json\/wp\/v2\/pages\/5727\/revisions"}],"predecessor-version":[{"id":6910,"href":"https:\/\/yoruehmer.de\/home\/wp-json\/wp\/v2\/pages\/5727\/revisions\/6910"}],"wp:attachment":[{"href":"https:\/\/yoruehmer.de\/home\/wp-json\/wp\/v2\/media?parent=5727"}],"curies":[{"name":"wp","href":"https:\/\/api.w.org\/{rel}","templated":true}]}}