{"id":5570,"date":"2024-03-29T14:04:09","date_gmt":"2024-03-29T13:04:09","guid":{"rendered":"https:\/\/yoruehmer.de\/?page_id=5570"},"modified":"2024-03-29T15:12:52","modified_gmt":"2024-03-29T14:12:52","slug":"shop-bretagne-1255","status":"publish","type":"page","link":"https:\/\/yoruehmer.de\/home\/shop-bretagne-1255\/","title":{"rendered":"Shop-Bretagne 1255"},"content":{"rendered":"\n[et_pb_section fb_built=&#8221;1&#8243; fullwidth=&#8221;on&#8221; disabled_on=&#8221;on|on|on&#8221; _builder_version=&#8221;4.24.2&#8243; _module_preset=&#8221;default&#8221; disabled=&#8221;on&#8221; global_colors_info=&#8221;{}&#8221;][et_pb_fullwidth_menu menu_id=&#8221;3&#8243; menu_style=&#8221;centered&#8221; fullwidth_menu=&#8221;off&#8221; active_link_color=&#8221;#000000&#8243; dropdown_menu_line_color=&#8221;#E09900&#8243; dropdown_menu_text_color=&#8221;#E09900&#8243; dropdown_menu_active_link_color=&#8221;#000000&#8243; mobile_menu_text_color=&#8221;#E09900&#8243; module_id=&#8221;pa-open-mobile-menu&#8221; module_class=&#8221;pa-open-mobile-menu&#8221; _builder_version=&#8221;4.16&#8243; _module_preset=&#8221;default&#8221; menu_font=&#8221;|600|||||||&#8221; menu_text_color=&#8221;#E09900&#8243; global_colors_info=&#8221;{}&#8221;][\/et_pb_fullwidth_menu][\/et_pb_section][et_pb_section fb_built=&#8221;1&#8243; module_id=&#8221;english&#8221; _builder_version=&#8221;4.21.0&#8243; global_colors_info=&#8221;{}&#8221;][et_pb_row _builder_version=&#8221;4.24.2&#8243; _module_preset=&#8221;default&#8221; global_colors_info=&#8221;{}&#8221;][et_pb_column type=&#8221;4_4&#8243; _builder_version=&#8221;4.24.2&#8243; _module_preset=&#8221;default&#8221; global_colors_info=&#8221;{}&#8221;][et_pb_image src=&#8221;https:\/\/yoruehmer.de\/wp-content\/uploads\/2024\/03\/Bretgane-lesamiets-peintureenpleinair-1255.jpg&#8221; alt=&#8221;Bretgage-lesamiets-peintureenpleinair-1255&#8243; title_text=&#8221;Bretagne, Felsen Brandung, 30 x 24 cm (Nr. 1255)&#8221; _builder_version=&#8221;4.24.2&#8243; _module_preset=&#8221;default&#8221; global_colors_info=&#8221;{}&#8221;][\/et_pb_image][et_pb_text _builder_version=&#8221;4.24.2&#8243; _module_preset=&#8221;default&#8221; global_colors_info=&#8221;{}&#8221;]<h2>Bretagne, Brandung und Wellen<\/h2>\n<p>\u00d6l auf MDF, 30 x 24 cm, (Nr. 1255)<br \/>gemalt am 6. Februar 2024 Am Plage des Amiets, Kerfissien, Bretagne<\/p>\n<h2>540,- \u20ac<\/h2>\n<p>inkl. Mwst und Versand innerhalb Deutschlands<\/p>[\/et_pb_text][et_pb_text _builder_version=&#8221;4.24.2&#8243; _module_preset=&#8221;default&#8221; hover_enabled=&#8221;0&#8243; global_colors_info=&#8221;{}&#8221; sticky_enabled=&#8221;0&#8243;]<div class=\"separator\">\n<div class=\"separator\">An diesem Februartag hatte ich alle Jahreszeiten an einem Tag.<\/div>\n<div class=\"separator\">\n<div class=\"separator\">Gesch\u00fctzt vorm Wind malte ich zwischen den Felsen in der Sonne und im Nieselregen, immer wieder \u00fcberrascht vom Wechsel der Licht- und Farbverh\u00e4ltnisse unter den schnell ziehenden Wolken &#8230;<\/div>\n<\/div>\n<\/div>\n<div class=\"separator\"><\/div>\n<div class=\"separator\">Mehr dazu im dazugeh\u00f6rigen <a href=\"https:\/\/yomalt.blogspot.com\/2024\/02\/bretagne-sonne-wolken-wind-und-wellen.html\" target=\"_blank\" rel=\"noopener\">Blogeintrag<\/a>.<\/div>[\/et_pb_text][dggm_imagegallery image_size=&#8221;large&#8221; image_to_display=&#8221;3&#8243; use_lightbox=&#8221;on&#8221; _builder_version=&#8221;4.24.2&#8243; _module_preset=&#8221;default&#8221; global_colors_info=&#8221;{}&#8221;][dggm_imagegalleryitem gallery_ids=&#8221;5586,5584,5585&#8243; _builder_version=&#8221;4.24.2&#8243; _module_preset=&#8221;default&#8221; global_colors_info=&#8221;{}&#8221;][\/dggm_imagegalleryitem][\/dggm_imagegallery][et_pb_button button_url=&#8221;@ET-DC@eyJkeW5hbWljIjp0cnVlLCJjb250ZW50IjoicG9zdF9saW5rX3VybF9wYWdlIiwic2V0dGluZ3MiOnsicG9zdF9pZCI6IjQ3MDMifX0=@&#8221; button_text=&#8221;Zur\u00fcck zur \u00dcbersicht&#8221; _builder_version=&#8221;4.24.2&#8243; _dynamic_attributes=&#8221;button_url&#8221; custom_button=&#8221;on&#8221; button_text_color=&#8221;#e09900&#8243; button_bg_color=&#8221;#ffffff&#8221; button_border_width=&#8221;0px&#8221; button_icon=&#8221;&#x23;||divi||400&#8243; button_icon_color=&#8221;#e09900&#8243; button_icon_placement=&#8221;left&#8221; button_on_hover=&#8221;off&#8221; locked=&#8221;off&#8221; global_colors_info=&#8221;{}&#8221;][\/et_pb_button][\/et_pb_column][\/et_pb_row][\/et_pb_section]\n","protected":false},"excerpt":{"rendered":"<p>Bretagne, Brandung und Wellen \u00d6l auf MDF, 30 x 24 cm, (Nr. 1255)gemalt am 6. Februar 2024 Am Plage des Amiets, Kerfissien, Bretagne 540,- \u20ac inkl. Mwst und Versand innerhalb Deutschlands An diesem Februartag hatte ich alle Jahreszeiten an einem Tag. Gesch\u00fctzt vorm Wind malte ich zwischen den Felsen in der Sonne und im Nieselregen, [&hellip;]<\/p>\n","protected":false},"author":1,"featured_media":0,"parent":0,"menu_order":0,"comment_status":"closed","ping_status":"closed","template":"","meta":{"_et_pb_use_builder":"on","_et_pb_old_content":"","_et_gb_content_width":"","footnotes":""},"class_list":["post-5570","page","type-page","status-publish","hentry"],"_links":{"self":[{"href":"https:\/\/yoruehmer.de\/home\/wp-json\/wp\/v2\/pages\/5570","targetHints":{"allow":["GET"]}}],"collection":[{"href":"https:\/\/yoruehmer.de\/home\/wp-json\/wp\/v2\/pages"}],"about":[{"href":"https:\/\/yoruehmer.de\/home\/wp-json\/wp\/v2\/types\/page"}],"author":[{"embeddable":true,"href":"https:\/\/yoruehmer.de\/home\/wp-json\/wp\/v2\/users\/1"}],"replies":[{"embeddable":true,"href":"https:\/\/yoruehmer.de\/home\/wp-json\/wp\/v2\/comments?post=5570"}],"version-history":[{"count":8,"href":"https:\/\/yoruehmer.de\/home\/wp-json\/wp\/v2\/pages\/5570\/revisions"}],"predecessor-version":[{"id":5605,"href":"https:\/\/yoruehmer.de\/home\/wp-json\/wp\/v2\/pages\/5570\/revisions\/5605"}],"wp:attachment":[{"href":"https:\/\/yoruehmer.de\/home\/wp-json\/wp\/v2\/media?parent=5570"}],"curies":[{"name":"wp","href":"https:\/\/api.w.org\/{rel}","templated":true}]}}