{"id":5342,"date":"2024-03-22T13:03:16","date_gmt":"2024-03-22T12:03:16","guid":{"rendered":"https:\/\/yoruehmer.de\/?page_id=5342"},"modified":"2025-10-11T15:08:41","modified_gmt":"2025-10-11T13:08:41","slug":"shop-kastanienallee","status":"publish","type":"page","link":"https:\/\/yoruehmer.de\/home\/shop-kastanienallee\/","title":{"rendered":"Shop-Kastanienallee"},"content":{"rendered":"<p>[et_pb_section fb_built=&#8221;1&#8243; fullwidth=&#8221;on&#8221; disabled_on=&#8221;on|on|on&#8221; _builder_version=&#8221;4.24.2&#8243; _module_preset=&#8221;default&#8221; disabled=&#8221;on&#8221; global_colors_info=&#8221;{}&#8221;][et_pb_fullwidth_menu menu_id=&#8221;3&#8243; menu_style=&#8221;centered&#8221; fullwidth_menu=&#8221;off&#8221; active_link_color=&#8221;#000000&#8243; dropdown_menu_line_color=&#8221;#E09900&#8243; dropdown_menu_text_color=&#8221;#E09900&#8243; dropdown_menu_active_link_color=&#8221;#000000&#8243; mobile_menu_text_color=&#8221;#E09900&#8243; module_id=&#8221;pa-open-mobile-menu&#8221; module_class=&#8221;pa-open-mobile-menu&#8221; _builder_version=&#8221;4.16&#8243; _module_preset=&#8221;default&#8221; menu_font=&#8221;|600|||||||&#8221; menu_text_color=&#8221;#E09900&#8243; global_colors_info=&#8221;{}&#8221;][\/et_pb_fullwidth_menu][\/et_pb_section][et_pb_section fb_built=&#8221;1&#8243; module_id=&#8221;english&#8221; _builder_version=&#8221;4.21.0&#8243; global_colors_info=&#8221;{}&#8221;][et_pb_row _builder_version=&#8221;4.24.2&#8243; _module_preset=&#8221;default&#8221; global_colors_info=&#8221;{}&#8221;][et_pb_column type=&#8221;4_4&#8243; _builder_version=&#8221;4.24.2&#8243; _module_preset=&#8221;default&#8221; global_colors_info=&#8221;{}&#8221;][et_pb_image src=&#8221;https:\/\/yoruehmer.de\/wp-content\/uploads\/2022\/05\/Kastanienallee-bluetenteppich-hallgartenstrasse-frankfurt-pleinairmalerei-oelbild-993.jpg&#8221; alt=&#8221;Kastanienallee-bluetenteppich-hallgartenstra\u00dfe-frankfurt-pleinairmalerei-oelbild-993&#8243; title_text=&#8221;Kastanienallee, 30 x 24 cm, (Nr. 993)&#8221; _builder_version=&#8221;4.24.2&#8243; _module_preset=&#8221;default&#8221; global_colors_info=&#8221;{}&#8221;][\/et_pb_image][et_pb_text _builder_version=&#8221;4.24.2&#8243; _module_preset=&#8221;default&#8221; global_colors_info=&#8221;{}&#8221;]<\/p>\n<h2>Kastanienallee<\/h2>\n<p>\u00d6l auf MDF, 30 x 24 cm, (Nr. 993)<br \/>gemalt am 13. Mai 2022 Im Frankfurter Nordend<\/p>\n<h2>390,- \u20ac<\/h2>\n<p>inkl. Mwst und Versand innerhalb Deutschlands<\/p>\n<p>[\/et_pb_text][et_pb_text _builder_version=&#8221;4.24.2&#8243; _module_preset=&#8221;default&#8221; global_colors_info=&#8221;{}&#8221;]<\/p>\n<div class=\"separator\">Diese Kastanienallee ist direkt in meiner Stra\u00dfe:<\/div>\n<div class=\"separator\">Die herabgefallenen Kastanienbl\u00fcten bildeten einen total flauschigen Teppich!<\/div>\n<div class=\"separator\"><\/div>\n<div class=\"separator\">Damit die Sonnenflecken auf dem Boden sch\u00f6n leuchten, habe ich die Kontraste und S\u00e4ttigung ziemlich gepushed &#8211; in &#8220;echt&#8221; war der Boden heller und auch etwas neutraler in der Farbe.<\/div>\n<div class=\"separator\"><\/div>\n<div class=\"separator\">Ich hatte viel Spa\u00df dabei die Farbe ganz fett mit dem Spachtel aufzutragen.<\/div>\n<div class=\"separator\">Mein Hommage an Max Liebermann, den Meister der gemalten Sonnenflecken unter Kastanien!<\/div>\n<div class=\"separator\"><\/div>\n<div class=\"separator\">Mehr dazu im dazugeh\u00f6rigen <a href=\"https:\/\/yomalt.blogspot.com\/2022\/05\/kastanineblutenteppich.html\" target=\"_blank\" rel=\"noopener\">Blogeintrag<\/a>.<\/div>\n<p>[\/et_pb_text][dggm_imagegallery image_to_display=&#8221;3&#8243; use_lightbox=&#8221;on&#8221; _builder_version=&#8221;4.24.2&#8243; _module_preset=&#8221;default&#8221; global_colors_info=&#8221;{}&#8221;][dggm_imagegalleryitem gallery_ids=&#8221;5347,5345,5346&#8243; _builder_version=&#8221;4.24.2&#8243; _module_preset=&#8221;default&#8221; global_colors_info=&#8221;{}&#8221;][\/dggm_imagegalleryitem][\/dggm_imagegallery][et_pb_button button_url=&#8221;@ET-DC@eyJkeW5hbWljIjp0cnVlLCJjb250ZW50IjoicG9zdF9saW5rX3VybF9wYWdlIiwic2V0dGluZ3MiOnsicG9zdF9pZCI6IjQ3MDMifX0=@&#8221; button_text=&#8221;Zur\u00fcck zur \u00dcbersicht&#8221; _builder_version=&#8221;4.24.2&#8243; _dynamic_attributes=&#8221;button_url&#8221; custom_button=&#8221;on&#8221; button_text_color=&#8221;#e09900&#8243; button_bg_color=&#8221;#ffffff&#8221; button_border_width=&#8221;0px&#8221; button_icon=&#8221;&#x23;||divi||400&#8243; button_icon_color=&#8221;#e09900&#8243; button_icon_placement=&#8221;left&#8221; button_on_hover=&#8221;off&#8221; locked=&#8221;off&#8221; global_colors_info=&#8221;{}&#8221;][\/et_pb_button][\/et_pb_column][\/et_pb_row][\/et_pb_section]<\/p>\n","protected":false},"excerpt":{"rendered":"<p>Kastanienallee \u00d6l auf MDF, 30 x 24 cm, (Nr. 993)gemalt am 13. Mai 2022 Im Frankfurter Nordend 390,- \u20ac inkl. Mwst und Versand innerhalb DeutschlandsDiese Kastanienallee ist direkt in meiner Stra\u00dfe: Die herabgefallenen Kastanienbl\u00fcten bildeten einen total flauschigen Teppich! Damit die Sonnenflecken auf dem Boden sch\u00f6n leuchten, habe ich die Kontraste und S\u00e4ttigung ziemlich gepushed [&hellip;]<\/p>\n","protected":false},"author":1,"featured_media":0,"parent":0,"menu_order":0,"comment_status":"closed","ping_status":"closed","template":"","meta":{"_et_pb_use_builder":"on","_et_pb_old_content":"","_et_gb_content_width":"","footnotes":""},"class_list":["post-5342","page","type-page","status-publish","hentry"],"_links":{"self":[{"href":"https:\/\/yoruehmer.de\/home\/wp-json\/wp\/v2\/pages\/5342","targetHints":{"allow":["GET"]}}],"collection":[{"href":"https:\/\/yoruehmer.de\/home\/wp-json\/wp\/v2\/pages"}],"about":[{"href":"https:\/\/yoruehmer.de\/home\/wp-json\/wp\/v2\/types\/page"}],"author":[{"embeddable":true,"href":"https:\/\/yoruehmer.de\/home\/wp-json\/wp\/v2\/users\/1"}],"replies":[{"embeddable":true,"href":"https:\/\/yoruehmer.de\/home\/wp-json\/wp\/v2\/comments?post=5342"}],"version-history":[{"count":10,"href":"https:\/\/yoruehmer.de\/home\/wp-json\/wp\/v2\/pages\/5342\/revisions"}],"predecessor-version":[{"id":6911,"href":"https:\/\/yoruehmer.de\/home\/wp-json\/wp\/v2\/pages\/5342\/revisions\/6911"}],"wp:attachment":[{"href":"https:\/\/yoruehmer.de\/home\/wp-json\/wp\/v2\/media?parent=5342"}],"curies":[{"name":"wp","href":"https:\/\/api.w.org\/{rel}","templated":true}]}}