{"id":4036,"date":"2021-09-25T20:22:57","date_gmt":"2021-09-25T18:22:57","guid":{"rendered":"https:\/\/yoruehmer.de\/?page_id=4036"},"modified":"2021-12-10T17:54:32","modified_gmt":"2021-12-10T16:54:32","slug":"uebersicht-pleinairmalerei","status":"publish","type":"page","link":"https:\/\/yoruehmer.de\/home\/uebersicht-pleinairmalerei\/","title":{"rendered":"\u00dcbersicht Pleinairmalerei"},"content":{"rendered":"<p>[et_pb_section fb_built=&#8221;1&#8243; fullwidth=&#8221;on&#8221; _builder_version=&#8221;4.9.1&#8243; _module_preset=&#8221;default&#8221; global_colors_info=&#8221;{}&#8221;][et_pb_fullwidth_slider show_arrows=&#8221;off&#8221; show_pagination=&#8221;off&#8221; _builder_version=&#8221;4.10.5&#8243; _module_preset=&#8221;default&#8221; background_image=&#8221;http:\/\/yoruehmer.de\/wp-content\/uploads\/2021\/02\/852Achthundertzweiundfuenfzig.jpg&#8221; min_height=&#8221;500px&#8221; min_height_tablet=&#8221;500px&#8221; min_height_phone=&#8221;300px&#8221; min_height_last_edited=&#8221;on|phone&#8221; header_font_size_tablet=&#8221;&#8221; header_font_size_phone=&#8221;&#8221; header_font_size_last_edited=&#8221;on|desktop&#8221; global_colors_info=&#8221;{}&#8221;][et_pb_slide heading=&#8221;\u00dcbersicht&#8221; _builder_version=&#8221;4.9.1&#8243; _module_preset=&#8221;default&#8221; header_font_size=&#8221;100px&#8221; background_color=&#8221;RGBA(0,0,0,0)&#8221; background_enable_color=&#8221;on&#8221; background_image=&#8221;https:\/\/yoruehmer.de\/wp-content\/uploads\/2021\/02\/winter-pleinairmalerei-852.jpg&#8221; background_enable_image=&#8221;on&#8221; text_orientation=&#8221;center&#8221; header_font_size_tablet=&#8221;68px&#8221; header_font_size_phone=&#8221;35px&#8221; header_font_size_last_edited=&#8221;on|phone&#8221; global_colors_info=&#8221;{}&#8221; sticky_transition=&#8221;on&#8221;][\/et_pb_slide][\/et_pb_fullwidth_slider][et_pb_fullwidth_menu menu_id=&#8221;3&#8243; menu_style=&#8221;centered&#8221; fullwidth_menu=&#8221;off&#8221; active_link_color=&#8221;#000000&#8243; dropdown_menu_line_color=&#8221;#E09900&#8243; dropdown_menu_text_color=&#8221;#E09900&#8243; dropdown_menu_active_link_color=&#8221;#000000&#8243; mobile_menu_text_color=&#8221;#E09900&#8243; module_id=&#8221;pa-open-mobile-menu&#8221; module_class=&#8221;pa-open-mobile-menu&#8221; _builder_version=&#8221;4.9.1&#8243; _module_preset=&#8221;default&#8221; menu_font=&#8221;|600|||||||&#8221; menu_text_color=&#8221;#E09900&#8243; global_colors_info=&#8221;{}&#8221;][\/et_pb_fullwidth_menu][\/et_pb_section][et_pb_section fb_built=&#8221;1&#8243; _builder_version=&#8221;4.9.1&#8243; custom_margin=&#8221;0px||||false|false&#8221; custom_margin_tablet=&#8221;0px||||false|false&#8221; custom_margin_phone=&#8221;0px||||false|false&#8221; custom_margin_last_edited=&#8221;on|phone&#8221; global_colors_info=&#8221;{}&#8221;][et_pb_row _builder_version=&#8221;4.3.4&#8243; global_colors_info=&#8221;{}&#8221;][et_pb_column type=&#8221;4_4&#8243; _builder_version=&#8221;4.3.4&#8243; global_colors_info=&#8221;{}&#8221;][et_pb_text _builder_version=&#8221;4.13.1&#8243; hover_enabled=&#8221;0&#8243; global_colors_info=&#8221;{}&#8221; sticky_enabled=&#8221;0&#8243;]<\/p>\n<h2><a href=\"#english\"><\/a>Willkommen auf meiner Pleinairmalerei-Seite!<\/h2>\n<p>&nbsp;<\/p>\n<div class=\"hide\">\n<p>Hier zeige ich eine Auswahl meiner \u00d6lbilder, die ich in den letzten Jahren drau\u00dfen gemalt habe. Als Ausgleich zu meinen digitalen Illustrationen habe ich 2012 mit dem Pleinairmalen angefangen, (\u201cen plein air\u201d ist franz\u00f6sisch f\u00fcr \u201cim Freien\u201d) oder\u00a0auch Freiluft- oder Freilichtmalerei genannt. Ich genie\u00dfe es sehr, ohne Briefings und frei von Termindruck drau\u00dfen zu sein, mir nichts ausdenken zu m\u00fcssen, sondern einfach nur zu malen, was ich sehe und dabei alle Sinneseindr\u00fccke aufzunehmen, die mich vor Ort umgeben. Ich habe seit dem ersten alle Bilder durchnummeriert. Ich male pro Jahr ca. 100 Bilder \u2013 so k\u00f6nnt ihr an der Bildnummer erkennen, wann ich das Bild ungef\u00e4hr gemalt habe. Auf meinem <strong><a href=\"https:\/\/yoruehmer.de\/blog\/\" target=\"_blank\" rel=\"noopener noreferrer\">Blog<\/a><\/strong> k\u00f6nnt ihr alle (!) meine Bilder unzensiert in chronologischer Reihenfolge sehen.<br \/>Wenn ihr auch gerne an der frischen Luft malen wollt, aber nicht wisst, wie das geht, oder was ihr daf\u00fcr braucht (oder euch noch nicht traut): das alles habe ich in meinem Buch <a href=\"https:\/\/yoruehmer.de\/pleinairmalerei\/pleinairbuch\/\" target=\"_blank\" rel=\"noopener noreferrer\"><strong>Mal einfach drau\u00dfen!<\/strong><\/a> ganz genau erkl\u00e4rt.<br \/>Um das noch besser erkl\u00e4ren zu k\u00f6nnen, drehe ich von Zeit zu Zeit auch <strong><a href=\"https:\/\/yoruehmer.de\/videos\/\" target=\"_blank\" rel=\"noopener noreferrer\">Videos<\/a><\/strong> von meinem Malprozess und zeige meine <strong><a href=\"https:\/\/yoruehmer.de\/pleinair-ausruestung\/\" target=\"_blank\" rel=\"noopener noreferrer\">Pleinairausr\u00fcstung<\/a>.<\/strong>\u00a0<\/p>\n<p>F\u00fcr alle, die es noch genauer \u00a0wissen wollen, biete ich seit 2020 auch <strong><a href=\"https:\/\/yoruehmer.de\/workshops\/\" target=\"_blank\" rel=\"noopener noreferrer\">Workshops<\/a><\/strong> an.<\/p>\n<p>Nat\u00fcrlich verkaufe ich meine Bilder auch. Die Preise beginnen bei \u20ac 350,-. Schreibt mir einfach eine unverbindliche Anfrage per <strong><a href=\"mailto:mail@yoruehmer.de\" target=\"_blank\" rel=\"noopener noreferrer\">Mail<\/a><\/strong>, ob euer Wunsch-Bild noch verf\u00fcgbar ist.<\/p>\n<p><a href=\"#english\">english version<\/a><\/p>\n<p>&nbsp;<\/p>\n<\/div>\n<div class=\"exp-wrappper\"><span data-more=\"Mehr erfahren\" data-less=\"Text verbergen\" class=\"exp-button button background-taste \">Mehr erfahren<\/span><\/div>\n<p>&nbsp;<\/p>\n<p>[\/et_pb_text][\/et_pb_column][\/et_pb_row][et_pb_row column_structure=&#8221;1_3,1_3,1_3&#8243; _builder_version=&#8221;4.3.4&#8243; custom_margin=&#8221;||||false|false&#8221; global_colors_info=&#8221;{}&#8221;][et_pb_column type=&#8221;1_3&#8243; _builder_version=&#8221;4.3.4&#8243; global_colors_info=&#8221;{}&#8221;][divienhancer_flipBox _builder_version=&#8221;4.3.4&#8243; custom_margin=&#8221;||||false|false&#8221; custom_padding=&#8221;|||0px|false|false&#8221; global_colors_info=&#8221;{}&#8221;][divienhancer_flipBoxChild identifier=&#8221;vorne&#8221; _builder_version=&#8221;4.3.4&#8243; background_image=&#8221;http:\/\/yoruehmer.de\/wp-content\/uploads\/2020\/04\/761Siebenhunderteinundsechzig.jpg&#8221; background_enable_image=&#8221;on&#8221; custom_padding=&#8221;350px||0px||false|false&#8221; global_colors_info=&#8221;{}&#8221;][\/divienhancer_flipBoxChild][divienhancer_flipBoxChild identifier=&#8221;hinten&#8221; _builder_version=&#8221;4.3.4&#8243; background_image=&#8221;http:\/\/yoruehmer.de\/wp-content\/uploads\/2020\/04\/23_4_20.jpg&#8221; background_enable_image=&#8221;on&#8221; custom_padding=&#8221;||||false|false&#8221; global_colors_info=&#8221;{}&#8221;][\/divienhancer_flipBoxChild][\/divienhancer_flipBox][divienhancer_flipBox _builder_version=&#8221;4.3.4&#8243; global_colors_info=&#8221;{}&#8221;][divienhancer_flipBoxChild identifier=&#8221;vorne&#8221; _builder_version=&#8221;4.3.4&#8243; background_image=&#8221;http:\/\/yoruehmer.de\/wp-content\/uploads\/2020\/04\/666NrSechshundertsechsundsechzig.jpg&#8221; background_enable_image=&#8221;on&#8221; custom_padding=&#8221;178px||0px||false|false&#8221; global_colors_info=&#8221;{}&#8221;][\/divienhancer_flipBoxChild][divienhancer_flipBoxChild identifier=&#8221;hinten&#8221; _builder_version=&#8221;4.3.4&#8243; background_image=&#8221;http:\/\/yoruehmer.de\/wp-content\/uploads\/2020\/04\/3_6_19.jpg&#8221; background_enable_image=&#8221;on&#8221; global_colors_info=&#8221;{}&#8221;][\/divienhancer_flipBoxChild][\/divienhancer_flipBox][divienhancer_flipBox _builder_version=&#8221;4.9.1&#8243; global_colors_info=&#8221;{}&#8221;][divienhancer_flipBoxChild identifier=&#8221;vorne&#8221; _builder_version=&#8221;4.9.1&#8243; background_image=&#8221;https:\/\/yoruehmer.de\/wp-content\/uploads\/2021\/03\/ostpark-frankfurt-spiegelung-gemalt-735.jpg&#8221; background_enable_image=&#8221;on&#8221; custom_padding=&#8221;142px||142px||true|false&#8221; global_colors_info=&#8221;{}&#8221;][\/divienhancer_flipBoxChild][divienhancer_flipBoxChild identifier=&#8221;hinten&#8221; _builder_version=&#8221;4.3.4&#8243; background_image=&#8221;http:\/\/yoruehmer.de\/wp-content\/uploads\/2020\/04\/Herbstspiegelung_Oelbild.jpg&#8221; background_enable_image=&#8221;on&#8221; global_colors_info=&#8221;{}&#8221;][\/divienhancer_flipBoxChild][\/divienhancer_flipBox][divienhancer_flipBox _builder_version=&#8221;4.9.1&#8243; global_colors_info=&#8221;{}&#8221;][divienhancer_flipBoxChild identifier=&#8221;vorne&#8221; _builder_version=&#8221;4.9.1&#8243; background_image=&#8221;http:\/\/yoruehmer.de\/wp-content\/uploads\/2021\/03\/fruehlingsblumen-gemalt-oelbild-pleinairmalerei-allaprima-752.jpg&#8221; background_enable_image=&#8221;on&#8221; custom_padding=&#8221;100px||0px||false|false&#8221; global_colors_info=&#8221;{}&#8221;][\/divienhancer_flipBoxChild][divienhancer_flipBoxChild identifier=&#8221;hinten&#8221; _builder_version=&#8221;4.3.4&#8243; background_image=&#8221;http:\/\/yoruehmer.de\/wp-content\/uploads\/2020\/04\/24_3_20.jpg&#8221; background_enable_image=&#8221;on&#8221; background_position=&#8221;top_center&#8221; custom_padding=&#8221;117px||117px||true|false&#8221; global_colors_info=&#8221;{}&#8221;][\/divienhancer_flipBoxChild][\/divienhancer_flipBox][divienhancer_flipBox _builder_version=&#8221;4.9.1&#8243; global_colors_info=&#8221;{}&#8221;][divienhancer_flipBoxChild identifier=&#8221;vorne&#8221; _builder_version=&#8221;4.9.1&#8243; background_image=&#8221;http:\/\/yoruehmer.de\/wp-content\/uploads\/2021\/03\/fenster-gemalt-oelbild-pleinairmalerei-allaprima-587.jpg&#8221; background_enable_image=&#8221;on&#8221; custom_padding=&#8221;489px||0px||false|false&#8221; global_colors_info=&#8221;{}&#8221;][\/divienhancer_flipBoxChild][divienhancer_flipBoxChild identifier=&#8221;hinten&#8221; _builder_version=&#8221;4.3.4&#8243; background_image=&#8221;http:\/\/yoruehmer.de\/wp-content\/uploads\/2020\/04\/Fenster_gemalt.jpg&#8221; background_enable_image=&#8221;on&#8221; global_colors_info=&#8221;{}&#8221;][\/divienhancer_flipBoxChild][\/divienhancer_flipBox][\/et_pb_column][et_pb_column type=&#8221;1_3&#8243; _builder_version=&#8221;4.3.4&#8243; global_colors_info=&#8221;{}&#8221;][divienhancer_flipBox _builder_version=&#8221;4.4.8&#8243; module_alignment=&#8221;left&#8221; custom_margin=&#8221;0px||||false|false&#8221; custom_padding=&#8221;0px||0px||true|false&#8221; global_colors_info=&#8221;{}&#8221;][divienhancer_flipBoxChild identifier=&#8221;vorne&#8221; _builder_version=&#8221;4.4.8&#8243; background_image=&#8221;http:\/\/yoruehmer.de\/wp-content\/uploads\/2020\/12\/834Achthundertvierunddreissig.jpg&#8221; background_enable_image=&#8221;on&#8221; custom_padding=&#8221;477px||||false|false&#8221; global_colors_info=&#8221;{}&#8221;][\/divienhancer_flipBoxChild][divienhancer_flipBoxChild identifier=&#8221;hinten&#8221; _builder_version=&#8221;4.4.8&#8243; background_image=&#8221;http:\/\/yoruehmer.de\/wp-content\/uploads\/2020\/12\/Schnee_Location.jpg&#8221; background_enable_image=&#8221;on&#8221; global_colors_info=&#8221;{}&#8221;][\/divienhancer_flipBoxChild][\/divienhancer_flipBox][divienhancer_flipBox _builder_version=&#8221;4.4.8&#8243; global_colors_info=&#8221;{}&#8221;][divienhancer_flipBoxChild identifier=&#8221;vorne&#8221; _builder_version=&#8221;4.4.8&#8243; background_image=&#8221;http:\/\/yoruehmer.de\/wp-content\/uploads\/2020\/08\/783Siebenhundertdreiundachtzig.jpg&#8221; background_enable_image=&#8221;on&#8221; custom_padding=&#8221;117px||117px||true|false&#8221; global_colors_info=&#8221;{}&#8221;][\/divienhancer_flipBoxChild][divienhancer_flipBoxChild identifier=&#8221;hinten&#8221; _builder_version=&#8221;4.4.8&#8243; background_image=&#8221;http:\/\/yoruehmer.de\/wp-content\/uploads\/2020\/10\/22_7_20_4.jpg&#8221; background_enable_image=&#8221;on&#8221; custom_padding=&#8221;117px||117px||true|false&#8221; global_colors_info=&#8221;{}&#8221;][\/divienhancer_flipBoxChild][\/divienhancer_flipBox][divienhancer_flipBox _builder_version=&#8221;4.4.8&#8243; global_colors_info=&#8221;{}&#8221;][divienhancer_flipBoxChild identifier=&#8221;vorne&#8221; _builder_version=&#8221;4.4.8&#8243; background_image=&#8221;http:\/\/yoruehmer.de\/wp-content\/uploads\/2020\/08\/798Siebenhundertachtundneunzig-1.jpg&#8221; background_enable_image=&#8221;on&#8221; custom_padding=&#8221;144px||144px||true|false&#8221; global_colors_info=&#8221;{}&#8221;][\/divienhancer_flipBoxChild][divienhancer_flipBoxChild identifier=&#8221;hinten&#8221; _builder_version=&#8221;4.4.8&#8243; background_image=&#8221;http:\/\/yoruehmer.de\/wp-content\/uploads\/2020\/08\/Walkmuehle.jpg&#8221; background_enable_image=&#8221;on&#8221; custom_padding=&#8221;144px||144px||true|false&#8221; global_colors_info=&#8221;{}&#8221;][\/divienhancer_flipBoxChild][\/divienhancer_flipBox][divienhancer_flipBox _builder_version=&#8221;4.3.4&#8243; global_colors_info=&#8221;{}&#8221;][divienhancer_flipBoxChild identifier=&#8221;vorne&#8221; _builder_version=&#8221;4.3.4&#8243; background_image=&#8221;http:\/\/yoruehmer.de\/wp-content\/uploads\/2020\/04\/638NrSechshundertachtunddrei\u00dfig.jpg&#8221; background_enable_image=&#8221;on&#8221; custom_padding=&#8221;463px||0px||false|false&#8221; global_colors_info=&#8221;{}&#8221;][\/divienhancer_flipBoxChild][divienhancer_flipBoxChild identifier=&#8221;hinten&#8221; _builder_version=&#8221;4.3.4&#8243; background_enable_color=&#8221;off&#8221; background_image=&#8221;http:\/\/yoruehmer.de\/wp-content\/uploads\/2020\/04\/Schnee_Oelbild.jpg&#8221; background_enable_image=&#8221;on&#8221; custom_padding=&#8221;117px||117px||true|false&#8221; global_colors_info=&#8221;{}&#8221;][\/divienhancer_flipBoxChild][\/divienhancer_flipBox][\/et_pb_column][et_pb_column type=&#8221;1_3&#8243; _builder_version=&#8221;4.3.4&#8243; global_colors_info=&#8221;{}&#8221;][divienhancer_flipBox _builder_version=&#8221;4.9.1&#8243; module_alignment=&#8221;left&#8221; custom_margin=&#8221;0px||||false|false&#8221; custom_padding=&#8221;0px||0px||true|false&#8221; global_colors_info=&#8221;{}&#8221;][divienhancer_flipBoxChild identifier=&#8221;vorne&#8221; _builder_version=&#8221;4.9.1&#8243; background_image=&#8221;http:\/\/yoruehmer.de\/wp-content\/uploads\/2021\/03\/fruehlingsblueten-gemalt-oelbild-pleinairmalerei-allaprima-751.jpg&#8221; background_enable_image=&#8221;on&#8221; custom_padding=&#8221;477px||||false|false&#8221; global_colors_info=&#8221;{}&#8221;][\/divienhancer_flipBoxChild][divienhancer_flipBoxChild identifier=&#8221;hinten&#8221; _builder_version=&#8221;4.3.4&#8243; background_image=&#8221;http:\/\/yoruehmer.de\/wp-content\/uploads\/2020\/04\/19_3_20_1.jpg&#8221; background_enable_image=&#8221;on&#8221; global_colors_info=&#8221;{}&#8221;][\/divienhancer_flipBoxChild][\/divienhancer_flipBox][divienhancer_flipBox _builder_version=&#8221;4.9.4&#8243; module_alignment=&#8221;left&#8221; custom_margin=&#8221;0px||||false|false&#8221; custom_padding=&#8221;0px||0px||true|false&#8221; global_colors_info=&#8221;{}&#8221;][divienhancer_flipBoxChild identifier=&#8221;vorne&#8221; _builder_version=&#8221;4.9.4&#8243; background_image=&#8221;https:\/\/yoruehmer.de\/wp-content\/uploads\/2021\/06\/bretagne-pleinairmalerei-oelbild-893.jpg&#8221; background_enable_image=&#8221;on&#8221; custom_padding=&#8221;270px||||false|false&#8221; global_colors_info=&#8221;{}&#8221;][\/divienhancer_flipBoxChild][divienhancer_flipBoxChild identifier=&#8221;hinten&#8221; _builder_version=&#8221;4.9.4&#8243; background_image=&#8221;https:\/\/yoruehmer.de\/wp-content\/uploads\/2021\/06\/brittany-pleinairpainting1.jpg&#8221; background_enable_image=&#8221;on&#8221; global_colors_info=&#8221;{}&#8221;][\/divienhancer_flipBoxChild][\/divienhancer_flipBox][divienhancer_flipBox _builder_version=&#8221;4.3.4&#8243; global_colors_info=&#8221;{}&#8221;][divienhancer_flipBoxChild identifier=&#8221;vorne&#8221; _builder_version=&#8221;4.3.4&#8243; background_image=&#8221;http:\/\/yoruehmer.de\/wp-content\/uploads\/2020\/04\/709NrSiebenhunderneun.jpg&#8221; background_enable_image=&#8221;on&#8221; custom_padding=&#8221;271px||0px||false|false&#8221; global_colors_info=&#8221;{}&#8221;][\/divienhancer_flipBoxChild][divienhancer_flipBoxChild identifier=&#8221;hinten&#8221; _builder_version=&#8221;4.3.4&#8243; background_image=&#8221;http:\/\/yoruehmer.de\/wp-content\/uploads\/2020\/04\/Starnd_Wolken_gemalt.jpg&#8221; background_enable_image=&#8221;on&#8221; global_colors_info=&#8221;{}&#8221;][\/divienhancer_flipBoxChild][\/divienhancer_flipBox][divienhancer_flipBox _builder_version=&#8221;4.9.1&#8243; custom_padding=&#8221;||||false|false&#8221; global_colors_info=&#8221;{}&#8221;][divienhancer_flipBoxChild identifier=&#8221;vorne&#8221; _builder_version=&#8221;4.9.1&#8243; background_image=&#8221;http:\/\/yoruehmer.de\/wp-content\/uploads\/2021\/03\/conti-plage-peinture-gemalt-oelbild-pleinairmalerei-allaprima595.jpg&#8221; background_enable_image=&#8221;on&#8221; custom_padding=&#8221;261px||0px||false|false&#8221; global_colors_info=&#8221;{}&#8221;][\/divienhancer_flipBoxChild][divienhancer_flipBoxChild identifier=&#8221;hinten&#8221; _builder_version=&#8221;4.9.1&#8243; background_image=&#8221;http:\/\/yoruehmer.de\/wp-content\/uploads\/2020\/04\/Ebbe_Staffelei-4.jpg&#8221; background_enable_image=&#8221;on&#8221; background_position=&#8221;top_center&#8221; custom_padding=&#8221;117px||117px||true|false&#8221; global_colors_info=&#8221;{}&#8221;][\/divienhancer_flipBoxChild][\/divienhancer_flipBox][divienhancer_flipBox _builder_version=&#8221;4.3.4&#8243; global_colors_info=&#8221;{}&#8221;][divienhancer_flipBoxChild identifier=&#8221;vorne&#8221; _builder_version=&#8221;4.4.8&#8243; background_image=&#8221;http:\/\/yoruehmer.de\/wp-content\/uploads\/2020\/08\/782Siebenhundertzweiundachtzig.jpg&#8221; background_enable_image=&#8221;on&#8221; custom_padding=&#8221;271px||0px||false|false&#8221; global_colors_info=&#8221;{}&#8221;][\/divienhancer_flipBoxChild][divienhancer_flipBoxChild identifier=&#8221;hinten&#8221; _builder_version=&#8221;4.4.8&#8243; background_image=&#8221;http:\/\/yoruehmer.de\/wp-content\/uploads\/2020\/08\/22_7_20_3.jpg&#8221; background_enable_image=&#8221;on&#8221; global_colors_info=&#8221;{}&#8221;][\/divienhancer_flipBoxChild][\/divienhancer_flipBox][\/et_pb_column][\/et_pb_row][et_pb_row column_structure=&#8221;1_2,1_2&#8243; _builder_version=&#8221;4.3.4&#8243; global_colors_info=&#8221;{}&#8221;][et_pb_column type=&#8221;1_2&#8243; _builder_version=&#8221;4.3.4&#8243; global_colors_info=&#8221;{}&#8221;][et_pb_button button_url=&#8221;@ET-DC@eyJkeW5hbWljIjp0cnVlLCJjb250ZW50IjoicG9zdF9saW5rX3VybF9wYWdlIiwic2V0dGluZ3MiOnsicG9zdF9pZCI6IjIxIn19@&#8221; button_text=&#8221;zur\u00fcck zur Startseite&#8221; _builder_version=&#8221;4.13.0&#8243; _dynamic_attributes=&#8221;button_url&#8221; custom_button=&#8221;on&#8221; button_text_color=&#8221;#e09900&#8243; button_bg_color=&#8221;#ffffff&#8221; button_border_width=&#8221;0px&#8221; button_icon=&#8221;&#x23;||divi||400&#8243; button_icon_color=&#8221;#e09900&#8243; button_icon_placement=&#8221;left&#8221; button_on_hover=&#8221;off&#8221; global_colors_info=&#8221;{}&#8221;][\/et_pb_button][\/et_pb_column][et_pb_column type=&#8221;1_2&#8243; _builder_version=&#8221;4.3.4&#8243; global_colors_info=&#8221;{}&#8221;][et_pb_button button_url=&#8221;@ET-DC@eyJkeW5hbWljIjp0cnVlLCJjb250ZW50IjoicG9zdF9saW5rX3VybF9wYWdlIiwic2V0dGluZ3MiOnsicG9zdF9pZCI6IjIxNDgifX0=@&#8221; button_text=&#8221;Portfolio&#8221; button_alignment=&#8221;right&#8221; _builder_version=&#8221;4.13.0&#8243; _dynamic_attributes=&#8221;button_url&#8221; custom_button=&#8221;on&#8221; button_text_color=&#8221;#e09900&#8243; button_bg_color=&#8221;#ffffff&#8221; button_border_width=&#8221;0px&#8221; button_icon=&#8221;&#x24;||divi||400&#8243; button_icon_color=&#8221;#e09900&#8243; button_on_hover=&#8221;off&#8221; global_colors_info=&#8221;{}&#8221;][\/et_pb_button][\/et_pb_column][\/et_pb_row][\/et_pb_section][et_pb_section fb_built=&#8221;1&#8243; module_id=&#8221;english&#8221; _builder_version=&#8221;4.3.4&#8243; global_colors_info=&#8221;{}&#8221;][et_pb_row _builder_version=&#8221;4.3.4&#8243; custom_margin=&#8221;-100px||||false|false&#8221; global_colors_info=&#8221;{}&#8221;][et_pb_column type=&#8221;4_4&#8243; _builder_version=&#8221;4.3.4&#8243; global_colors_info=&#8221;{}&#8221;][et_pb_toggle title=&#8221;english version&#8221; open_toggle_text_color=&#8221;#e09900&#8243; open_toggle_background_color=&#8221;#ffffff&#8221; closed_toggle_background_color=&#8221;#ffffff&#8221; icon_color=&#8221;#e09900&#8243; open_icon_color=&#8221;#e09900&#8243; _builder_version=&#8221;4.13.1&#8243; title_text_color=&#8221;#e09900&#8243; title_text_align=&#8221;left&#8221; closed_title_text_align=&#8221;left&#8221; text_orientation=&#8221;left&#8221; custom_margin=&#8221;|-21px||-20px|false|false&#8221; hover_enabled=&#8221;0&#8243; border_width_all=&#8221;0px&#8221; global_colors_info=&#8221;{}&#8221; sticky_enabled=&#8221;0&#8243;]<\/p>\n<p><em>Here I show a selection of my pleinair paintings, which I have painted outdoors during the last years. I started in 2012 and numbered all paintings since the very first one. I paint about 100 paintings per year &#8211; so you can see by it&#8217;s number when the painting was made.<\/em><\/p>\n<p><em>I show all (!) of my paintings in chronological order on my <strong><a href=\"http:\/\/yoruehmer.de\/blog\/\" target=\"_blank\" rel=\"noopener noreferrer\">blog<\/a><\/strong>.<\/em><\/p>\n<p><em>If you also like to paint in the fresh air, but don&#8217;t know how to do it or what you need (or don&#8217;t dare yet): I have explained all this in detail in my german book <a href=\"http:\/\/yoruehmer.de\/pleinairmalerei\/pleinairbuch\/\" target=\"_blank\" rel=\"noopener noreferrer\"><strong>Mal einfach drau\u00dfen!<\/strong><\/a><\/em><\/p>\n<p>To explain this even better I also make <strong><a href=\"http:\/\/yoruehmer.de\/videos\/\" target=\"_blank\" rel=\"noopener noreferrer\">videos<\/a><\/strong> of my painting process and show my <a href=\"http:\/\/yoruehmer.de\/pleinair-ausruestung\/\" target=\"_blank\" rel=\"noopener noreferrer\">pleinair <strong>equipment.<\/strong><\/a><\/p>\n<p>For all those who want to know more, I also offer <strong><a href=\"http:\/\/yoruehmer.de\/workshops\/\" target=\"_blank\" rel=\"noopener noreferrer\">workshops<\/a><\/strong> since this year.<\/p>\n<p><em>Of course I also sell my paintings. The prices are starting with \u20ac 350,-<br \/><\/em><em>Just send me a non-binding inquiry by <strong><a href=\"mailto:mail@yoruehmer.de\">mail<\/a><\/strong>, if your desired painting is still available.<\/em><\/p>\n<p>[\/et_pb_toggle][\/et_pb_column][\/et_pb_row][\/et_pb_section]<\/p>\n","protected":false},"excerpt":{"rendered":"<p>Willkommen auf meiner Pleinairmalerei-Seite! &nbsp; Hier zeige ich eine Auswahl meiner \u00d6lbilder, die ich in den letzten Jahren drau\u00dfen gemalt habe. Als Ausgleich zu meinen digitalen Illustrationen habe ich 2012 mit dem Pleinairmalen angefangen, (\u201cen plein air\u201d ist franz\u00f6sisch f\u00fcr \u201cim Freien\u201d) oder\u00a0auch Freiluft- oder Freilichtmalerei genannt. Ich genie\u00dfe es sehr, ohne Briefings und frei [&hellip;]<\/p>\n","protected":false},"author":1,"featured_media":0,"parent":0,"menu_order":0,"comment_status":"closed","ping_status":"closed","template":"","meta":{"_et_pb_use_builder":"on","_et_pb_old_content":"","_et_gb_content_width":"","footnotes":""},"class_list":["post-4036","page","type-page","status-publish","hentry"],"_links":{"self":[{"href":"https:\/\/yoruehmer.de\/home\/wp-json\/wp\/v2\/pages\/4036","targetHints":{"allow":["GET"]}}],"collection":[{"href":"https:\/\/yoruehmer.de\/home\/wp-json\/wp\/v2\/pages"}],"about":[{"href":"https:\/\/yoruehmer.de\/home\/wp-json\/wp\/v2\/types\/page"}],"author":[{"embeddable":true,"href":"https:\/\/yoruehmer.de\/home\/wp-json\/wp\/v2\/users\/1"}],"replies":[{"embeddable":true,"href":"https:\/\/yoruehmer.de\/home\/wp-json\/wp\/v2\/comments?post=4036"}],"version-history":[{"count":6,"href":"https:\/\/yoruehmer.de\/home\/wp-json\/wp\/v2\/pages\/4036\/revisions"}],"predecessor-version":[{"id":4798,"href":"https:\/\/yoruehmer.de\/home\/wp-json\/wp\/v2\/pages\/4036\/revisions\/4798"}],"wp:attachment":[{"href":"https:\/\/yoruehmer.de\/home\/wp-json\/wp\/v2\/media?parent=4036"}],"curies":[{"name":"wp","href":"https:\/\/api.w.org\/{rel}","templated":true}]}}