{"id":377,"date":"2020-04-13T17:17:40","date_gmt":"2020-04-13T15:17:40","guid":{"rendered":"http:\/\/pleinairmalerei.yoruehmer.de\/wordpress\/?page_id=377"},"modified":"2025-03-05T20:33:59","modified_gmt":"2025-03-05T19:33:59","slug":"herbst","status":"publish","type":"page","link":"https:\/\/yoruehmer.de\/home\/portfolio-malerei\/herbst\/","title":{"rendered":"Herbst"},"content":{"rendered":"<p>[et_pb_section fb_built=&#8221;1&#8243; fullwidth=&#8221;on&#8221; _builder_version=&#8221;4.16&#8243; _module_preset=&#8221;default&#8221; global_colors_info=&#8221;{}&#8221;][et_pb_fullwidth_slider show_arrows=&#8221;off&#8221; show_pagination=&#8221;off&#8221; admin_label=&#8221;Portfolio VB Slider&#8221; _builder_version=&#8221;4.27.0&#8243; _dynamic_attributes=&#8221;button_link&#8221; _module_preset=&#8221;default&#8221; header_level=&#8221;h1&#8243; header_text_color=&#8221;#FFFFFF&#8221; header_font_size=&#8221;52px&#8221; header_line_height=&#8221;1.8em&#8221; background_color=&#8221;RGBA(255,255,255,0)&#8221; background_image=&#8221;https:\/\/yoruehmer.de\/wp-content\/uploads\/2024\/08\/Workshop-Slider_Borkum.jpg&#8221; background_position=&#8221;top_center&#8221; width_tablet=&#8221;&#8221; width_phone=&#8221;&#8221; width_last_edited=&#8221;on|phone&#8221; module_alignment=&#8221;center&#8221; content_width=&#8221;100%&#8221; content_max_width=&#8221;1200px&#8221; content_max_width_tablet=&#8221;1000px&#8221; content_max_width_phone=&#8221;600px&#8221; content_max_width_last_edited=&#8221;on|phone&#8221; min_height_tablet=&#8221;&#8221; min_height_phone=&#8221;&#8221; min_height_last_edited=&#8221;on|desktop&#8221; height=&#8221;300px&#8221; height_tablet=&#8221;250px&#8221; height_phone=&#8221;150px&#8221; height_last_edited=&#8221;on|desktop&#8221; max_height_tablet=&#8221;&#8221; max_height_phone=&#8221;&#8221; max_height_last_edited=&#8221;on|desktop&#8221; custom_padding=&#8221;120px||||false|false&#8221; custom_padding_tablet=&#8221;110px||||false|false&#8221; custom_padding_phone=&#8221;50px||||false|false&#8221; custom_padding_last_edited=&#8221;on|phone&#8221; animation_direction=&#8221;right&#8221; auto=&#8221;on&#8221; header_font_size_tablet=&#8221;39px&#8221; header_font_size_phone=&#8221;24px&#8221; header_font_size_last_edited=&#8221;on|phone&#8221; header_line_height_tablet=&#8221;1.3em&#8221; header_line_height_phone=&#8221;1em&#8221; header_line_height_last_edited=&#8221;on|phone&#8221; header_text_shadow_style=&#8221;preset1&#8243; global_module=&#8221;5268&#8243; saved_tabs=&#8221;all&#8221; global_colors_info=&#8221;{}&#8221;][et_pb_slide heading=&#8221;Herbst&#8221; _builder_version=&#8221;4.24.2&#8243; _module_preset=&#8221;default&#8221; background_color=&#8221;RGBA(255,255,255,0)&#8221; background_enable_color=&#8221;on&#8221; background_image=&#8221;https:\/\/yoruehmer.de\/wp-content\/uploads\/2024\/03\/HerbstNeu-Slider.jpg&#8221; background_enable_image=&#8221;on&#8221; global_colors_info=&#8221;{}&#8221; sticky_transition=&#8221;on&#8221;][\/et_pb_slide][\/et_pb_fullwidth_slider][et_pb_fullwidth_menu menu_id=&#8221;3&#8243; menu_style=&#8221;centered&#8221; fullwidth_menu=&#8221;off&#8221; active_link_color=&#8221;#000000&#8243; dropdown_menu_line_color=&#8221;#E09900&#8243; dropdown_menu_text_color=&#8221;#E09900&#8243; dropdown_menu_active_link_color=&#8221;#000000&#8243; mobile_menu_text_color=&#8221;#E09900&#8243; module_class=&#8221;pa-open-mobile-menu&#8221; _builder_version=&#8221;4.16&#8243; _module_preset=&#8221;default&#8221; menu_font=&#8221;|600|||||||&#8221; menu_text_color=&#8221;#E09900&#8243; global_colors_info=&#8221;{}&#8221;][\/et_pb_fullwidth_menu][\/et_pb_section][et_pb_section fb_built=&#8221;1&#8243; _builder_version=&#8221;4.16&#8243; custom_margin=&#8221;0px||||false|false&#8221; global_colors_info=&#8221;{}&#8221;][et_pb_row _builder_version=&#8221;4.16&#8243; global_colors_info=&#8221;{}&#8221;][et_pb_column type=&#8221;4_4&#8243; _builder_version=&#8221;4.16&#8243; global_colors_info=&#8221;{}&#8221;][dggm_imagegallery image_size=&#8221;large&#8221; image_to_display=&#8221;3&#8243; use_image_order=&#8221;on&#8221; image_order=&#8221;desc&#8221; load_more=&#8221;on&#8221; init_count=&#8221;12&#8243; image_count=&#8221;50&#8243; load_more_text=&#8221;Mehr Herbstbilder&#8221; use_lightbox=&#8221;on&#8221; use_lightbox_content=&#8221;on&#8221; caption_tag=&#8221;h6&#8243; more_btn_align=&#8221;center&#8221; spinner_color=&#8221;#E09900&#8243; more_btn_bg_bgcolor=&#8221;#E09900&#8243; image_to_display_tablet=&#8221;3&#8243; image_to_display_phone=&#8221;2&#8243; image_to_display_last_edited=&#8221;off|phone&#8221; _builder_version=&#8221;4.27.4&#8243; _module_preset=&#8221;default&#8221; caption_font_size=&#8221;14px&#8221; more_btn_text_color=&#8221;#FFFFFF&#8221; hover_enabled=&#8221;0&#8243; border_radii_morebtn_border=&#8221;on|30px|30px|30px|30px&#8221; global_colors_info=&#8221;{}&#8221; sticky_enabled=&#8221;0&#8243;][dggm_imagegalleryitem gallery_ids=&#8221;5055,3431,4115,5054,4509,4498,4454,4452,4119,4116,4089,3446,3350,2809,2808,2780,2772,2740,1883,1881,631,629,626,6007,6098,6099,6100&#8243; _builder_version=&#8221;4.27.4&#8243; _module_preset=&#8221;default&#8221; hover_enabled=&#8221;0&#8243; global_colors_info=&#8221;{}&#8221; sticky_enabled=&#8221;0&#8243;][\/dggm_imagegalleryitem][\/dggm_imagegallery][\/et_pb_column][\/et_pb_row][et_pb_row column_structure=&#8221;1_2,1_2&#8243; _builder_version=&#8221;4.16&#8243; custom_margin=&#8221;1px|auto||auto||&#8221; global_colors_info=&#8221;{}&#8221;][et_pb_column type=&#8221;1_2&#8243; _builder_version=&#8221;4.16&#8243; global_colors_info=&#8221;{}&#8221;][et_pb_button button_url=&#8221;@ET-DC@eyJkeW5hbWljIjp0cnVlLCJjb250ZW50IjoicG9zdF9saW5rX3VybF9wYWdlIiwic2V0dGluZ3MiOnsicG9zdF9pZCI6IjM3MyJ9fQ==@&#8221; button_text=&#8221;Sommer&#8221; _builder_version=&#8221;4.16&#8243; _dynamic_attributes=&#8221;button_url&#8221; custom_button=&#8221;on&#8221; button_text_color=&#8221;#e09900&#8243; button_bg_color=&#8221;#ffffff&#8221; button_border_width=&#8221;0px&#8221; button_icon=&#8221;&#x23;||divi||400&#8243; button_icon_color=&#8221;#e09900&#8243; button_icon_placement=&#8221;left&#8221; button_on_hover=&#8221;off&#8221; global_colors_info=&#8221;{}&#8221;][\/et_pb_button][\/et_pb_column][et_pb_column type=&#8221;1_2&#8243; _builder_version=&#8221;4.16&#8243; global_colors_info=&#8221;{}&#8221;][et_pb_button button_url=&#8221;@ET-DC@eyJkeW5hbWljIjp0cnVlLCJjb250ZW50IjoicG9zdF9saW5rX3VybF9wYWdlIiwic2V0dGluZ3MiOnsicG9zdF9pZCI6IjM2NiJ9fQ==@&#8221; button_text=&#8221;Winter&#8221; button_alignment=&#8221;right&#8221; _builder_version=&#8221;4.16&#8243; _dynamic_attributes=&#8221;button_url&#8221; custom_button=&#8221;on&#8221; button_text_color=&#8221;#e09900&#8243; button_bg_color=&#8221;#ffffff&#8221; button_border_width=&#8221;0px&#8221; button_icon=&#8221;&#x24;||divi||400&#8243; button_icon_color=&#8221;#e09900&#8243; button_on_hover=&#8221;off&#8221; global_colors_info=&#8221;{}&#8221;][\/et_pb_button][\/et_pb_column][\/et_pb_row][\/et_pb_section][et_pb_section fb_built=&#8221;1&#8243; _builder_version=&#8221;4.16&#8243; global_colors_info=&#8221;{}&#8221;][et_pb_row _builder_version=&#8221;4.16&#8243; custom_margin=&#8221;-40px||||false|false&#8221; global_colors_info=&#8221;{}&#8221;][et_pb_column type=&#8221;4_4&#8243; _builder_version=&#8221;4.16&#8243; global_colors_info=&#8221;{}&#8221;][et_pb_toggle title=&#8221;Mehr \u00fcber meine Herbstbilder&#8221; open_toggle_text_color=&#8221;#e09900&#8243; open_toggle_background_color=&#8221;#ffffff&#8221; closed_toggle_background_color=&#8221;#ffffff&#8221; icon_color=&#8221;#e09900&#8243; open_icon_color=&#8221;#e09900&#8243; _builder_version=&#8221;4.16&#8243; title_text_color=&#8221;#e09900&#8243; title_text_align=&#8221;left&#8221; closed_title_text_align=&#8221;left&#8221; text_orientation=&#8221;left&#8221; border_width_all=&#8221;0px&#8221; global_colors_info=&#8221;{}&#8221;]<\/p>\n<p>Oh wie sch\u00f6n bunt alles im Herbst wird! Ich kann es manchmal kaum erwarten, dass das Laub der B\u00e4ume sich endlich verf\u00e4rbt. So in die Vollen mit den ges\u00e4ttigten Farbt\u00f6nen kann ich bei der Pleinairmalerei nur selten gehen.<\/p>\n<p>[\/et_pb_toggle][\/et_pb_column][\/et_pb_row][\/et_pb_section]<\/p>\n","protected":false},"excerpt":{"rendered":"<p><div class=\"et_pb_with_border et_pb_module none divienhancer-hover-effect dggm_imagegallery dggm_imagegallery_0\">\n\t\t\t\t\n\t\t\t\t\n\t\t\t\t\n\t\t\t\t\n\t\t\t\t\n\t\t\t\t\n\t\t\t\t<div class=\"et_pb_module_inner\">\n\t\t\t\t\t<div class=\"dg_ig_container ig_has_lightbox\" data-settings='{\"image_ids\":\"6100, 6099, 6098, 6007, 5055, 5054, 4509, 4498, 4454, 4452, 4119, 4116, 4115, 4089, 3446, 3431, 3350, 2809, 2808, 2780, 2772, 2740, 1883, 1881, 631, 629, 626\",\"show_caption\":\"off\",\"show_description\":\"off\",\"image_size\":\"large\",\"filter_nav\":\"off\",\"layout_mode\":\"masonry\",\"load_more\":\"on\",\"init_count\":\"12\",\"image_count\":\"50\",\"use_lightbox\":\"on\",\"use_lightbox_content\":\"on\",\"use_lightbox_download\":\"off\",\"caption_tag\":\"h6\",\"description_tag\":\"p\",\"image_scale\":\"no-image-scale\",\"content_position\":\"c4-layout-top-left\",\"content_reveal_caption\":\"c4-fade-up\",\"content_reveal_description\":\"c4-fade-up\",\"border_anim\":\"off\",\"border_anm_style\":\"c4-border-fade\",\"always_show_title\":\"off\",\"always_show_description\":\"off\",\"use_url\":\"off\",\"url_target\":\"same_window\",\"overlay\":\"off\"}'>\r\n                \r\n                <div class=\"dg_ig_gallery grid\" style=\"opacity:0;\">\r\n                    <div class=\"dg_ig_image grid-item \" data-src=\"https:\/\/yoruehmer.de\/wp-content\/uploads\/2025\/03\/Herbst-Spiegelung-Oelbild-pleinairmalerei-1349.jpg\" data-sub-html=\".dg_ig_content\">\r\n                <div class=\"item-content no-image-scale\" >\r\n                    <figure class=\" c4-izmir  has_overlay\">\r\n                        \r\n                        <img decoding=\"async\" class=\"ig-image\" src=\"https:\/\/yoruehmer.de\/wp-content\/uploads\/2025\/03\/Herbst-Spiegelung-Oelbild-pleinairmalerei-1349-1024x1024.jpg\" alt=\"Herbst-Spiegelung-\u00d6lbild-pleinairmalerei-1349\" class=\"\"\/>\r\n                        <figcaption class=\"dg_ig_content c4-layout-top-left \">\r\n                            <div class=\"c4-fade-up dg-hide-title\"><h6 class=\"dg_ig_caption\">Herbstspiegelung, 25 x 25 cm (Nr. 1349)<\/h6><\/div>\r\n                        <\/figcaption>\r\n                    <\/figure>\r\n                <\/div>\r\n            <\/div><div class=\"dg_ig_image grid-item \" data-src=\"https:\/\/yoruehmer.de\/wp-content\/uploads\/2025\/03\/Herbstwald-gemalt-Oelbild-pleinairmalerei-1345.jpg\" data-sub-html=\".dg_ig_content\">\r\n                <div class=\"item-content no-image-scale\" >\r\n                    <figure class=\" c4-izmir  has_overlay\">\r\n                        \r\n                        <img decoding=\"async\" class=\"ig-image\" src=\"https:\/\/yoruehmer.de\/wp-content\/uploads\/2025\/03\/Herbstwald-gemalt-Oelbild-pleinairmalerei-1345-684x1024.jpg\" alt=\"Herbstwald-gemalt-\u00d6lbild-pleinairmalerei-1345\" class=\"\"\/>\r\n                        <figcaption class=\"dg_ig_content c4-layout-top-left \">\r\n                            <div class=\"c4-fade-up dg-hide-title\"><h6 class=\"dg_ig_caption\">Herbstwald, 20 x 30 cm (Nr. 1345)<\/h6><\/div>\r\n                        <\/figcaption>\r\n                    <\/figure>\r\n                <\/div>\r\n            <\/div><div class=\"dg_ig_image grid-item \" data-src=\"https:\/\/yoruehmer.de\/wp-content\/uploads\/2025\/03\/Treppe-Herbst-Oelbild-Pleinairmalerei-1350.jpg\" data-sub-html=\".dg_ig_content\">\r\n                <div class=\"item-content no-image-scale\" >\r\n                    <figure class=\" c4-izmir  has_overlay\">\r\n                        \r\n                        <img decoding=\"async\" class=\"ig-image\" src=\"https:\/\/yoruehmer.de\/wp-content\/uploads\/2025\/03\/Treppe-Herbst-Oelbild-Pleinairmalerei-1350-504x1024.jpg\" alt=\"Treppe-Herbst-\u00d6lbild-Pleinairmalerei-1350\" class=\"\"\/>\r\n                        <figcaption class=\"dg_ig_content c4-layout-top-left \">\r\n                            <div class=\"c4-fade-up dg-hide-title\"><h6 class=\"dg_ig_caption\">Treppe im Herbst, 15 x 30 cm (Nr. 1350)<\/h6><\/div>\r\n                        <\/figcaption>\r\n                    <\/figure>\r\n                <\/div>\r\n            <\/div><div class=\"dg_ig_image grid-item \" data-src=\"https:\/\/yoruehmer.de\/wp-content\/uploads\/2024\/10\/Notzenweiher-Allgaeu-oelbild-pleinairmalerei-1322.jpg\" data-sub-html=\".dg_ig_content\">\r\n                <div class=\"item-content no-image-scale\" >\r\n                    <figure class=\" c4-izmir  has_overlay\">\r\n                        \r\n                        <img decoding=\"async\" class=\"ig-image\" src=\"https:\/\/yoruehmer.de\/wp-content\/uploads\/2024\/10\/Notzenweiher-Allgaeu-oelbild-pleinairmalerei-1322-1080x864.jpg\" alt=\"Notzenweiher-Allg\u00e4u-\u00f6lbild-pleinairmalerei-1322\" class=\"\"\/>\r\n                        <figcaption class=\"dg_ig_content c4-layout-top-left \">\r\n                            <div class=\"c4-fade-up dg-hide-title\"><h6 class=\"dg_ig_caption\">Notzenweiher Allg\u00e4u, 30 x 24 cm (Nr.1322)<\/h6><\/div>\r\n                        <\/figcaption>\r\n                    <\/figure>\r\n                <\/div>\r\n            <\/div><div class=\"dg_ig_image grid-item \" data-src=\"https:\/\/yoruehmer.de\/wp-content\/uploads\/2024\/01\/Herbst-guenthersburgpark-oelbild-pleinairmalerei-1221.jpg\" data-sub-html=\".dg_ig_content\">\r\n                <div class=\"item-content no-image-scale\" >\r\n                    <figure class=\" c4-izmir  has_overlay\">\r\n                        \r\n                        <img decoding=\"async\" class=\"ig-image\" src=\"https:\/\/yoruehmer.de\/wp-content\/uploads\/2024\/01\/Herbst-guenthersburgpark-oelbild-pleinairmalerei-1221-1080x722.jpg\" alt=\"Herbst-g\u00fcnthersburgpark-\u00f6lbild-pleinairmalerei-1221\" class=\"\"\/>\r\n                        <figcaption class=\"dg_ig_content c4-layout-top-left \">\r\n                            <div class=\"c4-fade-up dg-hide-title\"><h6 class=\"dg_ig_caption\">Herbstsonne, 30 x 20 cm (Bild Nr. 1221)<\/h6><\/div>\r\n                        <\/figcaption>\r\n                    <\/figure>\r\n                <\/div>\r\n            <\/div><div class=\"dg_ig_image grid-item \" data-src=\"https:\/\/yoruehmer.de\/wp-content\/uploads\/2024\/01\/Brombeerhecke-gemalt-Herbst-Oelbild-pleinairmalerei-1218.jpg\" >\r\n                <div class=\"item-content no-image-scale\" >\r\n                    <figure class=\" c4-izmir  has_overlay\">\r\n                        \r\n                        <img decoding=\"async\" class=\"ig-image\" src=\"https:\/\/yoruehmer.de\/wp-content\/uploads\/2024\/01\/Brombeerhecke-gemalt-Herbst-Oelbild-pleinairmalerei-1218-709x1024.jpg\" alt=\"Brombeerhecke-gemalt-Herbst-\u00d6lbild-pleinairmalerei-1218\" class=\"\"\/>\r\n                        <figcaption class=\"dg_ig_content c4-layout-top-left  empty_content\">\r\n                            \r\n                        <\/figcaption>\r\n                    <\/figure>\r\n                <\/div>\r\n            <\/div><div class=\"dg_ig_image grid-item \" data-src=\"https:\/\/yoruehmer.de\/wp-content\/uploads\/2022\/11\/Herbst-Frankfurt-gemalt-oelbild-pleinairmalerei-1075.jpg\" data-sub-html=\".dg_ig_content\">\r\n                <div class=\"item-content no-image-scale\" >\r\n                    <figure class=\" c4-izmir  has_overlay\">\r\n                        \r\n                        <img decoding=\"async\" class=\"ig-image\" src=\"https:\/\/yoruehmer.de\/wp-content\/uploads\/2022\/11\/Herbst-Frankfurt-gemalt-oelbild-pleinairmalerei-1075-1080x540.jpg\" alt=\"Herbst-Frankfurt-gemalt-\u00f6lbild-pleinairmalerei-1075\" class=\"\"\/>\r\n                        <figcaption class=\"dg_ig_content c4-layout-top-left \">\r\n                            <div class=\"c4-fade-up dg-hide-title\"><h6 class=\"dg_ig_caption\">Obermainkal, Frankfurt, 30 x 15 cm (Nr. 1075)<\/h6><\/div>\r\n                        <\/figcaption>\r\n                    <\/figure>\r\n                <\/div>\r\n            <\/div><div class=\"dg_ig_image grid-item \" data-src=\"https:\/\/yoruehmer.de\/wp-content\/uploads\/2022\/10\/Herst_botanischerGarten_Oelbild-pleinairmalerei-1072.jpg\" data-sub-html=\".dg_ig_content\">\r\n                <div class=\"item-content no-image-scale\" >\r\n                    <figure class=\" c4-izmir  has_overlay\">\r\n                        \r\n                        <img decoding=\"async\" class=\"ig-image\" src=\"https:\/\/yoruehmer.de\/wp-content\/uploads\/2022\/10\/Herst_botanischerGarten_Oelbild-pleinairmalerei-1072-815x1024.jpg\" alt=\"Herst_botanischerGarten_\u00d6lbild-pleinairmalerei-1072\" class=\"\"\/>\r\n                        <figcaption class=\"dg_ig_content c4-layout-top-left \">\r\n                            <div class=\"c4-fade-up dg-hide-title\"><h6 class=\"dg_ig_caption\">Einsenholzbaum im botanischen Garten, 30 x 24 cm (Nr 1072)<\/h6><\/div>\r\n                        <\/figcaption>\r\n                    <\/figure>\r\n                <\/div>\r\n            <\/div><div class=\"dg_ig_image grid-item \" data-src=\"https:\/\/yoruehmer.de\/wp-content\/uploads\/2022\/10\/herbstbaum-oelbild-pleinairmalerei-1068.jpg\" data-sub-html=\".dg_ig_content\">\r\n                <div class=\"item-content no-image-scale\" >\r\n                    <figure class=\" c4-izmir  has_overlay\">\r\n                        \r\n                        <img decoding=\"async\" class=\"ig-image\" src=\"https:\/\/yoruehmer.de\/wp-content\/uploads\/2022\/10\/herbstbaum-oelbild-pleinairmalerei-1068-1080x859.jpg\" alt=\"herbstbaum-\u00f6lbild-pleinairmalerei-1068\" class=\"\"\/>\r\n                        <figcaption class=\"dg_ig_content c4-layout-top-left \">\r\n                            <div class=\"c4-fade-up dg-hide-title\"><h6 class=\"dg_ig_caption\">G\u00fcnthersburgpark, 30 x 24 cm )Nr 1068)<\/h6><\/div>\r\n                        <\/figcaption>\r\n                    <\/figure>\r\n                <\/div>\r\n            <\/div><div class=\"dg_ig_image grid-item \" data-src=\"https:\/\/yoruehmer.de\/wp-content\/uploads\/2022\/10\/herbst-am-liederbach-pleinairmalerei-oelbild-1070.jpg\" data-sub-html=\".dg_ig_content\">\r\n                <div class=\"item-content no-image-scale\" >\r\n                    <figure class=\" c4-izmir  has_overlay\">\r\n                        \r\n                        <img decoding=\"async\" class=\"ig-image\" src=\"https:\/\/yoruehmer.de\/wp-content\/uploads\/2022\/10\/herbst-am-liederbach-pleinairmalerei-oelbild-1070-1080x537.jpg\" alt=\"herbst-am-liederbach-pleinairmalerei-\u00f6lbild-1070\" class=\"\"\/>\r\n                        <figcaption class=\"dg_ig_content c4-layout-top-left \">\r\n                            <div class=\"c4-fade-up dg-hide-title\"><h6 class=\"dg_ig_caption\">Herbst am Liederbach, 30 x 15 cm (Nr.1070)<\/h6><\/div>\r\n                        <\/figcaption>\r\n                    <\/figure>\r\n                <\/div>\r\n            <\/div><div class=\"dg_ig_image grid-item \" data-src=\"https:\/\/yoruehmer.de\/wp-content\/uploads\/2021\/11\/herbst-im-park-oelbild-pleinairmalerei-952.jpg\" data-sub-html=\".dg_ig_content\">\r\n                <div class=\"item-content no-image-scale\" >\r\n                    <figure class=\" c4-izmir  has_overlay\">\r\n                        \r\n                        <img decoding=\"async\" class=\"ig-image\" src=\"https:\/\/yoruehmer.de\/wp-content\/uploads\/2021\/11\/herbst-im-park-oelbild-pleinairmalerei-952-1080x864.jpg\" alt=\"herbst-im-park-oelbild-pleinairmalerei-952\" class=\"\"\/>\r\n                        <figcaption class=\"dg_ig_content c4-layout-top-left \">\r\n                            <div class=\"c4-fade-up dg-hide-title\"><h6 class=\"dg_ig_caption\">Herbstlaub im G\u00fcnthersburpark, 30x24 cm (Nr. 952)<\/h6><\/div>\r\n                        <\/figcaption>\r\n                    <\/figure>\r\n                <\/div>\r\n            <\/div><div class=\"dg_ig_image grid-item \" data-src=\"https:\/\/yoruehmer.de\/wp-content\/uploads\/2021\/11\/Maronenbaum-herbst\u2013oelbild-pleinairmalerei-946.jpg\" data-sub-html=\".dg_ig_content\">\r\n                <div class=\"item-content no-image-scale\" >\r\n                    <figure class=\" c4-izmir  has_overlay\">\r\n                        \r\n                        <img decoding=\"async\" class=\"ig-image\" src=\"https:\/\/yoruehmer.de\/wp-content\/uploads\/2021\/11\/Maronenbaum-herbst\u2013oelbild-pleinairmalerei-946-1080x720.jpg\" alt=\"Maronenbaum-herbst\u2013oelbild-pleinairmalerei-946\" class=\"\"\/>\r\n                        <figcaption class=\"dg_ig_content c4-layout-top-left \">\r\n                            <div class=\"c4-fade-up dg-hide-title\"><h6 class=\"dg_ig_caption\">Maronenbaum, 30x20 cm (Nr. 946)<\/h6><\/div>\r\n                        <\/figcaption>\r\n                    <\/figure>\r\n                <\/div>\r\n            <\/div>\r\n                <\/div>\r\n                <div class=\"dg_ig_button_container\">\r\n                    <button class=\"ig-load-more-btn\" data-loaded=\"12\">Mehr Herbstbilder \r\n                    <span class=\"spinner\">\r\n                        <svg width=\"135\" height=\"140\" viewBox=\"0 0 135 140\" xmlns=\"http:\/\/www.w3.org\/2000\/svg\" fill=\"#fff\">\r\n                            <rect y=\"10\" width=\"15\" height=\"120\" rx=\"6\">\r\n                                <animate attributeName=\"height\"\r\n                                    begin=\"0.5s\" dur=\"1s\"\r\n                                    values=\"120;110;100;90;80;70;60;50;40;140;120\" calcMode=\"linear\"\r\n                                    repeatCount=\"indefinite\" \/>\r\n                                <animate attributeName=\"y\"\r\n                                    begin=\"0.5s\" dur=\"1s\"\r\n                                    values=\"10;15;20;25;30;35;40;45;50;0;10\" calcMode=\"linear\"\r\n                                    repeatCount=\"indefinite\" \/>\r\n                            <\/rect>\r\n                            <rect x=\"30\" y=\"10\" width=\"15\" height=\"120\" rx=\"6\">\r\n                                <animate attributeName=\"height\"\r\n                                    begin=\"0.25s\" dur=\"1s\"\r\n                                    values=\"120;110;100;90;80;70;60;50;40;140;120\" calcMode=\"linear\"\r\n                                    repeatCount=\"indefinite\" \/>\r\n                                <animate attributeName=\"y\"\r\n                                    begin=\"0.25s\" dur=\"1s\"\r\n                                    values=\"10;15;20;25;30;35;40;45;50;0;10\" calcMode=\"linear\"\r\n                                    repeatCount=\"indefinite\" \/>\r\n                            <\/rect>\r\n                            <rect x=\"60\" width=\"15\" height=\"140\" rx=\"6\">\r\n                                <animate attributeName=\"height\"\r\n                                    begin=\"0s\" dur=\"1s\"\r\n                                    values=\"120;110;100;90;80;70;60;50;40;140;120\" calcMode=\"linear\"\r\n                                    repeatCount=\"indefinite\" \/>\r\n                                <animate attributeName=\"y\"\r\n                                    begin=\"0s\" dur=\"1s\"\r\n                                    values=\"10;15;20;25;30;35;40;45;50;0;10\" calcMode=\"linear\"\r\n                                    repeatCount=\"indefinite\" \/>\r\n                            <\/rect>\r\n                            <rect x=\"90\" y=\"10\" width=\"15\" height=\"120\" rx=\"6\">\r\n                                <animate attributeName=\"height\"\r\n                                    begin=\"0.25s\" dur=\"1s\"\r\n                                    values=\"120;110;100;90;80;70;60;50;40;140;120\" calcMode=\"linear\"\r\n                                    repeatCount=\"indefinite\" \/>\r\n                                <animate attributeName=\"y\"\r\n                                    begin=\"0.25s\" dur=\"1s\"\r\n                                    values=\"10;15;20;25;30;35;40;45;50;0;10\" calcMode=\"linear\"\r\n                                    repeatCount=\"indefinite\" \/>\r\n                            <\/rect>\r\n                            <rect x=\"120\" y=\"10\" width=\"15\" height=\"120\" rx=\"6\">\r\n                                <animate attributeName=\"height\"\r\n                                    begin=\"0.5s\" dur=\"1s\"\r\n                                    values=\"120;110;100;90;80;70;60;50;40;140;120\" calcMode=\"linear\"\r\n                                    repeatCount=\"indefinite\" \/>\r\n                                <animate attributeName=\"y\"\r\n                                    begin=\"0.5s\" dur=\"1s\"\r\n                                    values=\"10;15;20;25;30;35;40;45;50;0;10\" calcMode=\"linear\"\r\n                                    repeatCount=\"indefinite\" \/>\r\n                            <\/rect>\r\n                        <\/svg>\r\n                    <\/span><\/button>\r\n                <\/div>\r\n            <\/div>\n\t\t\t\t<\/div>\n\t\t\t<\/div>Oh wie sch\u00f6n bunt alles im Herbst wird! Ich kann es manchmal kaum erwarten, dass das Laub der B\u00e4ume sich endlich verf\u00e4rbt. So [&hellip;]<\/p>\n","protected":false},"author":1,"featured_media":0,"parent":2148,"menu_order":42,"comment_status":"closed","ping_status":"closed","template":"","meta":{"_et_pb_use_builder":"on","_et_pb_old_content":"","_et_gb_content_width":"","footnotes":""},"class_list":["post-377","page","type-page","status-publish","hentry"],"_links":{"self":[{"href":"https:\/\/yoruehmer.de\/home\/wp-json\/wp\/v2\/pages\/377","targetHints":{"allow":["GET"]}}],"collection":[{"href":"https:\/\/yoruehmer.de\/home\/wp-json\/wp\/v2\/pages"}],"about":[{"href":"https:\/\/yoruehmer.de\/home\/wp-json\/wp\/v2\/types\/page"}],"author":[{"embeddable":true,"href":"https:\/\/yoruehmer.de\/home\/wp-json\/wp\/v2\/users\/1"}],"replies":[{"embeddable":true,"href":"https:\/\/yoruehmer.de\/home\/wp-json\/wp\/v2\/comments?post=377"}],"version-history":[{"count":9,"href":"https:\/\/yoruehmer.de\/home\/wp-json\/wp\/v2\/pages\/377\/revisions"}],"predecessor-version":[{"id":6101,"href":"https:\/\/yoruehmer.de\/home\/wp-json\/wp\/v2\/pages\/377\/revisions\/6101"}],"up":[{"embeddable":true,"href":"https:\/\/yoruehmer.de\/home\/wp-json\/wp\/v2\/pages\/2148"}],"wp:attachment":[{"href":"https:\/\/yoruehmer.de\/home\/wp-json\/wp\/v2\/media?parent=377"}],"curies":[{"name":"wp","href":"https:\/\/api.w.org\/{rel}","templated":true}]}}