{"id":373,"date":"2020-04-13T16:03:22","date_gmt":"2020-04-13T14:03:22","guid":{"rendered":"http:\/\/pleinairmalerei.yoruehmer.de\/wordpress\/?page_id=373"},"modified":"2025-08-25T10:45:54","modified_gmt":"2025-08-25T08:45:54","slug":"sommer","status":"publish","type":"page","link":"https:\/\/yoruehmer.de\/home\/portfolio-malerei\/sommer\/","title":{"rendered":"Sommer"},"content":{"rendered":"<p>[et_pb_section fb_built=&#8221;1&#8243; fullwidth=&#8221;on&#8221; _builder_version=&#8221;4.16&#8243; _module_preset=&#8221;default&#8221; global_colors_info=&#8221;{}&#8221;][et_pb_fullwidth_slider show_arrows=&#8221;off&#8221; show_pagination=&#8221;off&#8221; admin_label=&#8221;Portfolio VB Slider&#8221; _builder_version=&#8221;4.27.0&#8243; _dynamic_attributes=&#8221;button_link&#8221; _module_preset=&#8221;default&#8221; header_level=&#8221;h1&#8243; header_text_color=&#8221;#FFFFFF&#8221; header_font_size=&#8221;52px&#8221; header_line_height=&#8221;1.8em&#8221; background_color=&#8221;RGBA(255,255,255,0)&#8221; background_image=&#8221;https:\/\/yoruehmer.de\/wp-content\/uploads\/2024\/08\/Workshop-Slider_Borkum.jpg&#8221; background_position=&#8221;top_center&#8221; width_tablet=&#8221;&#8221; width_phone=&#8221;&#8221; width_last_edited=&#8221;on|phone&#8221; module_alignment=&#8221;center&#8221; content_width=&#8221;100%&#8221; content_max_width=&#8221;1200px&#8221; content_max_width_tablet=&#8221;1000px&#8221; content_max_width_phone=&#8221;600px&#8221; content_max_width_last_edited=&#8221;on|phone&#8221; min_height_tablet=&#8221;&#8221; min_height_phone=&#8221;&#8221; min_height_last_edited=&#8221;on|desktop&#8221; height=&#8221;300px&#8221; height_tablet=&#8221;250px&#8221; height_phone=&#8221;150px&#8221; height_last_edited=&#8221;on|desktop&#8221; max_height_tablet=&#8221;&#8221; max_height_phone=&#8221;&#8221; max_height_last_edited=&#8221;on|desktop&#8221; custom_padding=&#8221;120px||||false|false&#8221; custom_padding_tablet=&#8221;110px||||false|false&#8221; custom_padding_phone=&#8221;50px||||false|false&#8221; custom_padding_last_edited=&#8221;on|phone&#8221; animation_direction=&#8221;right&#8221; auto=&#8221;on&#8221; header_font_size_tablet=&#8221;39px&#8221; header_font_size_phone=&#8221;24px&#8221; header_font_size_last_edited=&#8221;on|phone&#8221; header_line_height_tablet=&#8221;1.3em&#8221; header_line_height_phone=&#8221;1em&#8221; header_line_height_last_edited=&#8221;on|phone&#8221; header_text_shadow_style=&#8221;preset1&#8243; global_module=&#8221;5268&#8243; saved_tabs=&#8221;all&#8221; global_colors_info=&#8221;{}&#8221;][et_pb_slide heading=&#8221;Sommer&#8221; _builder_version=&#8221;4.24.2&#8243; _module_preset=&#8221;default&#8221; background_color=&#8221;RGBA(255,255,255,0)&#8221; background_enable_color=&#8221;on&#8221; background_image=&#8221;https:\/\/yoruehmer.de\/wp-content\/uploads\/2024\/03\/Sommer-Slider.jpg&#8221; background_enable_image=&#8221;on&#8221; global_colors_info=&#8221;{}&#8221; sticky_transition=&#8221;on&#8221;][\/et_pb_slide][\/et_pb_fullwidth_slider][et_pb_fullwidth_menu menu_id=&#8221;3&#8243; menu_style=&#8221;centered&#8221; fullwidth_menu=&#8221;off&#8221; active_link_color=&#8221;#000000&#8243; dropdown_menu_line_color=&#8221;#E09900&#8243; dropdown_menu_text_color=&#8221;#E09900&#8243; dropdown_menu_active_link_color=&#8221;#000000&#8243; mobile_menu_text_color=&#8221;#E09900&#8243; module_class=&#8221;pa-open-mobile-menu&#8221; _builder_version=&#8221;4.16&#8243; _module_preset=&#8221;default&#8221; menu_font=&#8221;|600|||||||&#8221; menu_text_color=&#8221;#E09900&#8243; global_colors_info=&#8221;{}&#8221;][\/et_pb_fullwidth_menu][\/et_pb_section][et_pb_section fb_built=&#8221;1&#8243; _builder_version=&#8221;4.16&#8243; custom_margin=&#8221;||||false|false&#8221; global_colors_info=&#8221;{}&#8221;][et_pb_row _builder_version=&#8221;4.16&#8243; global_colors_info=&#8221;{}&#8221;][et_pb_column type=&#8221;4_4&#8243; _builder_version=&#8221;4.16&#8243; global_colors_info=&#8221;{}&#8221;][dggm_imagegallery image_size=&#8221;large&#8221; image_to_display=&#8221;3&#8243; use_image_order=&#8221;on&#8221; image_order=&#8221;desc&#8221; load_more=&#8221;on&#8221; init_count=&#8221;12&#8243; image_count=&#8221;50&#8243; load_more_text=&#8221;Mehr Sommerbilder&#8221; use_lightbox=&#8221;on&#8221; use_lightbox_content=&#8221;on&#8221; caption_tag=&#8221;h6&#8243; more_btn_align=&#8221;center&#8221; spinner_color=&#8221;#E09900&#8243; more_btn_bg_bgcolor=&#8221;#E09900&#8243; image_to_display_tablet=&#8221;3&#8243; image_to_display_phone=&#8221;2&#8243; image_to_display_last_edited=&#8221;off|phone&#8221; _builder_version=&#8221;4.27.4&#8243; _module_preset=&#8221;default&#8221; caption_font_size=&#8221;14px&#8221; more_btn_text_color=&#8221;#FFFFFF&#8221; hover_enabled=&#8221;0&#8243; border_radii_morebtn_border=&#8221;on|30px|30px|30px|30px&#8221; global_colors_info=&#8221;{}&#8221; sticky_enabled=&#8221;0&#8243;][dggm_imagegalleryitem gallery_ids=&#8221;4905,5058,4903,4432,4474,4479,4086,4088,4091,4382,4383,4384,4065,3950,3925,3365,3917,3331,2555,2541,2331,2332,2488,2489,2493,2328,1888,1877,1876,731,754,785,730,778,780,727,654,574,4919,5873,5985,5986,5987,6141,6142,6328,6327,6326,6325&#8243; _builder_version=&#8221;4.27.4&#8243; _module_preset=&#8221;default&#8221; hover_enabled=&#8221;0&#8243; global_colors_info=&#8221;{}&#8221; sticky_enabled=&#8221;0&#8243;][\/dggm_imagegalleryitem][\/dggm_imagegallery][\/et_pb_column][\/et_pb_row][et_pb_row column_structure=&#8221;1_2,1_2&#8243; _builder_version=&#8221;4.16&#8243; global_colors_info=&#8221;{}&#8221;][et_pb_column type=&#8221;1_2&#8243; _builder_version=&#8221;4.16&#8243; global_colors_info=&#8221;{}&#8221;][et_pb_button button_url=&#8221;@ET-DC@eyJkeW5hbWljIjp0cnVlLCJjb250ZW50IjoicG9zdF9saW5rX3VybF9wYWdlIiwic2V0dGluZ3MiOnsicG9zdF9pZCI6IjM3MCJ9fQ==@&#8221; button_text=&#8221;Fr\u00fchling&#8221; _builder_version=&#8221;4.16&#8243; _dynamic_attributes=&#8221;button_url&#8221; custom_button=&#8221;on&#8221; button_text_color=&#8221;#e09900&#8243; button_bg_color=&#8221;#ffffff&#8221; button_border_width=&#8221;0px&#8221; button_icon=&#8221;&#x23;||divi||400&#8243; button_icon_color=&#8221;#e09900&#8243; button_icon_placement=&#8221;left&#8221; button_on_hover=&#8221;off&#8221; global_colors_info=&#8221;{}&#8221;][\/et_pb_button][\/et_pb_column][et_pb_column type=&#8221;1_2&#8243; _builder_version=&#8221;4.16&#8243; global_colors_info=&#8221;{}&#8221;][et_pb_button button_url=&#8221;@ET-DC@eyJkeW5hbWljIjp0cnVlLCJjb250ZW50IjoicG9zdF9saW5rX3VybF9wYWdlIiwic2V0dGluZ3MiOnsicG9zdF9pZCI6IjM3NyJ9fQ==@&#8221; button_text=&#8221;Herbst&#8221; button_alignment=&#8221;right&#8221; _builder_version=&#8221;4.16&#8243; _dynamic_attributes=&#8221;button_url&#8221; custom_button=&#8221;on&#8221; button_text_color=&#8221;#e09900&#8243; button_bg_color=&#8221;#ffffff&#8221; button_border_width=&#8221;0px&#8221; button_icon=&#8221;&#x24;||divi||400&#8243; button_icon_color=&#8221;#e09900&#8243; button_on_hover=&#8221;off&#8221; global_colors_info=&#8221;{}&#8221;][\/et_pb_button][\/et_pb_column][\/et_pb_row][\/et_pb_section][et_pb_section fb_built=&#8221;1&#8243; _builder_version=&#8221;4.16&#8243; global_colors_info=&#8221;{}&#8221;][et_pb_row _builder_version=&#8221;4.16&#8243; custom_margin=&#8221;-40px||||false|false&#8221; global_colors_info=&#8221;{}&#8221;][et_pb_column type=&#8221;4_4&#8243; _builder_version=&#8221;4.16&#8243; global_colors_info=&#8221;{}&#8221;][et_pb_toggle title=&#8221;Mehr \u00fcber meine Sommerbilder&#8221; open_toggle_text_color=&#8221;#e09900&#8243; open_toggle_background_color=&#8221;#ffffff&#8221; closed_toggle_background_color=&#8221;#ffffff&#8221; icon_color=&#8221;#e09900&#8243; open_icon_color=&#8221;#e09900&#8243; _builder_version=&#8221;4.27.4&#8243; title_text_color=&#8221;#e09900&#8243; title_text_align=&#8221;left&#8221; closed_title_text_align=&#8221;left&#8221; text_orientation=&#8221;left&#8221; hover_enabled=&#8221;0&#8243; border_width_all=&#8221;0px&#8221; global_colors_info=&#8221;{}&#8221; sticky_enabled=&#8221;0&#8243;]<\/p>\n<p>Im Sommer mag ich besonders das Spiel von Licht und Schatten, weswegen ich bevorzugt in den sp\u00e4ten Nachmittags- oder fr\u00fchen Abendstunden losziehe um zu malen. DIe neueren Bilder zeigen immer mehr und mehr Waldmotive, da ich zur Zeit sehr viel Zeit im Pf\u00e4lzer Wald verbringe (in Zeiten des Klimawandels der ideale Ort f\u00fcr den Sommer!).<\/p>\n<p>[\/et_pb_toggle][\/et_pb_column][\/et_pb_row][\/et_pb_section]<\/p>\n","protected":false},"excerpt":{"rendered":"<p><div class=\"et_pb_with_border et_pb_module none divienhancer-hover-effect dggm_imagegallery dggm_imagegallery_0\">\n\t\t\t\t\n\t\t\t\t\n\t\t\t\t\n\t\t\t\t\n\t\t\t\t\n\t\t\t\t\n\t\t\t\t<div class=\"et_pb_module_inner\">\n\t\t\t\t\t<div class=\"dg_ig_container ig_has_lightbox\" data-settings='{\"image_ids\":\"6328, 6327, 6326, 6325, 6142, 6141, 5987, 5986, 5985, 5873, 5058, 4919, 4905, 4903, 4479, 4474, 4432, 4384, 4383, 4382, 4091, 4088, 4086, 4065, 3950, 3925, 3917, 3365, 3331, 2555, 2541, 2493, 2489, 2488, 2332, 2331, 2328, 1888, 1877, 1876, 785, 780, 778, 754, 731, 730, 727, 654, 574\",\"show_caption\":\"off\",\"show_description\":\"off\",\"image_size\":\"large\",\"filter_nav\":\"off\",\"layout_mode\":\"masonry\",\"load_more\":\"on\",\"init_count\":\"12\",\"image_count\":\"50\",\"use_lightbox\":\"on\",\"use_lightbox_content\":\"on\",\"use_lightbox_download\":\"off\",\"caption_tag\":\"h6\",\"description_tag\":\"p\",\"image_scale\":\"no-image-scale\",\"content_position\":\"c4-layout-top-left\",\"content_reveal_caption\":\"c4-fade-up\",\"content_reveal_description\":\"c4-fade-up\",\"border_anim\":\"off\",\"border_anm_style\":\"c4-border-fade\",\"always_show_title\":\"off\",\"always_show_description\":\"off\",\"use_url\":\"off\",\"url_target\":\"same_window\",\"overlay\":\"off\"}'>\r\n                \r\n                <div class=\"dg_ig_gallery grid\" style=\"opacity:0;\">\r\n                    <div class=\"dg_ig_image grid-item \" data-src=\"https:\/\/yoruehmer.de\/wp-content\/uploads\/2025\/08\/Eppental_Sommer_Oelbild_Pleinairmalerei-1422.jpg\" data-sub-html=\".dg_ig_content\">\r\n                <div class=\"item-content no-image-scale\" >\r\n                    <figure class=\" c4-izmir  has_overlay\">\r\n                        \r\n                        <img decoding=\"async\" class=\"ig-image\" src=\"https:\/\/yoruehmer.de\/wp-content\/uploads\/2025\/08\/Eppental_Sommer_Oelbild_Pleinairmalerei-1422-1080x720.jpg\" alt=\"Eppental_Sommer_\u00d6lbild_Pleinairmalerei-1422\" class=\"\"\/>\r\n                        <figcaption class=\"dg_ig_content c4-layout-top-left \">\r\n                            <div class=\"c4-fade-up dg-hide-title\"><h6 class=\"dg_ig_caption\">Eppental, 30 x 24 cm (Nr. 1422)<\/h6><\/div><div class=\"c4-fade-up dg-hide-description\"><p class=\"dg_ig_description\">Eppental, 30 x 24 cm (Nr. 1422)<\/p><\/div>\r\n                        <\/figcaption>\r\n                    <\/figure>\r\n                <\/div>\r\n            <\/div><div class=\"dg_ig_image grid-item \" data-src=\"https:\/\/yoruehmer.de\/wp-content\/uploads\/2025\/08\/Waldrand_Oelbild_pleinairmalerei-1428.jpg\" data-sub-html=\".dg_ig_content\">\r\n                <div class=\"item-content no-image-scale\" >\r\n                    <figure class=\" c4-izmir  has_overlay\">\r\n                        \r\n                        <img decoding=\"async\" class=\"ig-image\" src=\"https:\/\/yoruehmer.de\/wp-content\/uploads\/2025\/08\/Waldrand_Oelbild_pleinairmalerei-1428-815x1024.jpg\" alt=\"Waldrand_\u00d6lbild_pleinairmalerei-1428\" class=\"\"\/>\r\n                        <figcaption class=\"dg_ig_content c4-layout-top-left \">\r\n                            <div class=\"c4-fade-up dg-hide-title\"><h6 class=\"dg_ig_caption\">Waldrand, 33 x 24 cm (Nr.1428)<\/h6><\/div><div class=\"c4-fade-up dg-hide-description\"><p class=\"dg_ig_description\">Waldrand, 33 x 24 cm (Nr.1428)<\/p><\/div>\r\n                        <\/figcaption>\r\n                    <\/figure>\r\n                <\/div>\r\n            <\/div><div class=\"dg_ig_image grid-item \" data-src=\"https:\/\/yoruehmer.de\/wp-content\/uploads\/2025\/08\/Wald_Oelbild_Pleinairmalerei-1427.jpg\" data-sub-html=\".dg_ig_content\">\r\n                <div class=\"item-content no-image-scale\" >\r\n                    <figure class=\" c4-izmir  has_overlay\">\r\n                        \r\n                        <img decoding=\"async\" class=\"ig-image\" src=\"https:\/\/yoruehmer.de\/wp-content\/uploads\/2025\/08\/Wald_Oelbild_Pleinairmalerei-1427-733x1024.jpg\" alt=\"Wald_\u00d6lbild_Pleinairmalerei-1427\" class=\"\"\/>\r\n                        <figcaption class=\"dg_ig_content c4-layout-top-left \">\r\n                            <div class=\"c4-fade-up dg-hide-title\"><h6 class=\"dg_ig_caption\">Pf\u00e4lzer Wald, 19 x 24 cm (Nr. 1427)<\/h6><\/div><div class=\"c4-fade-up dg-hide-description\"><p class=\"dg_ig_description\">Pf\u00e4lzer Wald, 19 x 24 cm (Nr. 1427)<\/p><\/div>\r\n                        <\/figcaption>\r\n                    <\/figure>\r\n                <\/div>\r\n            <\/div><div class=\"dg_ig_image grid-item \" data-src=\"https:\/\/yoruehmer.de\/wp-content\/uploads\/2025\/08\/Pinien_Oelbild_pleinairmalerei-1435.jpg\" data-sub-html=\".dg_ig_content\">\r\n                <div class=\"item-content no-image-scale\" >\r\n                    <figure class=\" c4-izmir  has_overlay\">\r\n                        \r\n                        <img decoding=\"async\" class=\"ig-image\" src=\"https:\/\/yoruehmer.de\/wp-content\/uploads\/2025\/08\/Pinien_Oelbild_pleinairmalerei-1435-512x1024.jpg\" alt=\"Pinien_\u00d6lbild_pleinairmalerei-1435\" class=\"\"\/>\r\n                        <figcaption class=\"dg_ig_content c4-layout-top-left \">\r\n                            <div class=\"c4-fade-up dg-hide-title\"><h6 class=\"dg_ig_caption\">Kiefern, 15 x 30 cm (Nr. 1435)<\/h6><\/div><div class=\"c4-fade-up dg-hide-description\"><p class=\"dg_ig_description\">Kiefern, 15 x 30 cm (Nr. 1435)<\/p><\/div>\r\n                        <\/figcaption>\r\n                    <\/figure>\r\n                <\/div>\r\n            <\/div><div class=\"dg_ig_image grid-item \" data-src=\"https:\/\/yoruehmer.de\/wp-content\/uploads\/2025\/06\/Bachlauf_Ostsee_Pleinairmalerei_oelmalerei_1394.jpg\" data-sub-html=\".dg_ig_content\">\r\n                <div class=\"item-content no-image-scale\" >\r\n                    <figure class=\" c4-izmir  has_overlay\">\r\n                        \r\n                        <img decoding=\"async\" class=\"ig-image\" src=\"https:\/\/yoruehmer.de\/wp-content\/uploads\/2025\/06\/Bachlauf_Ostsee_Pleinairmalerei_oelmalerei_1394-683x1024.jpg\" alt=\"Bachlauf_Ostsee_Pleinairmalerei_\u00f6lmalerei_1394\" class=\"\"\/>\r\n                        <figcaption class=\"dg_ig_content c4-layout-top-left \">\r\n                            <div class=\"c4-fade-up dg-hide-title\"><h6 class=\"dg_ig_caption\">Bach zur Ostsee, 20 x 30 cm (Nr. 1394)<\/h6><\/div>\r\n                        <\/figcaption>\r\n                    <\/figure>\r\n                <\/div>\r\n            <\/div><div class=\"dg_ig_image grid-item \" data-src=\"https:\/\/yoruehmer.de\/wp-content\/uploads\/2025\/06\/Waldweg-Oelbild_pleinairmalerei-1401.jpg\" data-sub-html=\".dg_ig_content\">\r\n                <div class=\"item-content no-image-scale\" >\r\n                    <figure class=\" c4-izmir  has_overlay\">\r\n                        \r\n                        <img decoding=\"async\" class=\"ig-image\" src=\"https:\/\/yoruehmer.de\/wp-content\/uploads\/2025\/06\/Waldweg-Oelbild_pleinairmalerei-1401-1080x722.jpg\" alt=\"Waldweg-\u00d6lbild_pleinairmalerei-1401\" class=\"\"\/>\r\n                        <figcaption class=\"dg_ig_content c4-layout-top-left \">\r\n                            <div class=\"c4-fade-up dg-hide-title\"><h6 class=\"dg_ig_caption\">Waldweg, 30 x 20 cm (Nr. 1401)<\/h6><\/div>\r\n                        <\/figcaption>\r\n                    <\/figure>\r\n                <\/div>\r\n            <\/div><div class=\"dg_ig_image grid-item \" data-src=\"https:\/\/yoruehmer.de\/wp-content\/uploads\/2024\/10\/Pfaelzerwald-Oelbild-pleinairmalerei-1319.jpg\" data-sub-html=\".dg_ig_content\">\r\n                <div class=\"item-content no-image-scale\" >\r\n                    <figure class=\" c4-izmir  has_overlay\">\r\n                        \r\n                        <img decoding=\"async\" class=\"ig-image\" src=\"https:\/\/yoruehmer.de\/wp-content\/uploads\/2024\/10\/Pfaelzerwald-Oelbild-pleinairmalerei-1319-682x1024.jpg\" alt=\"Pf\u00e4lzerwald-\u00d6lbild-pleinairmalerei-1319\" class=\"\"\/>\r\n                        <figcaption class=\"dg_ig_content c4-layout-top-left \">\r\n                            <div class=\"c4-fade-up dg-hide-title\"><h6 class=\"dg_ig_caption\">Sommerwald, 20 x 30 cm (Nr. 1319)<\/h6><\/div>\r\n                        <\/figcaption>\r\n                    <\/figure>\r\n                <\/div>\r\n            <\/div><div class=\"dg_ig_image grid-item \" data-src=\"https:\/\/yoruehmer.de\/wp-content\/uploads\/2024\/10\/Allgaeu-Waldhuette-Oelbild-Pleinairmalerei-1325.jpg\" data-sub-html=\".dg_ig_content\">\r\n                <div class=\"item-content no-image-scale\" >\r\n                    <figure class=\" c4-izmir  has_overlay\">\r\n                        \r\n                        <img decoding=\"async\" class=\"ig-image\" src=\"https:\/\/yoruehmer.de\/wp-content\/uploads\/2024\/10\/Allgaeu-Waldhuette-Oelbild-Pleinairmalerei-1325-1080x498.jpg\" alt=\"Allg\u00e4u-Waldh\u00fctte-\u00d6lbild-Pleinairmalerei-1325\" class=\"\"\/>\r\n                        <figcaption class=\"dg_ig_content c4-layout-top-left \">\r\n                            <div class=\"c4-fade-up dg-hide-title\"><h6 class=\"dg_ig_caption\">Waldh\u00fctte, Allg\u00e4u, 30 x 15 cm (Nr. 1325)<\/h6><\/div>\r\n                        <\/figcaption>\r\n                    <\/figure>\r\n                <\/div>\r\n            <\/div><div class=\"dg_ig_image grid-item \" data-src=\"https:\/\/yoruehmer.de\/wp-content\/uploads\/2024\/10\/Allgaeu-Waldbach_Oelbild-pleinairmalerei-1324.jpg\" data-sub-html=\".dg_ig_content\">\r\n                <div class=\"item-content no-image-scale\" >\r\n                    <figure class=\" c4-izmir  has_overlay\">\r\n                        \r\n                        <img decoding=\"async\" class=\"ig-image\" src=\"https:\/\/yoruehmer.de\/wp-content\/uploads\/2024\/10\/Allgaeu-Waldbach_Oelbild-pleinairmalerei-1324-819x1024.jpg\" alt=\"Allg\u00e4u-Waldbach_\u00d6lbild-pleinairmalerei-1324\" class=\"\"\/>\r\n                        <figcaption class=\"dg_ig_content c4-layout-top-left \">\r\n                            <div class=\"c4-fade-up dg-hide-title\"><h6 class=\"dg_ig_caption\">Waldbach, Allg\u00e4u, 24 x 30 cm (Nr. 1324)<\/h6><\/div>\r\n                        <\/figcaption>\r\n                    <\/figure>\r\n                <\/div>\r\n            <\/div><div class=\"dg_ig_image grid-item \" data-src=\"https:\/\/yoruehmer.de\/wp-content\/uploads\/2024\/07\/Sommerfeld-Baeume-gemalt-pleinairmalerei-1298.jpg\" data-sub-html=\".dg_ig_content\">\r\n                <div class=\"item-content no-image-scale\" >\r\n                    <figure class=\" c4-izmir  has_overlay\">\r\n                        \r\n                        <img decoding=\"async\" class=\"ig-image\" src=\"https:\/\/yoruehmer.de\/wp-content\/uploads\/2024\/07\/Sommerfeld-Baeume-gemalt-pleinairmalerei-1298-1080x871.jpg\" alt=\"Sommerfeld-Baeume-gemalt-pleinairmalerei-1298\" class=\"\"\/>\r\n                        <figcaption class=\"dg_ig_content c4-layout-top-left \">\r\n                            <div class=\"c4-fade-up dg-hide-title\"><h6 class=\"dg_ig_caption\">Feldrand, 30 x 24 cm (Nr. 1298)<\/h6><\/div>\r\n                        <\/figcaption>\r\n                    <\/figure>\r\n                <\/div>\r\n            <\/div><div class=\"dg_ig_image grid-item \" data-src=\"https:\/\/yoruehmer.de\/wp-content\/uploads\/2024\/01\/Sommer-weg-gemalt-oelbild-pleinairmalerei-1183.jpg\" data-sub-html=\".dg_ig_content\">\r\n                <div class=\"item-content no-image-scale\" >\r\n                    <figure class=\" c4-izmir  has_overlay\">\r\n                        \r\n                        <img decoding=\"async\" class=\"ig-image\" src=\"https:\/\/yoruehmer.de\/wp-content\/uploads\/2024\/01\/Sommer-weg-gemalt-oelbild-pleinairmalerei-1183-822x1024.jpg\" alt=\"Sommer-weg-gemalt-\u00f6lbild-pleinairmalerei-1183\" class=\"\"\/>\r\n                        <figcaption class=\"dg_ig_content c4-layout-top-left \">\r\n                            <div class=\"c4-fade-up dg-hide-title\"><h6 class=\"dg_ig_caption\">Sommerweg, 24 x 30 cm (Bild Nr. 1183)<\/h6><\/div>\r\n                        <\/figcaption>\r\n                    <\/figure>\r\n                <\/div>\r\n            <\/div><div class=\"dg_ig_image grid-item \" data-src=\"https:\/\/yoruehmer.de\/wp-content\/uploads\/2023\/08\/Sommerblumen-gemalt-oelbild-pleinairmalerei-1175.jpg\" data-sub-html=\".dg_ig_content\">\r\n                <div class=\"item-content no-image-scale\" >\r\n                    <figure class=\" c4-izmir  has_overlay\">\r\n                        \r\n                        <img decoding=\"async\" class=\"ig-image\" src=\"https:\/\/yoruehmer.de\/wp-content\/uploads\/2023\/08\/Sommerblumen-gemalt-oelbild-pleinairmalerei-1175-1080x864.jpg\" alt=\"Sommerblumen-gemalt-oelbild-pleinairmalerei-1175\" class=\"\"\/>\r\n                        <figcaption class=\"dg_ig_content c4-layout-top-left \">\r\n                            <div class=\"c4-fade-up dg-hide-title\"><h6 class=\"dg_ig_caption\">Sommerblumen, 30 x 24 cm (Nr.1175)<\/h6><\/div>\r\n                        <\/figcaption>\r\n                    <\/figure>\r\n                <\/div>\r\n            <\/div>\r\n                <\/div>\r\n                <div class=\"dg_ig_button_container\">\r\n                    <button class=\"ig-load-more-btn\" data-loaded=\"12\">Mehr Sommerbilder \r\n                    <span class=\"spinner\">\r\n                        <svg width=\"135\" height=\"140\" viewBox=\"0 0 135 140\" xmlns=\"http:\/\/www.w3.org\/2000\/svg\" fill=\"#fff\">\r\n                            <rect y=\"10\" width=\"15\" height=\"120\" rx=\"6\">\r\n                                <animate attributeName=\"height\"\r\n                                    begin=\"0.5s\" dur=\"1s\"\r\n                                    values=\"120;110;100;90;80;70;60;50;40;140;120\" calcMode=\"linear\"\r\n                                    repeatCount=\"indefinite\" \/>\r\n                                <animate attributeName=\"y\"\r\n                                    begin=\"0.5s\" dur=\"1s\"\r\n                                    values=\"10;15;20;25;30;35;40;45;50;0;10\" calcMode=\"linear\"\r\n                                    repeatCount=\"indefinite\" \/>\r\n                            <\/rect>\r\n                            <rect x=\"30\" y=\"10\" width=\"15\" height=\"120\" rx=\"6\">\r\n                                <animate attributeName=\"height\"\r\n                                    begin=\"0.25s\" dur=\"1s\"\r\n                                    values=\"120;110;100;90;80;70;60;50;40;140;120\" calcMode=\"linear\"\r\n                                    repeatCount=\"indefinite\" \/>\r\n                                <animate attributeName=\"y\"\r\n                                    begin=\"0.25s\" dur=\"1s\"\r\n                                    values=\"10;15;20;25;30;35;40;45;50;0;10\" calcMode=\"linear\"\r\n                                    repeatCount=\"indefinite\" \/>\r\n                            <\/rect>\r\n                            <rect x=\"60\" width=\"15\" height=\"140\" rx=\"6\">\r\n                                <animate attributeName=\"height\"\r\n                                    begin=\"0s\" dur=\"1s\"\r\n                                    values=\"120;110;100;90;80;70;60;50;40;140;120\" calcMode=\"linear\"\r\n                                    repeatCount=\"indefinite\" \/>\r\n                                <animate attributeName=\"y\"\r\n                                    begin=\"0s\" dur=\"1s\"\r\n                                    values=\"10;15;20;25;30;35;40;45;50;0;10\" calcMode=\"linear\"\r\n                                    repeatCount=\"indefinite\" \/>\r\n                            <\/rect>\r\n                            <rect x=\"90\" y=\"10\" width=\"15\" height=\"120\" rx=\"6\">\r\n                                <animate attributeName=\"height\"\r\n                                    begin=\"0.25s\" dur=\"1s\"\r\n                                    values=\"120;110;100;90;80;70;60;50;40;140;120\" calcMode=\"linear\"\r\n                                    repeatCount=\"indefinite\" \/>\r\n                                <animate attributeName=\"y\"\r\n                                    begin=\"0.25s\" dur=\"1s\"\r\n                                    values=\"10;15;20;25;30;35;40;45;50;0;10\" calcMode=\"linear\"\r\n                                    repeatCount=\"indefinite\" \/>\r\n                            <\/rect>\r\n                            <rect x=\"120\" y=\"10\" width=\"15\" height=\"120\" rx=\"6\">\r\n                                <animate attributeName=\"height\"\r\n                                    begin=\"0.5s\" dur=\"1s\"\r\n                                    values=\"120;110;100;90;80;70;60;50;40;140;120\" calcMode=\"linear\"\r\n                                    repeatCount=\"indefinite\" \/>\r\n                                <animate attributeName=\"y\"\r\n                                    begin=\"0.5s\" dur=\"1s\"\r\n                                    values=\"10;15;20;25;30;35;40;45;50;0;10\" calcMode=\"linear\"\r\n                                    repeatCount=\"indefinite\" \/>\r\n                            <\/rect>\r\n                        <\/svg>\r\n                    <\/span><\/button>\r\n                <\/div>\r\n            <\/div>\n\t\t\t\t<\/div>\n\t\t\t<\/div>Im Sommer mag ich besonders das Spiel von Licht und Schatten, weswegen ich bevorzugt in den sp\u00e4ten Nachmittags- oder fr\u00fchen Abendstunden losziehe um [&hellip;]<\/p>\n","protected":false},"author":1,"featured_media":0,"parent":2148,"menu_order":41,"comment_status":"closed","ping_status":"closed","template":"","meta":{"_et_pb_use_builder":"on","_et_pb_old_content":"","_et_gb_content_width":"","footnotes":""},"class_list":["post-373","page","type-page","status-publish","hentry"],"_links":{"self":[{"href":"https:\/\/yoruehmer.de\/home\/wp-json\/wp\/v2\/pages\/373","targetHints":{"allow":["GET"]}}],"collection":[{"href":"https:\/\/yoruehmer.de\/home\/wp-json\/wp\/v2\/pages"}],"about":[{"href":"https:\/\/yoruehmer.de\/home\/wp-json\/wp\/v2\/types\/page"}],"author":[{"embeddable":true,"href":"https:\/\/yoruehmer.de\/home\/wp-json\/wp\/v2\/users\/1"}],"replies":[{"embeddable":true,"href":"https:\/\/yoruehmer.de\/home\/wp-json\/wp\/v2\/comments?post=373"}],"version-history":[{"count":9,"href":"https:\/\/yoruehmer.de\/home\/wp-json\/wp\/v2\/pages\/373\/revisions"}],"predecessor-version":[{"id":6332,"href":"https:\/\/yoruehmer.de\/home\/wp-json\/wp\/v2\/pages\/373\/revisions\/6332"}],"up":[{"embeddable":true,"href":"https:\/\/yoruehmer.de\/home\/wp-json\/wp\/v2\/pages\/2148"}],"wp:attachment":[{"href":"https:\/\/yoruehmer.de\/home\/wp-json\/wp\/v2\/media?parent=373"}],"curies":[{"name":"wp","href":"https:\/\/api.w.org\/{rel}","templated":true}]}}