{"id":366,"date":"2020-04-13T16:00:39","date_gmt":"2020-04-13T14:00:39","guid":{"rendered":"http:\/\/pleinairmalerei.yoruehmer.de\/wordpress\/?page_id=366"},"modified":"2026-01-10T17:21:56","modified_gmt":"2026-01-10T16:21:56","slug":"winter","status":"publish","type":"page","link":"https:\/\/yoruehmer.de\/home\/winter\/","title":{"rendered":"Winter"},"content":{"rendered":"<p>[et_pb_section fb_built=&#8221;1&#8243; fullwidth=&#8221;on&#8221; _builder_version=&#8221;4.16&#8243; _module_preset=&#8221;default&#8221; global_colors_info=&#8221;{}&#8221;][et_pb_fullwidth_slider show_arrows=&#8221;off&#8221; show_pagination=&#8221;off&#8221; admin_label=&#8221;Portfolio VB Slider&#8221; _builder_version=&#8221;4.27.4&#8243; _dynamic_attributes=&#8221;button_link&#8221; _module_preset=&#8221;default&#8221; header_level=&#8221;h1&#8243; header_text_color=&#8221;#FFFFFF&#8221; header_font_size=&#8221;52px&#8221; header_line_height=&#8221;1.8em&#8221; background_color=&#8221;RGBA(255,255,255,0)&#8221; background_image=&#8221;https:\/\/yoruehmer.de\/wp-content\/uploads\/2025\/11\/Allgaeu_Slider.jpg&#8221; background_position=&#8221;top_center&#8221; width_tablet=&#8221;&#8221; width_phone=&#8221;&#8221; width_last_edited=&#8221;on|phone&#8221; module_alignment=&#8221;center&#8221; content_width=&#8221;100%&#8221; content_max_width=&#8221;1200px&#8221; content_max_width_tablet=&#8221;1000px&#8221; content_max_width_phone=&#8221;600px&#8221; content_max_width_last_edited=&#8221;on|phone&#8221; min_height_tablet=&#8221;&#8221; min_height_phone=&#8221;&#8221; min_height_last_edited=&#8221;on|desktop&#8221; height=&#8221;300px&#8221; height_tablet=&#8221;250px&#8221; height_phone=&#8221;150px&#8221; height_last_edited=&#8221;on|desktop&#8221; max_height_tablet=&#8221;&#8221; max_height_phone=&#8221;&#8221; max_height_last_edited=&#8221;on|desktop&#8221; custom_padding=&#8221;120px||||false|false&#8221; custom_padding_tablet=&#8221;110px||||false|false&#8221; custom_padding_phone=&#8221;50px||||false|false&#8221; custom_padding_last_edited=&#8221;on|phone&#8221; animation_direction=&#8221;right&#8221; auto=&#8221;on&#8221; header_font_size_tablet=&#8221;39px&#8221; header_font_size_phone=&#8221;24px&#8221; header_font_size_last_edited=&#8221;on|phone&#8221; header_line_height_tablet=&#8221;1.3em&#8221; header_line_height_phone=&#8221;1em&#8221; header_line_height_last_edited=&#8221;on|phone&#8221; header_text_shadow_style=&#8221;preset1&#8243; global_module=&#8221;5268&#8243; saved_tabs=&#8221;all&#8221; global_colors_info=&#8221;{}&#8221;][et_pb_slide heading=&#8221;Winter&#8221; _builder_version=&#8221;4.24.2&#8243; _module_preset=&#8221;default&#8221; background_color=&#8221;RGBA(255,255,255,0)&#8221; background_enable_color=&#8221;on&#8221; background_image=&#8221;https:\/\/yoruehmer.de\/wp-content\/uploads\/2024\/03\/WinterNeu-Slider.jpg&#8221; background_enable_image=&#8221;on&#8221; global_colors_info=&#8221;{}&#8221; sticky_transition=&#8221;on&#8221;][\/et_pb_slide][\/et_pb_fullwidth_slider][et_pb_fullwidth_menu menu_id=&#8221;3&#8243; menu_style=&#8221;centered&#8221; fullwidth_menu=&#8221;off&#8221; active_link_color=&#8221;#000000&#8243; dropdown_menu_line_color=&#8221;#E09900&#8243; dropdown_menu_text_color=&#8221;#E09900&#8243; dropdown_menu_active_link_color=&#8221;#000000&#8243; mobile_menu_text_color=&#8221;#E09900&#8243; module_id=&#8221;pa-open-mobile-menu&#8221; module_class=&#8221;pa-open-mobile-menu&#8221; _builder_version=&#8221;4.16&#8243; _module_preset=&#8221;default&#8221; menu_font=&#8221;|600|||||||&#8221; menu_text_color=&#8221;#E09900&#8243; global_colors_info=&#8221;{}&#8221;][\/et_pb_fullwidth_menu][\/et_pb_section][et_pb_section fb_built=&#8221;1&#8243; _builder_version=&#8221;4.16&#8243; custom_margin=&#8221;0px||||false|false&#8221; global_colors_info=&#8221;{}&#8221;][et_pb_row _builder_version=&#8221;4.16&#8243; global_colors_info=&#8221;{}&#8221;][et_pb_column type=&#8221;4_4&#8243; _builder_version=&#8221;4.16&#8243; global_colors_info=&#8221;{}&#8221;][dggm_imagegallery image_size=&#8221;large&#8221; image_to_display=&#8221;3&#8243; use_image_order=&#8221;on&#8221; image_order=&#8221;desc&#8221; load_more=&#8221;on&#8221; init_count=&#8221;12&#8243; image_count=&#8221;50&#8243; load_more_text=&#8221;Mehr Winterbilder&#8221; use_lightbox=&#8221;on&#8221; use_lightbox_content=&#8221;on&#8221; caption_tag=&#8221;h6&#8243; more_btn_align=&#8221;center&#8221; spinner_color=&#8221;#E09900&#8243; more_btn_bg_bgcolor=&#8221;#E09900&#8243; image_to_display_tablet=&#8221;3&#8243; image_to_display_phone=&#8221;2&#8243; image_to_display_last_edited=&#8221;off|phone&#8221; _builder_version=&#8221;4.27.5&#8243; _module_preset=&#8221;default&#8221; caption_font_size=&#8221;14px&#8221; more_btn_text_color=&#8221;#FFFFFF&#8221; hover_enabled=&#8221;0&#8243; border_radii_morebtn_border=&#8221;on|30px|30px|30px|30px&#8221; global_colors_info=&#8221;{}&#8221; sticky_enabled=&#8221;0&#8243;][dggm_imagegalleryitem gallery_ids=&#8221;4595,4593,4524,4523,4257,4154,4152,4127,3354,3315,3265,3220,3219,2989,2985,2971,2961,2898,2849,2848,1902,757,639,638,637,634,7869,7868,7867&#8243; _builder_version=&#8221;4.27.5&#8243; _module_preset=&#8221;default&#8221; hover_enabled=&#8221;0&#8243; global_colors_info=&#8221;{}&#8221; sticky_enabled=&#8221;0&#8243;][\/dggm_imagegalleryitem][\/dggm_imagegallery][\/et_pb_column][\/et_pb_row][et_pb_row column_structure=&#8221;1_2,1_2&#8243; _builder_version=&#8221;4.16&#8243; global_colors_info=&#8221;{}&#8221;][et_pb_column type=&#8221;1_2&#8243; _builder_version=&#8221;4.16&#8243; global_colors_info=&#8221;{}&#8221;][et_pb_button button_url=&#8221;@ET-DC@eyJkeW5hbWljIjp0cnVlLCJjb250ZW50IjoicG9zdF9saW5rX3VybF9wYWdlIiwic2V0dGluZ3MiOnsicG9zdF9pZCI6IjM3NyJ9fQ==@&#8221; button_text=&#8221;Herbst&#8221; _builder_version=&#8221;4.16&#8243; _dynamic_attributes=&#8221;button_url&#8221; custom_button=&#8221;on&#8221; button_text_color=&#8221;#e09900&#8243; button_bg_color=&#8221;#ffffff&#8221; button_border_width=&#8221;0px&#8221; button_icon=&#8221;&#x23;||divi||400&#8243; button_icon_color=&#8221;#e09900&#8243; button_icon_placement=&#8221;left&#8221; button_on_hover=&#8221;off&#8221; global_colors_info=&#8221;{}&#8221;][\/et_pb_button][\/et_pb_column][et_pb_column type=&#8221;1_2&#8243; _builder_version=&#8221;4.16&#8243; global_colors_info=&#8221;{}&#8221;][et_pb_button button_url=&#8221;@ET-DC@eyJkeW5hbWljIjp0cnVlLCJjb250ZW50IjoicG9zdF9saW5rX3VybF9wYWdlIiwic2V0dGluZ3MiOnsicG9zdF9pZCI6IjM1NiJ9fQ==@&#8221; button_text=&#8221;interieurs&#8221; button_alignment=&#8221;right&#8221; _builder_version=&#8221;4.16&#8243; _dynamic_attributes=&#8221;button_url&#8221; custom_button=&#8221;on&#8221; button_text_color=&#8221;#e09900&#8243; button_bg_color=&#8221;#ffffff&#8221; button_border_width=&#8221;0px&#8221; button_icon=&#8221;&#x24;||divi||400&#8243; button_icon_color=&#8221;#e09900&#8243; button_on_hover=&#8221;off&#8221; global_colors_info=&#8221;{}&#8221;][\/et_pb_button][\/et_pb_column][\/et_pb_row][\/et_pb_section][et_pb_section fb_built=&#8221;1&#8243; _builder_version=&#8221;4.16&#8243; global_colors_info=&#8221;{}&#8221;][et_pb_row _builder_version=&#8221;4.16&#8243; custom_margin=&#8221;-40px||||false|false&#8221; global_colors_info=&#8221;{}&#8221;][et_pb_column type=&#8221;4_4&#8243; _builder_version=&#8221;4.16&#8243; global_colors_info=&#8221;{}&#8221;][et_pb_toggle title=&#8221;Mehr \u00fcber meine Winterbilder&#8221; open_toggle_text_color=&#8221;#e09900&#8243; open_toggle_background_color=&#8221;#ffffff&#8221; closed_toggle_background_color=&#8221;#ffffff&#8221; icon_color=&#8221;#e09900&#8243; open_icon_color=&#8221;#e09900&#8243; _builder_version=&#8221;4.16&#8243; title_text_color=&#8221;#e09900&#8243; title_text_align=&#8221;left&#8221; closed_title_text_align=&#8221;left&#8221; text_orientation=&#8221;left&#8221; border_width_all=&#8221;0px&#8221; global_colors_info=&#8221;{}&#8221;]<\/p>\n<p>Im Winter gehe ich nat\u00fcrlich weniger oft raus zum Malen &#8211; aber ich tu&#8217;s! Ich habe da mittlerweile M\u00f6glichkeiten gefunden, wie mir die F\u00fc\u00dfe trotz des langen Stehens nicht abfrieren. Und es schadet meinen Bildern oft auch nicht, wenn ich mich etwas mehr beeile als sonst. Ein bisschen tricky ist es bei Minustemperaturen: das \u00d6l in den \u00d6lfarben wird dann z\u00e4h und besonders das Titanwei\u00df zieht dann fast schon F\u00e4den!<br \/> Am allerliebsten male ich Schnee \u2013 wie das viele Wei\u00df die Landschaften komplett ver\u00e4ndert, die Kontraste anzieht, und wie wundersch\u00f6n blau die Schatten bei Sonnenschein rausknallen\u2026 !<\/p>\n<p>Da es in den Tieflagen ja nur noch selten schneit im Winter, bin ich sehr froh \u00fcber den nahen Taunus.<\/p>\n<p>[\/et_pb_toggle][\/et_pb_column][\/et_pb_row][\/et_pb_section]<\/p>\n","protected":false},"excerpt":{"rendered":"<p><div class=\"et_pb_with_border et_pb_module none divienhancer-hover-effect dggm_imagegallery dggm_imagegallery_0\">\n\t\t\t\t\n\t\t\t\t\n\t\t\t\t\n\t\t\t\t\n\t\t\t\t\n\t\t\t\t\n\t\t\t\t<div class=\"et_pb_module_inner\">\n\t\t\t\t\t<div class=\"dg_ig_container ig_has_lightbox\" data-settings='{\"image_ids\":\"7869, 7868, 7867, 4595, 4593, 4524, 4523, 4257, 4154, 4152, 4127, 3354, 3315, 3265, 3220, 3219, 2989, 2985, 2971, 2961, 2898, 2849, 2848, 1902, 757, 639, 638, 637, 634\",\"show_caption\":\"off\",\"show_description\":\"off\",\"image_size\":\"large\",\"filter_nav\":\"off\",\"layout_mode\":\"masonry\",\"load_more\":\"on\",\"init_count\":\"12\",\"image_count\":\"50\",\"use_lightbox\":\"on\",\"use_lightbox_content\":\"on\",\"use_lightbox_download\":\"off\",\"caption_tag\":\"h6\",\"description_tag\":\"p\",\"image_scale\":\"no-image-scale\",\"content_position\":\"c4-layout-top-left\",\"content_reveal_caption\":\"c4-fade-up\",\"content_reveal_description\":\"c4-fade-up\",\"border_anim\":\"off\",\"border_anm_style\":\"c4-border-fade\",\"always_show_title\":\"off\",\"always_show_description\":\"off\",\"use_url\":\"off\",\"url_target\":\"same_window\",\"overlay\":\"off\"}'>\r\n                \r\n                <div class=\"dg_ig_gallery grid\" style=\"opacity:0;\">\r\n                    <div class=\"dg_ig_image grid-item \" data-src=\"https:\/\/yoruehmer.de\/wp-content\/uploads\/2026\/01\/Schneefeld_Oelmalerei_pleinair_1486.jpg\" data-sub-html=\".dg_ig_content\">\r\n                <div class=\"item-content no-image-scale\" >\r\n                    <figure class=\" c4-izmir  has_overlay\">\r\n                        \r\n                        <img decoding=\"async\" class=\"ig-image\" src=\"https:\/\/yoruehmer.de\/wp-content\/uploads\/2026\/01\/Schneefeld_Oelmalerei_pleinair_1486-1080x864.jpg\" alt=\"Schneefeld_\u00d6lmalerei_pleinair_1486\" class=\"\"\/>\r\n                        <figcaption class=\"dg_ig_content c4-layout-top-left \">\r\n                            <div class=\"c4-fade-up dg-hide-title\"><h6 class=\"dg_ig_caption\">Schneefelder, 30x24 cm (Nr. 1486)<\/h6><\/div>\r\n                        <\/figcaption>\r\n                    <\/figure>\r\n                <\/div>\r\n            <\/div><div class=\"dg_ig_image grid-item \" data-src=\"https:\/\/yoruehmer.de\/wp-content\/uploads\/2026\/01\/Schnee_Wintersonne_Oelbild_Pleinairmalerei-1483.jpg\" data-sub-html=\".dg_ig_content\">\r\n                <div class=\"item-content no-image-scale\" >\r\n                    <figure class=\" c4-izmir  has_overlay\">\r\n                        \r\n                        <img decoding=\"async\" class=\"ig-image\" src=\"https:\/\/yoruehmer.de\/wp-content\/uploads\/2026\/01\/Schnee_Wintersonne_Oelbild_Pleinairmalerei-1483-819x1024.jpg\" alt=\"Schnee_Wintersonne_\u00d6lbild_Pleinairmalerei-1483\" class=\"\"\/>\r\n                        <figcaption class=\"dg_ig_content c4-layout-top-left \">\r\n                            <div class=\"c4-fade-up dg-hide-title\"><h6 class=\"dg_ig_caption\">Wintersonne, 24 x30 cm (Ne. 1483)<\/h6><\/div>\r\n                        <\/figcaption>\r\n                    <\/figure>\r\n                <\/div>\r\n            <\/div><div class=\"dg_ig_image grid-item \" data-src=\"https:\/\/yoruehmer.de\/wp-content\/uploads\/2026\/01\/Schnee_Schrebergarten_Oelbild_pleinairmalerei-1485.jpg\" data-sub-html=\".dg_ig_content\">\r\n                <div class=\"item-content no-image-scale\" >\r\n                    <figure class=\" c4-izmir  has_overlay\">\r\n                        \r\n                        <img decoding=\"async\" class=\"ig-image\" src=\"https:\/\/yoruehmer.de\/wp-content\/uploads\/2026\/01\/Schnee_Schrebergarten_Oelbild_pleinairmalerei-1485-820x1024.jpg\" alt=\"Schnee_Schrebergarten_\u00d6lbild_pleinairmalerei-1485\" class=\"\"\/>\r\n                        <figcaption class=\"dg_ig_content c4-layout-top-left \">\r\n                            <div class=\"c4-fade-up dg-hide-title\"><h6 class=\"dg_ig_caption\">Schrebergarten im Schnee, 24 x 30 cm (Nr. 1485)<\/h6><\/div>\r\n                        <\/figcaption>\r\n                    <\/figure>\r\n                <\/div>\r\n            <\/div><div class=\"dg_ig_image grid-item \" data-src=\"https:\/\/yoruehmer.de\/wp-content\/uploads\/2023\/02\/Taunus-schneereste-oelbild-pleinairmalerei-1113.jpg\" data-sub-html=\".dg_ig_content\">\r\n                <div class=\"item-content no-image-scale\" >\r\n                    <figure class=\" c4-izmir  has_overlay\">\r\n                        \r\n                        <img decoding=\"async\" class=\"ig-image\" src=\"https:\/\/yoruehmer.de\/wp-content\/uploads\/2023\/02\/Taunus-schneereste-oelbild-pleinairmalerei-1113-1080x540.jpg\" alt=\"Taunus-schneereste-\u00f6lbild-pleinairmalerei-1113\" class=\"\"\/>\r\n                        <figcaption class=\"dg_ig_content c4-layout-top-left \">\r\n                            <div class=\"c4-fade-up dg-hide-title\"><h6 class=\"dg_ig_caption\">Schneereste, 30 x 15 cm (Nr 1113)<\/h6><\/div>\r\n                        <\/figcaption>\r\n                    <\/figure>\r\n                <\/div>\r\n            <\/div><div class=\"dg_ig_image grid-item \" data-src=\"https:\/\/yoruehmer.de\/wp-content\/uploads\/2023\/02\/Taunus-Baum-schneereste-gemalt-pleinairmalerei-1114.jpg\" data-sub-html=\".dg_ig_content\">\r\n                <div class=\"item-content no-image-scale\" >\r\n                    <figure class=\" c4-izmir  has_overlay\">\r\n                        \r\n                        <img decoding=\"async\" class=\"ig-image\" src=\"https:\/\/yoruehmer.de\/wp-content\/uploads\/2023\/02\/Taunus-Baum-schneereste-gemalt-pleinairmalerei-1114-819x1024.jpg\" alt=\"Taunus-Baum-schneereste-gemalt-pleinairmalerei-1114\" class=\"\"\/>\r\n                        <figcaption class=\"dg_ig_content c4-layout-top-left \">\r\n                            <div class=\"c4-fade-up dg-hide-title\"><h6 class=\"dg_ig_caption\">Baum mit Schneeresten, 24 x 30 cm (Nr 1114)<\/h6><\/div>\r\n                        <\/figcaption>\r\n                    <\/figure>\r\n                <\/div>\r\n            <\/div><div class=\"dg_ig_image grid-item \" data-src=\"https:\/\/yoruehmer.de\/wp-content\/uploads\/2022\/12\/Schnee-Nebel-Oelbild-Taunus-pleinairmalerei-1086.jpg\" data-sub-html=\".dg_ig_content\">\r\n                <div class=\"item-content no-image-scale\" >\r\n                    <figure class=\" c4-izmir  has_overlay\">\r\n                        \r\n                        <img decoding=\"async\" class=\"ig-image\" src=\"https:\/\/yoruehmer.de\/wp-content\/uploads\/2022\/12\/Schnee-Nebel-Oelbild-Taunus-pleinairmalerei-1086-818x1024.jpg\" alt=\"Schnee-Nebel-\u00d6lbild-Taunus-pleinairmalerei-1086\" class=\"\"\/>\r\n                        <figcaption class=\"dg_ig_content c4-layout-top-left \">\r\n                            <div class=\"c4-fade-up dg-hide-title\"><h6 class=\"dg_ig_caption\">Schnee und Nebel, 24 x 30 cm (Nr. 1086)<\/h6><\/div>\r\n                        <\/figcaption>\r\n                    <\/figure>\r\n                <\/div>\r\n            <\/div><div class=\"dg_ig_image grid-item \" data-src=\"https:\/\/yoruehmer.de\/wp-content\/uploads\/2022\/12\/verschneite-baeume-gemalt-pleinairmalerei-1087.jpg\" data-sub-html=\".dg_ig_content\">\r\n                <div class=\"item-content no-image-scale\" >\r\n                    <figure class=\" c4-izmir  has_overlay\">\r\n                        \r\n                        <img decoding=\"async\" class=\"ig-image\" src=\"https:\/\/yoruehmer.de\/wp-content\/uploads\/2022\/12\/verschneite-baeume-gemalt-pleinairmalerei-1087-819x1024.jpg\" alt=\"verschneite-b\u00e4ume-gemalt-pleinairmalerei-1087\" class=\"\"\/>\r\n                        <figcaption class=\"dg_ig_content c4-layout-top-left \">\r\n                            <div class=\"c4-fade-up dg-hide-title\"><h6 class=\"dg_ig_caption\">Verschneite B\u00e4ume, 30 x 24 cm (Nr. 1087)<\/h6><\/div>\r\n                        <\/figcaption>\r\n                    <\/figure>\r\n                <\/div>\r\n            <\/div><div class=\"dg_ig_image grid-item \" data-src=\"https:\/\/yoruehmer.de\/wp-content\/uploads\/2022\/03\/Trauerweide-gemalt-oelbild-pleinairmalerei-973.jpg\" data-sub-html=\".dg_ig_content\">\r\n                <div class=\"item-content no-image-scale\" >\r\n                    <figure class=\" c4-izmir  has_overlay\">\r\n                        \r\n                        <img decoding=\"async\" class=\"ig-image\" src=\"https:\/\/yoruehmer.de\/wp-content\/uploads\/2022\/03\/Trauerweide-gemalt-oelbild-pleinairmalerei-973-1080x862.jpg\" alt=\"Trauerweide-gemalt-\u00f6lbild-pleinairmalerei-973\" class=\"\"\/>\r\n                        <figcaption class=\"dg_ig_content c4-layout-top-left \">\r\n                            <div class=\"c4-fade-up dg-hide-title\"><h6 class=\"dg_ig_caption\">Trauerweide im Ostpark, 30 x 24 cm (Nr. 973)<\/h6><\/div>\r\n                        <\/figcaption>\r\n                    <\/figure>\r\n                <\/div>\r\n            <\/div><div class=\"dg_ig_image grid-item \" data-src=\"https:\/\/yoruehmer.de\/wp-content\/uploads\/2022\/01\/winterbach-im-schnee-gemalt-pleinairmalerei-962.jpg\" data-sub-html=\".dg_ig_content\">\r\n                <div class=\"item-content no-image-scale\" >\r\n                    <figure class=\" c4-izmir  has_overlay\">\r\n                        \r\n                        <img decoding=\"async\" class=\"ig-image\" src=\"https:\/\/yoruehmer.de\/wp-content\/uploads\/2022\/01\/winterbach-im-schnee-gemalt-pleinairmalerei-962.jpg\" alt=\"winterbach-im-schnee-gemalt-pleinairmalerei-962\" class=\"\"\/>\r\n                        <figcaption class=\"dg_ig_content c4-layout-top-left \">\r\n                            <div class=\"c4-fade-up dg-hide-title\"><h6 class=\"dg_ig_caption\">Bach im Schnee, 30 x 24 cm (Nr. 962)<\/h6><\/div>\r\n                        <\/figcaption>\r\n                    <\/figure>\r\n                <\/div>\r\n            <\/div><div class=\"dg_ig_image grid-item \" data-src=\"https:\/\/yoruehmer.de\/wp-content\/uploads\/2022\/01\/taunus-schnee-gemalt-oelbild-pleinairmalerei-959.jpg\" data-sub-html=\".dg_ig_content\">\r\n                <div class=\"item-content no-image-scale\" >\r\n                    <figure class=\" c4-izmir  has_overlay\">\r\n                        \r\n                        <img decoding=\"async\" class=\"ig-image\" src=\"https:\/\/yoruehmer.de\/wp-content\/uploads\/2022\/01\/taunus-schnee-gemalt-oelbild-pleinairmalerei-959.jpg\" alt=\"Pleinairmalerei Schnee\" class=\"\"\/>\r\n                        <figcaption class=\"dg_ig_content c4-layout-top-left \">\r\n                            <div class=\"c4-fade-up dg-hide-title\"><h6 class=\"dg_ig_caption\">Holzhaufen im Schnee, 24 x 30 cm (Nr. 959)<\/h6><\/div>\r\n                        <\/figcaption>\r\n                    <\/figure>\r\n                <\/div>\r\n            <\/div><div class=\"dg_ig_image grid-item \" data-src=\"https:\/\/yoruehmer.de\/wp-content\/uploads\/2021\/12\/schnee-taunus-oelbild-pleinairmalerei-954.jpg\" data-sub-html=\".dg_ig_content\">\r\n                <div class=\"item-content no-image-scale\" >\r\n                    <figure class=\" c4-izmir  has_overlay\">\r\n                        \r\n                        <img decoding=\"async\" class=\"ig-image\" src=\"https:\/\/yoruehmer.de\/wp-content\/uploads\/2021\/12\/schnee-taunus-oelbild-pleinairmalerei-954-1080x752.jpg\" alt=\"schnee-taunus-oelbild-pleinairmalerei-954\" class=\"\"\/>\r\n                        <figcaption class=\"dg_ig_content c4-layout-top-left \">\r\n                            <div class=\"c4-fade-up dg-hide-title\"><h6 class=\"dg_ig_caption\">Taunus, 30 x 20 cm (Nr. 954)<\/h6><\/div>\r\n                        <\/figcaption>\r\n                    <\/figure>\r\n                <\/div>\r\n            <\/div><div class=\"dg_ig_image grid-item \" data-src=\"https:\/\/yoruehmer.de\/wp-content\/uploads\/2021\/03\/sandplacken-gemalt-oelbild-pleinairmalerei-allaprima-506.jpg\" data-sub-html=\".dg_ig_content\">\r\n                <div class=\"item-content no-image-scale\" >\r\n                    <figure class=\" c4-izmir  has_overlay\">\r\n                        \r\n                        <img decoding=\"async\" class=\"ig-image\" src=\"https:\/\/yoruehmer.de\/wp-content\/uploads\/2021\/03\/sandplacken-gemalt-oelbild-pleinairmalerei-allaprima-506-1080x810.jpg\" alt=\"sandplacken schnee Pleinairmalerei\" class=\"\"\/>\r\n                        <figcaption class=\"dg_ig_content c4-layout-top-left \">\r\n                            <div class=\"c4-fade-up dg-hide-title\"><h6 class=\"dg_ig_caption\">Sandplacken, 24 x 18 cm (Nr. 506)<\/h6><\/div>\r\n                        <\/figcaption>\r\n                    <\/figure>\r\n                <\/div>\r\n            <\/div>\r\n                <\/div>\r\n                <div class=\"dg_ig_button_container\">\r\n                    <button class=\"ig-load-more-btn\" data-loaded=\"12\">Mehr Winterbilder \r\n                    <span class=\"spinner\">\r\n                        <svg width=\"135\" height=\"140\" viewBox=\"0 0 135 140\" xmlns=\"http:\/\/www.w3.org\/2000\/svg\" fill=\"#fff\">\r\n                            <rect y=\"10\" width=\"15\" height=\"120\" rx=\"6\">\r\n                                <animate attributeName=\"height\"\r\n                                    begin=\"0.5s\" dur=\"1s\"\r\n                                    values=\"120;110;100;90;80;70;60;50;40;140;120\" calcMode=\"linear\"\r\n                                    repeatCount=\"indefinite\" \/>\r\n                                <animate attributeName=\"y\"\r\n                                    begin=\"0.5s\" dur=\"1s\"\r\n                                    values=\"10;15;20;25;30;35;40;45;50;0;10\" calcMode=\"linear\"\r\n                                    repeatCount=\"indefinite\" \/>\r\n                            <\/rect>\r\n                            <rect x=\"30\" y=\"10\" width=\"15\" height=\"120\" rx=\"6\">\r\n                                <animate attributeName=\"height\"\r\n                                    begin=\"0.25s\" dur=\"1s\"\r\n                                    values=\"120;110;100;90;80;70;60;50;40;140;120\" calcMode=\"linear\"\r\n                                    repeatCount=\"indefinite\" \/>\r\n                                <animate attributeName=\"y\"\r\n                                    begin=\"0.25s\" dur=\"1s\"\r\n                                    values=\"10;15;20;25;30;35;40;45;50;0;10\" calcMode=\"linear\"\r\n                                    repeatCount=\"indefinite\" \/>\r\n                            <\/rect>\r\n                            <rect x=\"60\" width=\"15\" height=\"140\" rx=\"6\">\r\n                                <animate attributeName=\"height\"\r\n                                    begin=\"0s\" dur=\"1s\"\r\n                                    values=\"120;110;100;90;80;70;60;50;40;140;120\" calcMode=\"linear\"\r\n                                    repeatCount=\"indefinite\" \/>\r\n                                <animate attributeName=\"y\"\r\n                                    begin=\"0s\" dur=\"1s\"\r\n                                    values=\"10;15;20;25;30;35;40;45;50;0;10\" calcMode=\"linear\"\r\n                                    repeatCount=\"indefinite\" \/>\r\n                            <\/rect>\r\n                            <rect x=\"90\" y=\"10\" width=\"15\" height=\"120\" rx=\"6\">\r\n                                <animate attributeName=\"height\"\r\n                                    begin=\"0.25s\" dur=\"1s\"\r\n                                    values=\"120;110;100;90;80;70;60;50;40;140;120\" calcMode=\"linear\"\r\n                                    repeatCount=\"indefinite\" \/>\r\n                                <animate attributeName=\"y\"\r\n                                    begin=\"0.25s\" dur=\"1s\"\r\n                                    values=\"10;15;20;25;30;35;40;45;50;0;10\" calcMode=\"linear\"\r\n                                    repeatCount=\"indefinite\" \/>\r\n                            <\/rect>\r\n                            <rect x=\"120\" y=\"10\" width=\"15\" height=\"120\" rx=\"6\">\r\n                                <animate attributeName=\"height\"\r\n                                    begin=\"0.5s\" dur=\"1s\"\r\n                                    values=\"120;110;100;90;80;70;60;50;40;140;120\" calcMode=\"linear\"\r\n                                    repeatCount=\"indefinite\" \/>\r\n                                <animate attributeName=\"y\"\r\n                                    begin=\"0.5s\" dur=\"1s\"\r\n                                    values=\"10;15;20;25;30;35;40;45;50;0;10\" calcMode=\"linear\"\r\n                                    repeatCount=\"indefinite\" \/>\r\n                            <\/rect>\r\n                        <\/svg>\r\n                    <\/span><\/button>\r\n                <\/div>\r\n            <\/div>\n\t\t\t\t<\/div>\n\t\t\t<\/div>Im Winter gehe ich nat\u00fcrlich weniger oft raus zum Malen &#8211; aber ich tu&#8217;s! Ich habe da mittlerweile M\u00f6glichkeiten gefunden, wie mir die [&hellip;]<\/p>\n","protected":false},"author":1,"featured_media":0,"parent":0,"menu_order":44,"comment_status":"closed","ping_status":"closed","template":"","meta":{"_et_pb_use_builder":"on","_et_pb_old_content":"","_et_gb_content_width":"","footnotes":""},"class_list":["post-366","page","type-page","status-publish","hentry"],"_links":{"self":[{"href":"https:\/\/yoruehmer.de\/home\/wp-json\/wp\/v2\/pages\/366","targetHints":{"allow":["GET"]}}],"collection":[{"href":"https:\/\/yoruehmer.de\/home\/wp-json\/wp\/v2\/pages"}],"about":[{"href":"https:\/\/yoruehmer.de\/home\/wp-json\/wp\/v2\/types\/page"}],"author":[{"embeddable":true,"href":"https:\/\/yoruehmer.de\/home\/wp-json\/wp\/v2\/users\/1"}],"replies":[{"embeddable":true,"href":"https:\/\/yoruehmer.de\/home\/wp-json\/wp\/v2\/comments?post=366"}],"version-history":[{"count":10,"href":"https:\/\/yoruehmer.de\/home\/wp-json\/wp\/v2\/pages\/366\/revisions"}],"predecessor-version":[{"id":7874,"href":"https:\/\/yoruehmer.de\/home\/wp-json\/wp\/v2\/pages\/366\/revisions\/7874"}],"wp:attachment":[{"href":"https:\/\/yoruehmer.de\/home\/wp-json\/wp\/v2\/media?parent=366"}],"curies":[{"name":"wp","href":"https:\/\/api.w.org\/{rel}","templated":true}]}}