{"id":1376,"date":"2020-04-24T18:37:43","date_gmt":"2020-04-24T16:37:43","guid":{"rendered":"http:\/\/pleinairmalerei.yoruehmer.de\/wordpress\/?page_id=1376"},"modified":"2021-02-12T19:26:50","modified_gmt":"2021-02-12T18:26:50","slug":"veroeffentlichungen-illustration","status":"publish","type":"page","link":"https:\/\/yoruehmer.de\/home\/illustration\/veroeffentlichungen-illustration\/","title":{"rendered":"Ver\u00f6ffentlichungen"},"content":{"rendered":"<p>[et_pb_section fb_built=&#8221;1&#8243; custom_padding_last_edited=&#8221;on|desktop&#8221; disabled_on=&#8221;off|off|off&#8221; admin_label=&#8221;Header illustration&#8221; _builder_version=&#8221;4.4.8&#8243; custom_margin=&#8221;||||false|false&#8221; custom_margin_tablet=&#8221;-80px||||false|false&#8221; custom_margin_phone=&#8221;-50px||||false|false&#8221; custom_margin_last_edited=&#8221;on|phone&#8221; custom_padding=&#8221;||||false|false&#8221; custom_padding_tablet=&#8221;&#8221; custom_padding_phone=&#8221;&#8221; global_module=&#8221;1379&#8243; saved_tabs=&#8221;all&#8221;][et_pb_row _builder_version=&#8221;4.3.4&#8243; custom_margin=&#8221;||-100px||false|false&#8221;][et_pb_column type=&#8221;4_4&#8243; _builder_version=&#8221;4.3.4&#8243;][et_pb_image src=&#8221;http:\/\/yoruehmer.de\/wp-content\/uploads\/2020\/04\/Stift.jpg&#8221; url=&#8221;@ET-DC@eyJkeW5hbWljIjp0cnVlLCJjb250ZW50IjoicG9zdF9saW5rX3VybF9wYWdlIiwic2V0dGluZ3MiOnsicG9zdF9pZCI6IjIxIn19@&#8221; show_bottom_space=&#8221;off&#8221; align=&#8221;center&#8221; force_fullwidth=&#8221;on&#8221; admin_label=&#8221;Stift&#8221; _builder_version=&#8221;4.3.4&#8243; _dynamic_attributes=&#8221;url&#8221;][\/et_pb_image][et_pb_menu menu_id=&#8221;5&#8243; active_link_color=&#8221;#6b6b6b&#8221; admin_label=&#8221;Hauptmen\u00fc Illustration&#8221; _builder_version=&#8221;4.3.4&#8243; menu_font=&#8221;|600|||||||&#8221; menu_text_color=&#8221;#e09900&#8243; text_orientation=&#8221;right&#8221;][\/et_pb_menu][\/et_pb_column][\/et_pb_row][\/et_pb_section][et_pb_section fb_built=&#8221;1&#8243; _builder_version=&#8221;4.3.4&#8243;][et_pb_row _builder_version=&#8221;4.3.4&#8243; custom_margin_tablet=&#8221;-50px||||false|false&#8221; custom_margin_phone=&#8221;-50px||||false|false&#8221; custom_margin_last_edited=&#8221;on|phone&#8221;][et_pb_column type=&#8221;4_4&#8243; _builder_version=&#8221;4.3.4&#8243;][et_pb_text _builder_version=&#8221;4.3.4&#8243;]<\/p>\n<h1>Ver\u00f6ffentlichungen<\/h1>\n<p>[\/et_pb_text][\/et_pb_column][\/et_pb_row][\/et_pb_section][et_pb_section fb_built=&#8221;1&#8243; specialty=&#8221;on&#8221; padding_top_bottom_link_1=&#8221;false&#8221; padding_left_right_link_1=&#8221;false&#8221; padding_top_1=&#8221;0px&#8221; _builder_version=&#8221;4.3.4&#8243; custom_margin=&#8221;-100px||||false|false&#8221; custom_margin_tablet=&#8221;-150px||||false|false&#8221; custom_margin_phone=&#8221;-150px||||false|false&#8221; custom_margin_last_edited=&#8221;on|phone&#8221;][et_pb_column type=&#8221;2_3&#8243; specialty_columns=&#8221;2&#8243; _builder_version=&#8221;3.25&#8243; custom_padding=&#8221;|||&#8221; custom_padding__hover=&#8221;|||&#8221;][et_pb_row_inner column_structure=&#8221;1_2,1_2&#8243; _builder_version=&#8221;4.3.4&#8243;][et_pb_column_inner type=&#8221;1_2&#8243; saved_specialty_column_type=&#8221;2_3&#8243; _builder_version=&#8221;4.3.4&#8243;][et_pb_image src=&#8221;http:\/\/yoruehmer.de\/wp-content\/uploads\/2020\/04\/Hummeling_Cover.jpg&#8221; url=&#8221;https:\/\/neunmalklug-verlag.de\/das-hummeling\/&#8221; url_new_window=&#8221;on&#8221; _builder_version=&#8221;4.3.4&#8243;][\/et_pb_image][et_pb_image src=&#8221;http:\/\/yoruehmer.de\/wp-content\/uploads\/2020\/04\/Pappbilderbuch_Wiese_Cover.jpg&#8221; url=&#8221;https:\/\/neunmalklug-verlag.de\/shop\/buecher\/0-3-jahre\/komm-wir-gehen-naeher-ran-die-blumenwiese\/&#8221; url_new_window=&#8221;on&#8221; _builder_version=&#8221;4.3.4&#8243;][\/et_pb_image][et_pb_image src=&#8221;http:\/\/yoruehmer.de\/wp-content\/uploads\/2020\/04\/Pappbilderbuch_Meer_Cover.jpg&#8221; url=&#8221;https:\/\/neunmalklug-verlag.de\/shop\/buecher\/0-3-jahre\/komm-wir-gehen-naeher-ran-das-meer\/&#8221; url_new_window=&#8221;on&#8221; _builder_version=&#8221;4.3.4&#8243;][\/et_pb_image][et_pb_image src=&#8221;http:\/\/yoruehmer.de\/wp-content\/uploads\/2020\/04\/LolaCover.jpg&#8221; url=&#8221;https:\/\/www.cornelsen.de\/reihen\/einsterns-schwester-360002330000&#8243; url_new_window=&#8221;on&#8221; _builder_version=&#8221;4.3.4&#8243;][\/et_pb_image][et_pb_image src=&#8221;http:\/\/yoruehmer.de\/wp-content\/uploads\/2020\/04\/Freunde_Album.jpg&#8221; url=&#8221;https:\/\/www.buecher.de\/shop\/buecher\/mein-tierisch-starkes-freundealbum-mit-emily&#8211;eddie\/gebundenes-buch\/products_products\/detail\/prod_id\/44035935\/&#8221; url_new_window=&#8221;on&#8221; _builder_version=&#8221;4.3.4&#8243;][\/et_pb_image][et_pb_image src=&#8221;http:\/\/yoruehmer.de\/wp-content\/uploads\/2020\/04\/Tr\u00e4umsch\u00f6nCover.jpg&#8221; url=&#8221;https:\/\/www.arsedition.de\/produkte\/detail\/produkt\/traeum-schoen-bald-ist-weihnachten-24-einschlafgeschichten-zum-aufschneiden-7531\/&#8221; url_new_window=&#8221;on&#8221; _builder_version=&#8221;4.3.4&#8243;][\/et_pb_image][et_pb_image src=&#8221;http:\/\/yoruehmer.de\/wp-content\/uploads\/2020\/04\/Schulstartheft.jpg&#8221; url=&#8221;http:\/\/mein%20erstes%20Schuljahr%20Pattloch&#8221; url_new_window=&#8221;on&#8221; _builder_version=&#8221;4.3.4&#8243;][\/et_pb_image][et_pb_image src=&#8221;http:\/\/yoruehmer.de\/wp-content\/uploads\/2020\/04\/EinsernLola_Cover.jpg&#8221; url=&#8221;https:\/\/www.amazon.de\/Mein-erstes-Schuljahr-Eintragalbum-Einstern\/dp\/B01N64AQYI\/ref=pd_bxgy_img_2\/261-4877911-3132202?_encoding=UTF8&#038;pd_rd_i=B01N64AQYI&#038;pd_rd_r=b66694f4-edbb-4186-bb15-abf543808799&#038;pd_rd_w=1FrQC&#038;pd_rd_wg=78ooI&#038;pf_rd_p=334c2d1b-2e55-4bd9-b8d2-dcecf26eb7db&#038;pf_rd_r=VKDHPZH88N8NCY298TH0&#038;psc=1&#038;refRID=VKDHPZH88N8NCY298TH0&#8243; url_new_window=&#8221;on&#8221; _builder_version=&#8221;4.3.4&#8243;][\/et_pb_image][et_pb_image src=&#8221;http:\/\/yoruehmer.de\/wp-content\/uploads\/2020\/04\/Fleigen_Cover.jpg&#8221; url_new_window=&#8221;on&#8221; _builder_version=&#8221;4.3.4&#8243;][\/et_pb_image][et_pb_image src=&#8221;http:\/\/yoruehmer.de\/wp-content\/uploads\/2020\/04\/RavensburgerSpiel.jpg&#8221; url_new_window=&#8221;on&#8221; _builder_version=&#8221;4.3.4&#8243;][\/et_pb_image][\/et_pb_column_inner][et_pb_column_inner type=&#8221;1_2&#8243; saved_specialty_column_type=&#8221;2_3&#8243; _builder_version=&#8221;4.3.4&#8243;][et_pb_image src=&#8221;http:\/\/yoruehmer.de\/wp-content\/uploads\/2020\/04\/Kuh_Cover.jpg&#8221; url=&#8221;https:\/\/neunmalklug-verlag.de\/shop\/buecher\/die-kuh-ruft-muuuh\/&#8221; url_new_window=&#8221;on&#8221; _builder_version=&#8221;4.3.4&#8243;][\/et_pb_image][et_pb_image src=&#8221;http:\/\/yoruehmer.de\/wp-content\/uploads\/2020\/04\/Pappbilderbuch_Apfelbaum_Cover.jpg&#8221; url=&#8221;https:\/\/neunmalklug-verlag.de\/shop\/buecher\/0-3-jahre\/komm-wir-gehen-naeher-ran-der-apfelbaum\/&#8221; url_new_window=&#8221;on&#8221; _builder_version=&#8221;4.3.4&#8243;][\/et_pb_image][et_pb_image src=&#8221;http:\/\/yoruehmer.de\/wp-content\/uploads\/2020\/04\/Wald_Pappblderbuch_Cover.jpg&#8221; url=&#8221;https:\/\/neunmalklug-verlag.de\/shop\/buecher\/0-3-jahre\/komm-wir-gehen-naeher-ran-der-winterwald\/&#8221; url_new_window=&#8221;on&#8221; _builder_version=&#8221;4.3.4&#8243;][\/et_pb_image][et_pb_image src=&#8221;http:\/\/yoruehmer.de\/wp-content\/uploads\/2020\/04\/EinsternCover1.jpg&#8221; url=&#8221;https:\/\/www.cornelsen.de\/suche?query=Einstern&#8221; url_new_window=&#8221;on&#8221; _builder_version=&#8221;4.3.4&#8243;][\/et_pb_image][et_pb_image src=&#8221;http:\/\/yoruehmer.de\/wp-content\/uploads\/2020\/04\/SchustartheftCover.jpg&#8221; url=&#8221;https:\/\/www.amazon.de\/dp\/3629141714?tag=im01-21&#038;linkCode=osi&#038;th=1&#038;psc=1&#8243; url_new_window=&#8221;on&#8221; _builder_version=&#8221;4.3.4&#8243;][\/et_pb_image][et_pb_image src=&#8221;http:\/\/yoruehmer.de\/wp-content\/uploads\/2020\/04\/PrinzessinCover.jpg&#8221; url=&#8221;https:\/\/www.adventman.de\/bald-ist-weihnachten-prinzessin\/&#8221; url_new_window=&#8221;on&#8221; _builder_version=&#8221;4.3.4&#8243;][\/et_pb_image][et_pb_image src=&#8221;http:\/\/yoruehmer.de\/wp-content\/uploads\/2020\/04\/EinsernLola_Album.jpg&#8221; url=&#8221;https:\/\/www.amazon.de\/Mein-Freunde-Album-mit-Einstern-Lola\/dp\/B01MSMJ671\/ref=sr_1_1?__mk_de_DE=%C3%85M%C3%85%C5%BD%C3%95%C3%91&#038;dchild=1&#038;keywords=Einstern+Lola+Freunde+Album&#038;qid=1588160975&#038;s=books&#038;sr=1-1&#8243; url_new_window=&#8221;on&#8221; _builder_version=&#8221;4.3.4&#8243;][\/et_pb_image][et_pb_image src=&#8221;http:\/\/yoruehmer.de\/wp-content\/uploads\/2020\/04\/echte_Kerle_Kinderbuch_Cover.jpg&#8221; url=&#8221;https:\/\/www.amazon.de\/dp\/3937138048?tag=lovelybooks-rdetail-21&#8243; url_new_window=&#8221;on&#8221; _builder_version=&#8221;4.3.4&#8243;][\/et_pb_image][et_pb_image src=&#8221;http:\/\/yoruehmer.de\/wp-content\/uploads\/2020\/04\/Ratemal_-Cover.jpg&#8221; url_new_window=&#8221;on&#8221; _builder_version=&#8221;4.3.4&#8243;][\/et_pb_image][et_pb_image url=&#8221;https:\/\/www.amazon.de\/dp\/3629141714?tag=im01-21&#038;linkCode=osi&#038;th=1&#038;psc=1&#8243; url_new_window=&#8221;on&#8221; _builder_version=&#8221;4.3.4&#8243;][\/et_pb_image][\/et_pb_column_inner][\/et_pb_row_inner][\/et_pb_column][et_pb_column type=&#8221;1_3&#8243; _builder_version=&#8221;3.25&#8243; custom_padding=&#8221;|||&#8221; custom_padding__hover=&#8221;|||&#8221;][et_pb_text _builder_version=&#8221;4.8.2&#8243; hover_enabled=&#8221;0&#8243; sticky_enabled=&#8221;0&#8243;]<\/p>\n<h5>Ars Edition<\/h5>\n<p>&#8220;24 Schutzengel f\u00fcr Dich&#8221;<br \/>\nAdventskalender zum Aufstellen 2019<br \/>\n&#8220;kleine Schutzengelbox&#8221; 2018<br \/>\n&#8220;Bald ist Weihnachten, Prinzessin&#8221;<br \/>\n24 Adventsgeschichten zum Aufschneiden 2017<br \/>\n&#8220;Tr\u00e4um sch\u00f6n, bald ist Weihnachten!&#8221;<br \/>\n24 Adventsgeschichten zum Aufschneiden 2017<\/p>\n<p>&nbsp;<\/p>\n<h5>neunmalklugverlag<\/h5>\n<p>&#8220;Das Hummeling&#8221; 2020<br \/>\n&#8220;Die Kuh ruft Muuuh!&#8221; 2018<br \/>\n&#8220;Komm wir gehen n\u00e4her ran. Die Wiese&#8221; 2016<br \/>\n&#8220;Komm wir gehen n\u00e4her ran. Der Wald&#8221; 2016<br \/>\n&#8220;Komm wir gehen n\u00e4her ran. Das Meer&#8221; 2015<br \/>\n&#8220;Komm wir gehen n\u00e4her ran. Der Apfelbaum&#8221; 2015<\/p>\n<p>&nbsp;<\/p>\n<h5>Cornelsen<\/h5>\n<p>&#8220;Einstern&#8221; Rechenfibel<br \/>\nVorschule + 1.- 4. Klasse je 6 Themenhafte 2004-heute<br \/>\n&#8220;EInsterns Schwester&#8221; Erstlesen<br \/>\nVorschule + 1.- 4. Klasse je 6 Themenhafte 2007-heute<br \/>\n&#8220;Tinto&#8221; Arbeitsheft Schreiben + Buchstabenheft 2003<br \/>\n&#8220;Tinto &#8221; Arbeitsheft 1+2 2004<br \/>\nKindergarten-Abreisskalender 2009<br \/>\n&#8220;Physik&#8221;,&#8221; Chemie&#8221;,&#8221;Biologie&#8221; f\u00fcr 2-3 und 4-6 J\u00e4hrige 2010<\/p>\n<p>&nbsp;<\/p>\n<h5>DroemerKnaur \/ Pattloch Verlag<\/h5>\n<p>&#8220;Rate mal, wie sehr ich dich mag&#8221; 2006<br \/>\n&#8220;Ich flieg auf dich&#8221; 2007<br \/>\n&#8220;Reif f\u00fcr die Insel&#8221; 2007<br \/>\n&#8220;Das kleine Aufraffbuch&#8221; 2007<br \/>\n&#8220;Was sit los in meinem K\u00f6rper?&#8221; 2008<br \/>\n&#8220;Ich bin immer bei dir&#8221; 2009<br \/>\n&#8220;Trostspender&#8221; 2010<br \/>\n&#8220;Der Sorgenradierer&#8221; 2012<br \/>\n&#8220;Gl\u00fcckomin&#8221; 2012<br \/>\n&#8220;Loveyoufort&#8221;e 2013<br \/>\n&#8220;Antistressol..&#8221; Reihe 2007-2017<br \/>\n&#8220;Die Engeluhr&#8221; 2013<br \/>\nEddie+Emily Reihe:<br \/>\n&#8220;Aufstell-Lakender mit Eddie&#8221; 2014<br \/>\n&#8220;Stickerheft&#8221; 2014<br \/>\nEintragealbum 2013 und 2015<br \/>\nTageskalender 2013<br \/>\nSchulstartheft 2014<br \/>\nFreundealbum 2016<br \/>\nLizens Einstern und Lola:<br \/>\nEintrag-Album 2016<br \/>\nFreunde-Album 2016<em><\/em><\/p>\n<p>&nbsp;<\/p>\n<h5>Jung\u00d6sterreich<\/h5>\n<p>&#8220;Das kleine Volk&#8221; 2012-2014<br \/>\n&#8220;Lux&#8221; seit 2014 &#8211; heute<br \/>\nmonatl. erscheinende Kindezeitschrift und zus\u00e4tzlich 1x j\u00e4hrlich &#8220;Lux Plus&#8221; (Themenhefte f\u00fcr die Ferien)<\/p>\n<p>&nbsp;<\/p>\n<h5>Klett<\/h5>\n<p>&#8220;Genail Klick&#8221; Deutsch als Fremdsprache 2010-2020<\/p>\n<p>&nbsp;<\/p>\n<h5>Schroedel\/Diesterweg\/Westermann<\/h5>\n<p>&#8220;Nummer 1 in Deutsch&#8221; Texte \u00fcberarbeiten 2007<br \/>\n&#8220;Green Keystones&#8221; Englisch f\u00fcr Grundschule<br \/>\n1.-4- Klasse 2007\/20010<br \/>\n&#8220;Le Petit Pierre&#8221; Franz\u00f6sisch f\u00fcr Grundschule 2007<br \/>\n1.-4- Klasse 2007\/2010<\/p>\n<p>&nbsp;<\/p>\n<h5>Westermann Lernspiel<\/h5>\n<p>&#8220;bald bin ich ein Schulkind 1+2&#8221; bambino L\u00dcK 2011<br \/>\n&#8220;Die Verwandlung der Alphas&#8221; Buch+Brettspiel 2012<br \/>\n&#8220;Das Alpha F\u00fchlhaus&#8221;<br \/>\nLeselernhefte 1-4 2013<br \/>\nLesehefte 1-6 2015<br \/>\n&#8220;Die Alphas&#8221; bambino L\u00dcK 2016<\/p>\n<p>&nbsp;<\/p>\n<h5>DudenPaetec<\/h5>\n<p>&#8220;Duden&#8221; Sprachbuch 2 2011<br \/>\n&#8220;Duden&#8221; Sch\u00fclerband + Arbeitsheft 2004<\/p>\n<p>&nbsp;<\/p>\n<h5>Ravensburger Verlag<\/h5>\n<p>&#8220;Hier wohne ich&#8221;\u00a02011<\/p>\n<p>&nbsp;<\/p>\n<h5>Herder Verlag<\/h5>\n<p>&#8220;Bildungsarbeit praktisch&#8221;<br \/>\ndiv. B\u00e4nde 2006-2007<br \/>\n&#8220;Bibelmalblock&#8221; 2005<br \/>\n&#8220;Franz Frosch hat viele Fragen&#8221; 2009<\/p>\n<p>&nbsp;<\/p>\n<h5>Weltbildverlag<\/h5>\n<p>&#8220;Kein Tag ohne Anna&#8221; Erstlesebuch 2005<br \/>\nText: Henriette Wich<\/p>\n<p>&nbsp;<\/p>\n<h5>Andr\u00e9 Schulz Verlag<\/h5>\n<p>&#8220;Echte Kerle&#8221; Kinderbuch 2006<br \/>\nText: Andr\u00e9 Schulz<\/p>\n<p>&nbsp;<\/p>\n<h5>Piper Verlag<\/h5>\n<p>&#8220;\u00dcberleben ums Verrecken&#8221; Survivalbuch 2002<br \/>\nText: R\u00fcdiger Nehberg<br \/>\n&#8220;Der freie Flug des Adlers&#8221; 2003<br \/>\nText: Peter O&#8217;Connor<br \/>\n&#8220;Der hellste Tag&#8221; 2004<br \/>\nText: Peter O&#8217;Connor<\/p>\n<p>&nbsp;<\/p>\n<h5>KILLROY media<\/h5>\n<p>&#8220;Vom Tier, das noch keiner ganz gesehen hat&#8221; 2003<br \/>\nText: Yo R\u00fchmer<\/p>\n<p>&nbsp;<\/p>\n<h5>BUND Verlag<\/h5>\n<p>&#8220;Die kleine Betriebsratsbibliothek&#8221; 2006<br \/>\nText: Fricke\/Grimberg(Wolter)<\/p>\n<p>&nbsp;<\/p>\n<div class=\"et_pb_text_inner\">\n<div data-shortcode-id=\"1.1.1.0-1588106386210\" data-quickaccess-editable=\"yes\" class=\"et-fb-popover-tinymce\">\n<div class=\"mce-content-body\" contenteditable=\"true\">\n<h5>FES \/Damm+Bierbaum<\/h5>\n<p>Charakterentwicklung Fessie 2014<br \/>\nFessiemagazin (Quartal) 2014 bis heute<br \/>\ndiverse Illustrationen f\u00fcr Flyer, Weihnachstkarten etc<\/p>\n<h5><\/h5>\n<p>&nbsp;<\/p>\n<h5>Huth+Wenzel<\/h5>\n<p>Lotto Rubelllose Adventskalender 2016+2017<\/p>\n<p>&nbsp;<\/p>\n<h5>Main Kinzig Gas<\/h5>\n<p>Charakterentwicklung Otter 2016<\/p>\n<\/div>\n<\/div>\n<\/div>\n<p>[\/et_pb_text][\/et_pb_column][\/et_pb_section][et_pb_section fb_built=&#8221;1&#8243; _builder_version=&#8221;4.3.4&#8243;][et_pb_row column_structure=&#8221;1_2,1_2&#8243; _builder_version=&#8221;4.3.4&#8243;][et_pb_column type=&#8221;1_2&#8243; _builder_version=&#8221;4.3.4&#8243;][et_pb_button button_url=&#8221;@ET-DC@eyJkeW5hbWljIjp0cnVlLCJjb250ZW50IjoicG9zdF9saW5rX3VybF9wYWdlIiwic2V0dGluZ3MiOnsicG9zdF9pZCI6Ijg0In19@&#8221; button_text=&#8221;zur\u00fcck zum Portfolio&#8221; _builder_version=&#8221;4.3.4&#8243; _dynamic_attributes=&#8221;button_url&#8221; custom_button=&#8221;on&#8221; button_text_color=&#8221;#e09900&#8243; button_bg_color=&#8221;#ffffff&#8221; button_border_width=&#8221;0px&#8221; button_icon=&#8221;%%2%%&#8221; button_icon_color=&#8221;#e09900&#8243; button_icon_placement=&#8221;left&#8221; button_on_hover=&#8221;off&#8221;][\/et_pb_button][\/et_pb_column][et_pb_column type=&#8221;1_2&#8243; _builder_version=&#8221;4.3.4&#8243;][\/et_pb_column][\/et_pb_row][\/et_pb_section][et_pb_section fb_built=&#8221;1&#8243; _builder_version=&#8221;4.3.4&#8243; custom_margin=&#8221;8px||||false|false&#8221;][et_pb_row _builder_version=&#8221;4.3.4&#8243; custom_margin=&#8221;-100px||||false|false&#8221;][et_pb_column type=&#8221;4_4&#8243; _builder_version=&#8221;4.3.4&#8243;][et_pb_toggle title=&#8221;Mehr \u00fcber die Ver\u00f6ffentlichungen&#8221; open_toggle_text_color=&#8221;#e09900&#8243; open_toggle_background_color=&#8221;#ffffff&#8221; closed_toggle_background_color=&#8221;#ffffff&#8221; icon_color=&#8221;#e09900&#8243; _builder_version=&#8221;4.3.4&#8243; title_text_color=&#8221;#e09900&#8243; title_text_align=&#8221;left&#8221; closed_title_text_align=&#8221;left&#8221; text_orientation=&#8221;left&#8221; border_width_all=&#8221;0px&#8221;]<\/p>\n<p>Die Bilder zeigen nur eine Auswahl der bisher erschienenen B\u00fccher die ich illustrierte. Ich habe mich weitestgehend auf die aktuellsten Titel beschr\u00e4nkt und verlinke nach M\u00f6glichkeit auf die jeweiligen Verlagsseiten.<\/p>\n<p>[\/et_pb_toggle][\/et_pb_column][\/et_pb_row][\/et_pb_section]<\/p>\n","protected":false},"excerpt":{"rendered":"<p>Ver\u00f6ffentlichungenArs Edition &#8220;24 Schutzengel f\u00fcr Dich&#8221; Adventskalender zum Aufstellen 2019 &#8220;kleine Schutzengelbox&#8221; 2018 &#8220;Bald ist Weihnachten, Prinzessin&#8221; 24 Adventsgeschichten zum Aufschneiden 2017 &#8220;Tr\u00e4um sch\u00f6n, bald ist Weihnachten!&#8221; 24 Adventsgeschichten zum Aufschneiden 2017 &nbsp; neunmalklugverlag &#8220;Das Hummeling&#8221; 2020 &#8220;Die Kuh ruft Muuuh!&#8221; 2018 &#8220;Komm wir gehen n\u00e4her ran. Die Wiese&#8221; 2016 &#8220;Komm wir gehen n\u00e4her ran. [&hellip;]<\/p>\n","protected":false},"author":1,"featured_media":0,"parent":886,"menu_order":8,"comment_status":"closed","ping_status":"closed","template":"","meta":{"_et_pb_use_builder":"on","_et_pb_old_content":"","_et_gb_content_width":"","footnotes":""},"class_list":["post-1376","page","type-page","status-publish","hentry"],"_links":{"self":[{"href":"https:\/\/yoruehmer.de\/home\/wp-json\/wp\/v2\/pages\/1376","targetHints":{"allow":["GET"]}}],"collection":[{"href":"https:\/\/yoruehmer.de\/home\/wp-json\/wp\/v2\/pages"}],"about":[{"href":"https:\/\/yoruehmer.de\/home\/wp-json\/wp\/v2\/types\/page"}],"author":[{"embeddable":true,"href":"https:\/\/yoruehmer.de\/home\/wp-json\/wp\/v2\/users\/1"}],"replies":[{"embeddable":true,"href":"https:\/\/yoruehmer.de\/home\/wp-json\/wp\/v2\/comments?post=1376"}],"version-history":[{"count":34,"href":"https:\/\/yoruehmer.de\/home\/wp-json\/wp\/v2\/pages\/1376\/revisions"}],"predecessor-version":[{"id":3193,"href":"https:\/\/yoruehmer.de\/home\/wp-json\/wp\/v2\/pages\/1376\/revisions\/3193"}],"up":[{"embeddable":true,"href":"https:\/\/yoruehmer.de\/home\/wp-json\/wp\/v2\/pages\/886"}],"wp:attachment":[{"href":"https:\/\/yoruehmer.de\/home\/wp-json\/wp\/v2\/media?parent=1376"}],"curies":[{"name":"wp","href":"https:\/\/api.w.org\/{rel}","templated":true}]}}